{"id":2558,"date":"2021-02-15T16:12:44","date_gmt":"2021-02-15T15:12:44","guid":{"rendered":"https:\/\/www.astam.at\/?page_id=2558"},"modified":"2021-02-15T16:16:15","modified_gmt":"2021-02-15T15:16:15","slug":"ekb","status":"publish","type":"page","link":"https:\/\/www.astam.at\/en\/ekb\/","title":{"rendered":"EKB"},"content":{"rendered":"<div class=\"wpb-content-wrapper\"><p>[vc_section section_style=&#8221;shape-1&#8243; css=&#8221;.vc_custom_1582424751900{padding-top: 150px !important;background-color: #232323 !important;}&#8221;][vc_row content_placement=&#8221;bottom&#8221; css=&#8221;.vc_custom_1575014741811{margin-bottom: 35px !important;}&#8221;][vc_column width=&#8221;1\/2&#8243;][vc_custom_heading text=&#8221;Purchasing conditions&#8221; font_container=&#8221;tag:h2|font_size:40px|text_align:left|color:%23ffffff|line_height:44px&#8221; use_theme_fonts=&#8221;yes&#8221;][vc_empty_space height=&#8221;20px&#8221;][\/vc_column][vc_column width=&#8221;1\/12&#8243;][\/vc_column][vc_column width=&#8221;1\/3&#8243;][\/vc_column][vc_column width=&#8221;1\/12&#8243;][\/vc_column][\/vc_row][vc_row row_style=&#8221;shape-2&#8243; css=&#8221;.vc_custom_1582854190266{margin-right: 5% !important;padding-top: 12% !important;padding-bottom: 12% !important;background-image: url(https:\/\/www.astam.at\/wp-content\/uploads\/2020\/02\/bg-6.jpg?id=674) !important;background-position: center !important;background-repeat: no-repeat !important;background-size: cover !important;}&#8221;][vc_column][\/vc_column][\/vc_row][\/vc_section][vc_section css=&#8221;.vc_custom_1582337266966{padding-top: 80px !important;}&#8221;][vc_row content_placement=&#8221;middle&#8221; css=&#8221;.vc_custom_1582337282314{background-position: 0 0 !important;background-repeat: no-repeat !important;}&#8221;][vc_column width=&#8221;1\/6&#8243;][\/vc_column][vc_column width=&#8221;2\/3&#8243;][vc_custom_heading text=&#8221;<strong>Allgemeine Einkaufsbedingungen<\/strong>&#8221; font_container=&#8221;tag:h2|font_size:64px|text_align:left|line_height:64px&#8221; use_theme_fonts=&#8221;yes&#8221;][vc_empty_space height=&#8221;15px&#8221;][vc_custom_heading text=&#8221;der ASTAM Ges.m.b.H&#8221; font_container=&#8221;tag:p|font_size:21px|text_align:left|color:%237f7f7f|line_height:26px&#8221; use_theme_fonts=&#8221;yes&#8221;][vc_empty_space height=&#8221;15px&#8221;][vc_column_text]<\/p>\n<p align=\"justify\"><strong>1)<\/strong><br \/>\nNur schriftliche Bestellungen haben G\u00fcltigkeit. Die Bestellungsannahme ist umgehend schriftlich zu best\u00e4tigen. Erfolgt innerhalb 10 Tagen ab Bestellung keine Auftragsbest\u00e4tigung, so betrachten wir die Lieferung als vom Lieferer \u00fcbereinstimmend angenommen. Abweichungen von unserer Bestellung, insbesondere durch \u00dcbersendung anderslautender Verkaufsbedingungen bed\u00fcrfen zur gegenseitigen Rechtswirksamkeit ausdr\u00fccklich unserer schriftlichen Anerkennung. M\u00fcndliche Bestellungen sind als Bestellvoranzeige zu betrachten und d\u00fcrfen nur mit Angabe unserer Bestell-Nummer entgegengenommen werden.<\/p>\n<p align=\"justify\"><strong>2)<\/strong><br \/>\nBeigestellte Zeichnungen, Muster und sonstige Unterlagen sind stets mit dem Bestelltext zu vergleichen. Werden Unstimmigkeiten nicht sp\u00e4testens mit der Auftragsbest\u00e4tigung angezeigt sind Sie vom Lieferer zu vertreten. Zeichnungen sind unser alleiniges geistiges Eigentum und d\u00fcrfen nur f\u00fcr den vereinbarten Zweck verwendet und nicht an Dritte weitergegeben werden.<\/p>\n<p align=\"justify\"><strong>3)<\/strong><br \/>\nDie Lieferung hat stets p\u00fcnktlich und zu den in der Bestellung festgelegten Terminen zu erfolgen. Verfr\u00fchte Lieferungen sind unzul\u00e4ssig. Genehmigte verfr\u00fchte Lieferungen berechtigen nicht zur vorzeitigen Rechnungslegung. Teillieferungen bed\u00fcrfen unserer ausdr\u00fccklichen Genehmigung. Die Lieferverpflichtung gilt nur bei vollst\u00e4ndiger kompletter Lieferung, sowie Vorliegen aller verlangten Dokumente (Atteste etc.) als erf\u00fcllt. Bei Nichteinhalten der Erf\u00fcllungszeit sind wir berechtigt eine Vertragsstrafe von 1% des Auftragswertes pro begonnenen Tag Terminverzug (max. 10%) in Abzug zu bringen. Es bleibt uns vorbehalten, dar\u00fcberhinaus Schadenersatz zu fordern. F\u00e4lle h\u00f6herer Gewalt bed\u00fcrfen der sofortigen Meldung und Best\u00e4tigung durch die zust\u00e4ndige Handelskammer.<\/p>\n<p align=\"justify\"><strong>4)<\/strong><br \/>\nDer Versand erfolgt zu den in der Bestellung angegebenen Lieferkonditionen. Bestehen keine Vereinbarungen, so sind die frachtg\u00fcnstigen Bef\u00f6rderungsarten und Transportwege zu w\u00e4hlen. Lieferadresse ist unser Firmensitz St. Andr\u00e4\/Lav. oder eine in unserer Bestellung vorgeschriebene Versandadresse. F\u00fcr Folgen unrichtiger Deklaration, Transportwahl und Tarifierung haftet der Lieferer.<\/p>\n<p align=\"justify\"><strong>5)<\/strong><br \/>\nWir machen eine sorgf\u00e4ltige und auf das Versandgut qualitativ abgestimmte Verpackung zur Bedingung. Es k\u00f6nnen alle gebr\u00e4uchlichen Packmittel wie Kisten, Paletten etc. verwendet werden, wenn dadurch zweckdienlich das Gut gegen Schaden, Verlust und Diebstahl w\u00e4hrend des Transports zur Ablagestelle gesch\u00fctzt wird. Sofern nicht ausdr\u00fccklich anders vereinbart, sind die Kosten der Verpackung und deren Entsorgung im Kaufpreis enthalten.<\/p>\n<p align=\"justify\"><strong>6)<\/strong><br \/>\nAuf allen Papieren ist unsere Bestellnummer anzuf\u00fchren. Lieferungen aus dem Ausland sind vor Abgang mittels Versandanzeige zu avisieren.<br \/>\nAllen Warensendungen sind beizuschlie\u00dfen: Frachtbrief, Lieferschein, bei Auslandssendungen zus\u00e4tzlich: Rechnung 3-fach, Warenverkehrsbescheinigung. Lieferungen mit unvollst\u00e4ndigen Papieren werden nicht bzw. nur mit Vorbehalt \u00fcbernommen. Daraus entstehende Unkosten wie Zollabgabe, Lagergeld, Aufwand f\u00fcr Recherchen usw. werden dem Lieferer voll angelastet.<\/p>\n<p align=\"justify\"><strong>7)<\/strong><br \/>\nDie \u00dcbernahme der Ware, sowie die Pr\u00fcfung von Menge und Zustand erfolgt im allgemeinen in unserem Werk nach deren Einlangen und ordnungsgem\u00e4\u00dfem Erhalt der Lieferpapiere. In Ausnahmef\u00e4llen werden besondere \u00dcbernahmebedingungen vereinbart. Beanstandungen von offenen M\u00e4ngel erfolgen innerhalb 30 Tagen. Verborgene M\u00e4ngel unterliegen keiner R\u00fcgefrist. Wir sind somit berechtigt, insbesondere solche M\u00e4ngel, welche sich erst bei bestimmungsm\u00e4\u00dfigem Gebrauch der Ware zeigen, zum Zeitpunkt deren Auftretens, geltend zu machen.<\/p>\n<p align=\"justify\"><strong>8)<\/strong><br \/>\nF\u00fcr einwandfreies Material, einwandfreie Ausf\u00fchrung, sowie vollst\u00e4ndige Erbringung der vereinbarten Leistung \u00fcbernimmt der Lieferer volle Gew\u00e4hrleistung. Wenn nicht anders vereinbart, betr\u00e4gt die Dauer der Garantiezeit 38 Monate ab \u00dcbernahme. Wir behalten uns vor, nicht entsprechende Lieferungen zur Verf\u00fcgung zu stellen und vom Vertrag zur\u00fcckzutreten bzw. Erf\u00fcllung der Gew\u00e4hrleistungspflicht zu fordern und kostenlosen Umtausch frei Verbrauchsstelle, oder kostenlose Instandsetzung am Einsatzort zu verlangen. Ist der Lieferer innerhalb einer gesetzten Frist nicht in der Lage, der Ware die vereinbarten Eigenschaften zu verleihen, sind wir ferner berechtigt, Nachbesserungen selbst durchzuf\u00fchren, oder durch Dritte auf Kosten des Lieferers durchf\u00fchren zu lassen. Weitere Gew\u00e4hrleistungsverpflichtungen des Lieferers werden durch diese Ma\u00dfnahmen nicht ber\u00fchrt. F\u00fcr nachgebesserte oder ausgetauschte Waren bzw. deren<\/p>\n<p align=\"justify\">Teile beginnt die Garantiedauer ab dem Datum einer erfolgreichen Instandsetzung.<br \/>\nBei Lieferung von Anlagen, Maschinen, Ger\u00e4te bzw. deren Teile zeigt sich der Lieferer f\u00fcr ausreichende Information des Auftraggebers \u00fcber Einschaltung und Betrieb, insbesondere der Kennzeichnung der Teile hinsichtlich zul\u00e4ssiger elektrischer Anschlu\u00dfwerte, Temperatur- und Druckbelastung etc. verpflichtet. Der Lieferer hat sich ferner \u00fcber alle Einzelheiten des Auftrages und der vorgesehenen Arbeiten unter eigener Verantwortung Klarheit zu verschaffen. Er hat sich alle f\u00fcr die Ausf\u00fchrung erforderlichen Unterlagen an Ort und Stelle zu besorgen. Fehler, die sich als Folge der Vernachl\u00e4ssigung dieser Pflichtdarstellung, gehen zu Lasten des Lieferers.<\/p>\n<p align=\"justify\"><strong>9)<\/strong><br \/>\nMehr- und Minderlieferungen sind ohne unsere Zustimmung unzul\u00e4ssig. Die in der Bestellung angegebenen Preise sind Festpreise, wenn nicht gegenteiliges schriftlich vereinbart wurde.<\/p>\n<p align=\"justify\"><strong>10)<\/strong><br \/>\nZahlungen leisten wir, wenn nicht anders vereinbart, nach Erhalt der vollst\u00e4ndigen Lieferung und der Rechnung innerhalb 21 Tage 3% Skonto bzw. 60 Tage netto Kassa. Zahlungsweise nach unserer Wahl. \u00dcberweisungsspesen unserer Hausbank tragen wir, alle anderen Spesen im Zusammenhang mit der Bezahlung einer Lieferung gehen zu Lasten des Lieferers. Bei Zahlungen durch Verrechnungsschecks gilt das Datum des Poststempels als Zahlungstag. Wir sind berechtigt alle Kosten die aus Verschulden des Lieferanten entstehen einzubehalten bzw. gegenzuverrechnen.<\/p>\n<p align=\"justify\"><strong>11)<\/strong><br \/>\nErf\u00fcllungsort f\u00fcr Lieferungen sind die in unseren Bestellungen vorgeschlagenen Firmen- oder Lieferadressen. Zahlungserf\u00fcllungsort ist in allen F\u00e4llen Wolfsberg und St. Andr\u00e4. F\u00fcr aus dem Vertragsverh\u00e4ltnis mittelbar oder unmittelbar entstehende Streitigkeiten wird als Gerichtsstand das sachlich zust\u00e4ndige Gericht in Wolfsberg &#8211; gem. \u00a7 104 JN vereinbart. F\u00fcr die vertraglichen Beziehungen ist ausschlie\u00dflich das \u00f6sterreichische Recht anwendbar.<\/p>\n<p>[\/vc_column_text][\/vc_column][vc_column width=&#8221;1\/6&#8243;][\/vc_column][\/vc_row][\/vc_section]<\/p>\n<\/div>","protected":false},"excerpt":{"rendered":"<p>[vc_section section_style=&#8221;shape-1&#8243; css=&#8221;.vc_custom_1582424751900{padding-top: 150px !important;background-color: #232323 !important;}&#8221;][vc_row content_placement=&#8221;bottom&#8221; css=&#8221;.vc_custom_1575014741811{margin-bottom: 35px !important;}&#8221;][vc_column width=&#8221;1\/2&#8243;][vc_custom_heading text=&#8221;Purchasing conditions&#8221; font_container=&#8221;tag:h2|font_size:40px|text_align:left|color:%23ffffff|line_height:44px&#8221; use_theme_fonts=&#8221;yes&#8221;][vc_empty_space height=&#8221;20px&#8221;][\/vc_column][vc_column width=&#8221;1\/12&#8243;][\/vc_column][vc_column width=&#8221;1\/3&#8243;][\/vc_column][vc_column width=&#8221;1\/12&#8243;][\/vc_column][\/vc_row][vc_row row_style=&#8221;shape-2&#8243; css=&#8221;.vc_custom_1582854190266{margin-right: 5% !important;padding-top: 12% !important;padding-bottom: 12% !important;background-image: url(https:\/\/www.astam.at\/wp-content\/uploads\/2020\/02\/bg-6.jpg?id=674) !important;background-position: center !important;background-repeat: no-repeat !important;background-size: cover !important;}&#8221;][vc_column][\/vc_column][\/vc_row][\/vc_section][vc_section css=&#8221;.vc_custom_1582337266966{padding-top: 80px !important;}&#8221;][vc_row content_placement=&#8221;middle&#8221; css=&#8221;.vc_custom_1582337282314{background-position: 0 0 !important;background-repeat: no-repeat !important;}&#8221;][vc_column width=&#8221;1\/6&#8243;][\/vc_column][vc_column width=&#8221;2\/3&#8243;][vc_custom_heading text=&#8221;Allgemeine Einkaufsbedingungen&#8221; font_container=&#8221;tag:h2|font_size:64px|text_align:left|line_height:64px&#8221; use_theme_fonts=&#8221;yes&#8221;][vc_empty_space height=&#8221;15px&#8221;][vc_custom_heading text=&#8221;der ASTAM [&hellip;]<\/p>\n","protected":false},"author":1,"featured_media":0,"parent":0,"menu_order":0,"comment_status":"closed","ping_status":"closed","template":"tmpl\/template-fullwidth.php","meta":{"_acf_changed":false,"inline_featured_image":false,"footnotes":""},"class_list":["post-2558","page","type-page","status-publish","hentry"],"acf":[],"yoast_head":"<!-- This site is optimized with the Yoast SEO plugin v27.5 - https:\/\/yoast.com\/product\/yoast-seo-wordpress\/ -->\n<title>EKB - ASTAM<\/title>\n<meta name=\"robots\" content=\"index, follow, max-snippet:-1, max-image-preview:large, max-video-preview:-1\" \/>\n<link rel=\"canonical\" href=\"https:\/\/www.astam.at\/en\/ekb\/\" \/>\n<meta property=\"og:locale\" content=\"en_US\" \/>\n<meta property=\"og:type\" content=\"article\" \/>\n<meta property=\"og:title\" content=\"EKB - ASTAM\" \/>\n<meta property=\"og:description\" content=\"[vc_section section_style=&#8221;shape-1&#8243; css=&#8221;.vc_custom_1582424751900{padding-top: 150px !important;background-color: #232323 !important;}&#8221;][vc_row content_placement=&#8221;bottom&#8221; css=&#8221;.vc_custom_1575014741811{margin-bottom: 35px !important;}&#8221;][vc_column width=&#8221;1\/2&#8243;][vc_custom_heading text=&#8221;Purchasing conditions&#8221; font_container=&#8221;tag:h2|font_size:40px|text_align:left|color:%23ffffff|line_height:44px&#8221; use_theme_fonts=&#8221;yes&#8221;][vc_empty_space height=&#8221;20px&#8221;][\/vc_column][vc_column width=&#8221;1\/12&#8243;][\/vc_column][vc_column width=&#8221;1\/3&#8243;][\/vc_column][vc_column width=&#8221;1\/12&#8243;][\/vc_column][\/vc_row][vc_row row_style=&#8221;shape-2&#8243; css=&#8221;.vc_custom_1582854190266{margin-right: 5% !important;padding-top: 12% !important;padding-bottom: 12% !important;background-image: url(https:\/\/www.astam.at\/wp-content\/uploads\/2020\/02\/bg-6.jpg?id=674) !important;background-position: center !important;background-repeat: no-repeat !important;background-size: cover !important;}&#8221;][vc_column][\/vc_column][\/vc_row][\/vc_section][vc_section css=&#8221;.vc_custom_1582337266966{padding-top: 80px !important;}&#8221;][vc_row content_placement=&#8221;middle&#8221; css=&#8221;.vc_custom_1582337282314{background-position: 0 0 !important;background-repeat: no-repeat !important;}&#8221;][vc_column width=&#8221;1\/6&#8243;][\/vc_column][vc_column width=&#8221;2\/3&#8243;][vc_custom_heading text=&#8221;Allgemeine Einkaufsbedingungen&#8221; font_container=&#8221;tag:h2|font_size:64px|text_align:left|line_height:64px&#8221; use_theme_fonts=&#8221;yes&#8221;][vc_empty_space height=&#8221;15px&#8221;][vc_custom_heading text=&#8221;der ASTAM [&hellip;]\" \/>\n<meta property=\"og:url\" content=\"https:\/\/www.astam.at\/en\/ekb\/\" \/>\n<meta property=\"og:site_name\" content=\"ASTAM\" \/>\n<meta property=\"article:publisher\" content=\"https:\/\/www.facebook.com\/pg\/ASTAM-Gmbh-572405462791301\/posts\/\" \/>\n<meta property=\"article:modified_time\" content=\"2021-02-15T15:16:15+00:00\" \/>\n<meta name=\"twitter:card\" content=\"summary_large_image\" \/>\n<meta name=\"twitter:label1\" content=\"Est. reading time\" \/>\n\t<meta name=\"twitter:data1\" content=\"5 minutes\" \/>\n<!-- \/ Yoast SEO plugin. -->","yoast_head_json":{"title":"EKB - ASTAM","robots":{"index":"index","follow":"follow","max-snippet":"max-snippet:-1","max-image-preview":"max-image-preview:large","max-video-preview":"max-video-preview:-1"},"canonical":"https:\/\/www.astam.at\/en\/ekb\/","og_locale":"en_US","og_type":"article","og_title":"EKB - ASTAM","og_description":"[vc_section section_style=&#8221;shape-1&#8243; css=&#8221;.vc_custom_1582424751900{padding-top: 150px !important;background-color: #232323 !important;}&#8221;][vc_row content_placement=&#8221;bottom&#8221; css=&#8221;.vc_custom_1575014741811{margin-bottom: 35px !important;}&#8221;][vc_column width=&#8221;1\/2&#8243;][vc_custom_heading text=&#8221;Purchasing conditions&#8221; font_container=&#8221;tag:h2|font_size:40px|text_align:left|color:%23ffffff|line_height:44px&#8221; use_theme_fonts=&#8221;yes&#8221;][vc_empty_space height=&#8221;20px&#8221;][\/vc_column][vc_column width=&#8221;1\/12&#8243;][\/vc_column][vc_column width=&#8221;1\/3&#8243;][\/vc_column][vc_column width=&#8221;1\/12&#8243;][\/vc_column][\/vc_row][vc_row row_style=&#8221;shape-2&#8243; css=&#8221;.vc_custom_1582854190266{margin-right: 5% !important;padding-top: 12% !important;padding-bottom: 12% !important;background-image: url(https:\/\/www.astam.at\/wp-content\/uploads\/2020\/02\/bg-6.jpg?id=674) !important;background-position: center !important;background-repeat: no-repeat !important;background-size: cover !important;}&#8221;][vc_column][\/vc_column][\/vc_row][\/vc_section][vc_section css=&#8221;.vc_custom_1582337266966{padding-top: 80px !important;}&#8221;][vc_row content_placement=&#8221;middle&#8221; css=&#8221;.vc_custom_1582337282314{background-position: 0 0 !important;background-repeat: no-repeat !important;}&#8221;][vc_column width=&#8221;1\/6&#8243;][\/vc_column][vc_column width=&#8221;2\/3&#8243;][vc_custom_heading text=&#8221;Allgemeine Einkaufsbedingungen&#8221; font_container=&#8221;tag:h2|font_size:64px|text_align:left|line_height:64px&#8221; use_theme_fonts=&#8221;yes&#8221;][vc_empty_space height=&#8221;15px&#8221;][vc_custom_heading text=&#8221;der ASTAM [&hellip;]","og_url":"https:\/\/www.astam.at\/en\/ekb\/","og_site_name":"ASTAM","article_publisher":"https:\/\/www.facebook.com\/pg\/ASTAM-Gmbh-572405462791301\/posts\/","article_modified_time":"2021-02-15T15:16:15+00:00","twitter_card":"summary_large_image","twitter_misc":{"Est. reading time":"5 minutes"},"schema":{"@context":"https:\/\/schema.org","@graph":[{"@type":"WebPage","@id":"https:\/\/www.astam.at\/en\/ekb\/","url":"https:\/\/www.astam.at\/en\/ekb\/","name":"EKB - ASTAM","isPartOf":{"@id":"https:\/\/www.astam.at\/en\/#website"},"datePublished":"2021-02-15T15:12:44+00:00","dateModified":"2021-02-15T15:16:15+00:00","breadcrumb":{"@id":"https:\/\/www.astam.at\/en\/ekb\/#breadcrumb"},"inLanguage":"en-US","potentialAction":[{"@type":"ReadAction","target":["https:\/\/www.astam.at\/en\/ekb\/"]}]},{"@type":"BreadcrumbList","@id":"https:\/\/www.astam.at\/en\/ekb\/#breadcrumb","itemListElement":[{"@type":"ListItem","position":1,"name":"Startseite","item":"https:\/\/www.astam.at\/en\/"},{"@type":"ListItem","position":2,"name":"EKB"}]},{"@type":"WebSite","@id":"https:\/\/www.astam.at\/en\/#website","url":"https:\/\/www.astam.at\/en\/","name":"ASTAM","description":"Maschinen- Stahl und Anlagenbau, Krananlagen","publisher":{"@id":"https:\/\/www.astam.at\/en\/#organization"},"potentialAction":[{"@type":"SearchAction","target":{"@type":"EntryPoint","urlTemplate":"https:\/\/www.astam.at\/en\/?s={search_term_string}"},"query-input":{"@type":"PropertyValueSpecification","valueRequired":true,"valueName":"search_term_string"}}],"inLanguage":"en-US"},{"@type":"Organization","@id":"https:\/\/www.astam.at\/en\/#organization","name":"ASTAM Allgemeine Stahl-, Anlagen- und Maschinenbau Ges.m.b.H.","url":"https:\/\/www.astam.at\/en\/","logo":{"@type":"ImageObject","inLanguage":"en-US","@id":"https:\/\/www.astam.at\/en\/#\/schema\/logo\/image\/","url":"https:\/\/www.astam.at\/wp-content\/uploads\/2020\/07\/astam_logo_freigestellt.png","contentUrl":"https:\/\/www.astam.at\/wp-content\/uploads\/2020\/07\/astam_logo_freigestellt.png","width":2318,"height":329,"caption":"ASTAM Allgemeine Stahl-, Anlagen- und Maschinenbau Ges.m.b.H."},"image":{"@id":"https:\/\/www.astam.at\/en\/#\/schema\/logo\/image\/"},"sameAs":["https:\/\/www.facebook.com\/pg\/ASTAM-Gmbh-572405462791301\/posts\/"]}]}},"_links":{"self":[{"href":"https:\/\/www.astam.at\/en\/wp-json\/wp\/v2\/pages\/2558","targetHints":{"allow":["GET"]}}],"collection":[{"href":"https:\/\/www.astam.at\/en\/wp-json\/wp\/v2\/pages"}],"about":[{"href":"https:\/\/www.astam.at\/en\/wp-json\/wp\/v2\/types\/page"}],"author":[{"embeddable":true,"href":"https:\/\/www.astam.at\/en\/wp-json\/wp\/v2\/users\/1"}],"replies":[{"embeddable":true,"href":"https:\/\/www.astam.at\/en\/wp-json\/wp\/v2\/comments?post=2558"}],"version-history":[{"count":4,"href":"https:\/\/www.astam.at\/en\/wp-json\/wp\/v2\/pages\/2558\/revisions"}],"predecessor-version":[{"id":2569,"href":"https:\/\/www.astam.at\/en\/wp-json\/wp\/v2\/pages\/2558\/revisions\/2569"}],"wp:attachment":[{"href":"https:\/\/www.astam.at\/en\/wp-json\/wp\/v2\/media?parent=2558"}],"curies":[{"name":"wp","href":"https:\/\/api.w.org\/{rel}","templated":true}]}}