{"id":29,"date":"2019-01-16T13:01:55","date_gmt":"2019-01-16T12:01:55","guid":{"rendered":"https:\/\/woocommercecore.mystagingwebsite.com\/product\/wordpress-pennant\/"},"modified":"2022-09-27T10:51:15","modified_gmt":"2022-09-27T08:51:15","slug":"eintraegerlaufkrane","status":"publish","type":"product","link":"https:\/\/www.astam.at\/en\/leistungen\/krananlagen\/abus\/krane\/laufkrane\/eintraegerlaufkrane\/","title":{"rendered":"Eintr\u00e4gerlaufkrane"},"content":{"rendered":"<p><strong>Auf einen Blick<\/strong><\/p>\n<ul>\n<li>Tragf\u00e4higkeit bis <span class=\"nowrap\">16 t<\/span><\/li>\n<li>Spannweite bis <span class=\"nowrap\">39 m<\/span> (je nach Tragf\u00e4higkeit)<\/li>\n<li>Optimale Anpassung an r\u00e4umliche Gegebenheiten durch unterschiedliche Anschlussvarianten<\/li>\n<li>Maximal hohe Hakenstellung realisierbar<\/li>\n<li>Optional mit intelligenten Funktionen mit der Kransteuerung\u00a0<a tabindex=\"-1\" href=\"https:\/\/www.abus-kran.at\/abucontrol\" target=\"_blank\" rel=\"noopener\">ABUControl<\/a><\/li>\n<\/ul>\n<hr \/>\n<p>Der <strong>ABUS Eintr\u00e4gerlaufkran<\/strong> \u2013 unser flexibler Kran f\u00fcr fast jeden Anwendungsfall. Mit ihm lassen sich auch in niedrigen Hallen rationelle Materialflussl\u00f6sungen mit Tragf\u00e4higkeiten bis zu <span class=\"nowrap\">16 t<\/span> und Spannweiten bis zu <span class=\"nowrap\">39 m<\/span> realisieren. Da f\u00fcr Eintr\u00e4gerlaufkrane in diesem Lastbereich in der Regel kein Sicherheitsabstand zur Geb\u00e4udedecke vorgeschrieben ist, k\u00f6nnen auf diese Weise die r\u00e4umlichen Gegebenheiten optimal genutzt und Kosten f\u00fcr zus\u00e4tzliche Hallenh\u00f6he eingespart werden.<\/p>\n<p>Die ABUS Eintr\u00e4gerlaufkrane werden mit unterschiedlichen Einbauvarianten den jeweiligen Raum- und Platzverh\u00e4ltnissen angepasst. Sie erzielen durch ihre g\u00fcnstigen Bauma\u00dfe optimal h\u00f6chste Hakenstellungen. F\u00fcr die Neubauplanung ist die Einbauvariante 3 die optimale L\u00f6sung, da hier die kleinsten Katzanfahrma\u00dfe erreicht werden k\u00f6nnen. Kommt es auf die Hubh\u00f6he an, ist der ABUS Eintr\u00e4gerlaufkran ELS mit Seitenlaufkatze die richtige Wahl.<\/p>\n<p>Auch bei Sonderl\u00f6sungen ist der Eintr\u00e4gerlaufkran eine gute Wahl: Das ABUS\u00a0Zubeh\u00f6rprogramm\u00a0bietet viele spezielle Zusatzausstattungen, mit denen wir Ihren Anforderungen gerecht werden.<\/p>\n<p>Als Krantr\u00e4ger dienen beim ABUS Eintr\u00e4gerlaufkran ELV robuste Profiltr\u00e4ger, bei den ABUS Eintr\u00e4gerlaufkranen ELK und ELS torsionssteife, geschwei\u00dfte Kastentr\u00e4ger.<\/p>\n","protected":false},"excerpt":{"rendered":"<p>Der <strong>ABUS Eintr\u00e4gerlaufkran<\/strong> \u2013 unser flexibler Kran f\u00fcr fast jeden Anwendungsfall. Mit ihm lassen sich auch in niedrigen Hallen rationelle Materialflussl\u00f6sungen mit <strong>Tragf\u00e4higkeiten bis zu 16 t<\/strong> und Spannweiten bis zu 39 m realisieren.<\/p>\n","protected":false},"featured_media":2859,"template":"","meta":{"_acf_changed":false,"inline_featured_image":false},"product_brand":[],"product_cat":[112],"product_tag":[],"class_list":{"0":"post-29","1":"product","2":"type-product","3":"status-publish","4":"has-post-thumbnail","6":"product_cat-laufkrane","8":"first","9":"instock","10":"shipping-taxable","11":"product-type-simple"},"acf":[],"yoast_head":"<!-- This site is optimized with the Yoast SEO plugin v27.5 - https:\/\/yoast.com\/product\/yoast-seo-wordpress\/ -->\n<title>ABUS Eintr\u00e4gerlaufkrane - ASTAM<\/title>\n<meta name=\"description\" content=\"Unser flexibler Kran f\u00fcr fast jeden Anwendungsfall. Mit ihm lassen sich auch in niedrigen Hallen mit Tragf\u00e4higkeiten bis zu 16t und Spannweiten bis zu 39m realisieren.\" \/>\n<meta name=\"robots\" content=\"index, follow, max-snippet:-1, max-image-preview:large, max-video-preview:-1\" \/>\n<link rel=\"canonical\" href=\"https:\/\/www.astam.at\/en\/leistungen\/krananlagen\/abus\/krane\/laufkrane\/eintraegerlaufkrane\/\" \/>\n<meta property=\"og:locale\" content=\"en_US\" \/>\n<meta property=\"og:type\" content=\"article\" \/>\n<meta property=\"og:title\" content=\"ABUS Eintr\u00e4gerlaufkrane - ASTAM\" \/>\n<meta property=\"og:description\" content=\"Unser flexibler Kran f\u00fcr fast jeden Anwendungsfall. Mit ihm lassen sich auch in niedrigen Hallen mit Tragf\u00e4higkeiten bis zu 16t und Spannweiten bis zu 39m realisieren.\" \/>\n<meta property=\"og:url\" content=\"https:\/\/www.astam.at\/en\/leistungen\/krananlagen\/abus\/krane\/laufkrane\/eintraegerlaufkrane\/\" \/>\n<meta property=\"og:site_name\" content=\"ASTAM\" \/>\n<meta property=\"article:publisher\" content=\"https:\/\/www.facebook.com\/pg\/ASTAM-Gmbh-572405462791301\/posts\/\" \/>\n<meta property=\"article:modified_time\" content=\"2022-09-27T08:51:15+00:00\" \/>\n<meta property=\"og:image\" content=\"https:\/\/www.astam.at\/wp-content\/uploads\/2019\/01\/FB-Illustration.png\" \/>\n\t<meta property=\"og:image:width\" content=\"500\" \/>\n\t<meta property=\"og:image:height\" content=\"400\" \/>\n\t<meta property=\"og:image:type\" content=\"image\/png\" \/>\n<meta name=\"twitter:card\" content=\"summary_large_image\" \/>\n<meta name=\"twitter:label1\" content=\"Est. reading time\" \/>\n\t<meta name=\"twitter:data1\" content=\"2 minutes\" \/>\n<!-- \/ Yoast SEO plugin. -->","yoast_head_json":{"title":"ABUS Eintr\u00e4gerlaufkrane - ASTAM","description":"Unser flexibler Kran f\u00fcr fast jeden Anwendungsfall. Mit ihm lassen sich auch in niedrigen Hallen mit Tragf\u00e4higkeiten bis zu 16t und Spannweiten bis zu 39m realisieren.","robots":{"index":"index","follow":"follow","max-snippet":"max-snippet:-1","max-image-preview":"max-image-preview:large","max-video-preview":"max-video-preview:-1"},"canonical":"https:\/\/www.astam.at\/en\/leistungen\/krananlagen\/abus\/krane\/laufkrane\/eintraegerlaufkrane\/","og_locale":"en_US","og_type":"article","og_title":"ABUS Eintr\u00e4gerlaufkrane - ASTAM","og_description":"Unser flexibler Kran f\u00fcr fast jeden Anwendungsfall. Mit ihm lassen sich auch in niedrigen Hallen mit Tragf\u00e4higkeiten bis zu 16t und Spannweiten bis zu 39m realisieren.","og_url":"https:\/\/www.astam.at\/en\/leistungen\/krananlagen\/abus\/krane\/laufkrane\/eintraegerlaufkrane\/","og_site_name":"ASTAM","article_publisher":"https:\/\/www.facebook.com\/pg\/ASTAM-Gmbh-572405462791301\/posts\/","article_modified_time":"2022-09-27T08:51:15+00:00","og_image":[{"width":500,"height":400,"url":"https:\/\/www.astam.at\/wp-content\/uploads\/2019\/01\/FB-Illustration.png","type":"image\/png"}],"twitter_card":"summary_large_image","twitter_misc":{"Est. reading time":"2 minutes"},"schema":{"@context":"https:\/\/schema.org","@graph":[{"@type":"WebPage","@id":"https:\/\/www.astam.at\/en\/leistungen\/krananlagen\/abus\/krane\/laufkrane\/eintraegerlaufkrane\/","url":"https:\/\/www.astam.at\/en\/leistungen\/krananlagen\/abus\/krane\/laufkrane\/eintraegerlaufkrane\/","name":"ABUS Eintr\u00e4gerlaufkrane - ASTAM","isPartOf":{"@id":"https:\/\/www.astam.at\/en\/#website"},"primaryImageOfPage":{"@id":"https:\/\/www.astam.at\/en\/leistungen\/krananlagen\/abus\/krane\/laufkrane\/eintraegerlaufkrane\/#primaryimage"},"image":{"@id":"https:\/\/www.astam.at\/en\/leistungen\/krananlagen\/abus\/krane\/laufkrane\/eintraegerlaufkrane\/#primaryimage"},"thumbnailUrl":"https:\/\/www.astam.at\/wp-content\/uploads\/2019\/01\/FB-Illustration.png","datePublished":"2019-01-16T12:01:55+00:00","dateModified":"2022-09-27T08:51:15+00:00","description":"Unser flexibler Kran f\u00fcr fast jeden Anwendungsfall. Mit ihm lassen sich auch in niedrigen Hallen mit Tragf\u00e4higkeiten bis zu 16t und Spannweiten bis zu 39m realisieren.","breadcrumb":{"@id":"https:\/\/www.astam.at\/en\/leistungen\/krananlagen\/abus\/krane\/laufkrane\/eintraegerlaufkrane\/#breadcrumb"},"inLanguage":"en-US","potentialAction":[{"@type":"ReadAction","target":["https:\/\/www.astam.at\/en\/leistungen\/krananlagen\/abus\/krane\/laufkrane\/eintraegerlaufkrane\/"]}]},{"@type":"ImageObject","inLanguage":"en-US","@id":"https:\/\/www.astam.at\/en\/leistungen\/krananlagen\/abus\/krane\/laufkrane\/eintraegerlaufkrane\/#primaryimage","url":"https:\/\/www.astam.at\/wp-content\/uploads\/2019\/01\/FB-Illustration.png","contentUrl":"https:\/\/www.astam.at\/wp-content\/uploads\/2019\/01\/FB-Illustration.png","width":500,"height":400},{"@type":"BreadcrumbList","@id":"https:\/\/www.astam.at\/en\/leistungen\/krananlagen\/abus\/krane\/laufkrane\/eintraegerlaufkrane\/#breadcrumb","itemListElement":[{"@type":"ListItem","position":1,"name":"Startseite","item":"https:\/\/www.astam.at\/en\/"},{"@type":"ListItem","position":2,"name":"ABUS","item":"https:\/\/www.astam.at\/leistungen\/krananlagen\/abus\/"},{"@type":"ListItem","position":3,"name":"Eintr\u00e4gerlaufkrane"}]},{"@type":"WebSite","@id":"https:\/\/www.astam.at\/en\/#website","url":"https:\/\/www.astam.at\/en\/","name":"ASTAM","description":"Maschinen- Stahl und Anlagenbau, Krananlagen","publisher":{"@id":"https:\/\/www.astam.at\/en\/#organization"},"potentialAction":[{"@type":"SearchAction","target":{"@type":"EntryPoint","urlTemplate":"https:\/\/www.astam.at\/en\/?s={search_term_string}"},"query-input":{"@type":"PropertyValueSpecification","valueRequired":true,"valueName":"search_term_string"}}],"inLanguage":"en-US"},{"@type":"Organization","@id":"https:\/\/www.astam.at\/en\/#organization","name":"ASTAM Allgemeine Stahl-, Anlagen- und Maschinenbau Ges.m.b.H.","url":"https:\/\/www.astam.at\/en\/","logo":{"@type":"ImageObject","inLanguage":"en-US","@id":"https:\/\/www.astam.at\/en\/#\/schema\/logo\/image\/","url":"https:\/\/www.astam.at\/wp-content\/uploads\/2020\/07\/astam_logo_freigestellt.png","contentUrl":"https:\/\/www.astam.at\/wp-content\/uploads\/2020\/07\/astam_logo_freigestellt.png","width":2318,"height":329,"caption":"ASTAM Allgemeine Stahl-, Anlagen- und Maschinenbau Ges.m.b.H."},"image":{"@id":"https:\/\/www.astam.at\/en\/#\/schema\/logo\/image\/"},"sameAs":["https:\/\/www.facebook.com\/pg\/ASTAM-Gmbh-572405462791301\/posts\/"]}]}},"_links":{"self":[{"href":"https:\/\/www.astam.at\/en\/wp-json\/wp\/v2\/product\/29","targetHints":{"allow":["GET"]}}],"collection":[{"href":"https:\/\/www.astam.at\/en\/wp-json\/wp\/v2\/product"}],"about":[{"href":"https:\/\/www.astam.at\/en\/wp-json\/wp\/v2\/types\/product"}],"wp:featuredmedia":[{"embeddable":true,"href":"https:\/\/www.astam.at\/en\/wp-json\/wp\/v2\/media\/2859"}],"wp:attachment":[{"href":"https:\/\/www.astam.at\/en\/wp-json\/wp\/v2\/media?parent=29"}],"wp:term":[{"taxonomy":"product_brand","embeddable":true,"href":"https:\/\/www.astam.at\/en\/wp-json\/wp\/v2\/product_brand?post=29"},{"taxonomy":"product_cat","embeddable":true,"href":"https:\/\/www.astam.at\/en\/wp-json\/wp\/v2\/product_cat?post=29"},{"taxonomy":"product_tag","embeddable":true,"href":"https:\/\/www.astam.at\/en\/wp-json\/wp\/v2\/product_tag?post=29"}],"curies":[{"name":"wp","href":"https:\/\/api.w.org\/{rel}","templated":true}]}}