{"id":2926,"date":"2022-09-26T10:09:48","date_gmt":"2022-09-26T08:09:48","guid":{"rendered":"https:\/\/www.astam.at\/?post_type=product&#038;p=2926"},"modified":"2022-09-28T09:02:45","modified_gmt":"2022-09-28T07:02:45","slug":"deckenlaufkrane","status":"publish","type":"product","link":"https:\/\/www.astam.at\/en\/leistungen\/krananlagen\/abus\/krane\/laufkrane\/deckenlaufkrane\/","title":{"rendered":"Deckenlaufkrane"},"content":{"rendered":"<p><strong>Auf einen Blick<\/strong><\/p>\n<ul>\n<li>Tragf\u00e4higkeit bis <span class=\"nowrap\">8 t<\/span><\/li>\n<li>Spannweite bis <span class=\"nowrap\">25 m<\/span> (je nach Tragf\u00e4higkeit)<\/li>\n<li>Kranbahn ist direkt an der Hallendecke befestigt<\/li>\n<li>Optimal daher bei niedrigen Hallen und ung\u00fcnstigen baulichen Voraussetzungen<\/li>\n<li>Zus\u00e4tzlich geringe Katzanfahrma\u00dfe \u2013 dadurch bestm\u00f6gliche Nutzung der Hallenbreite<\/li>\n<li>Optional mit intelligenten Funktionen mit der Kransteuerung\u00a0<a tabindex=\"-1\" href=\"https:\/\/www.abus-kran.at\/abucontrol\" target=\"_blank\" rel=\"noopener\">ABUControl<\/a><\/li>\n<\/ul>\n<hr \/>\n<p>Komplizierte Hallenverh\u00e4ltnisse erfordern spezielle L\u00f6sungen. Und die sind mit den ABUS Deckenlaufkranen ganz unkompliziert zu realisieren. Denn durch die Montage der Kranbahn unter der Hallendecke statt auf St\u00fctzen bieten sie hochwertige L\u00f6sungen auch unter schwierigen Platz- und Konstruktionsbedingungen.<\/p>\n<p>ABUS Deckenlaufkrane nutzen durch die geringen Katzanfahrma\u00dfe und eine individuelle Anpassung der \u00dcberst\u00e4nde die zur Verf\u00fcgung stehende Hallenbreite optimal aus. Durch das Einschieben des Haupttr\u00e4gers zwischen die Fahrwerkstr\u00e4ger kann au\u00dferdem die h\u00f6chste Hakenstellung verbessert werden.<\/p>\n<p>ABUS Deckenlaufkrane bieten Tragf\u00e4higkeiten bis <span class=\"nowrap\">8 t<\/span> und Spannweiten bis <span class=\"nowrap\">25 m<\/span>. Sie sind in den Ausf\u00fchrungen DLVM und EDL mit Walzprofiltr\u00e4ger sowie EDK mit torsionssteifem Kastentr\u00e4ger erh\u00e4ltlich. Auch f\u00fcr die ABUS Deckenlaufkrane steht ein umfangreiches Programm an\u00a0<a href=\"\/produkt-kategorie\/hebezeuge\/komponenten-zubehoer\/\">Zusatzausstattungen<\/a>\u00a0zur Verf\u00fcgung.<\/p>\n<p>&nbsp;<\/p>\n<p>&nbsp;<\/p>\n","protected":false},"excerpt":{"rendered":"<p><strong>Komplizierte Hallenverh\u00e4ltnisse erfordern spezielle L\u00f6sungen.<\/strong> Und die sind mit den <strong>ABUS Deckenlaufkranen<\/strong> ganz unkompliziert zu realisieren.<\/p>\n","protected":false},"featured_media":2927,"template":"","meta":{"_acf_changed":false,"inline_featured_image":false},"product_brand":[],"product_cat":[112],"product_tag":[],"class_list":{"0":"post-2926","1":"product","2":"type-product","3":"status-publish","4":"has-post-thumbnail","6":"product_cat-laufkrane","8":"first","9":"instock","10":"shipping-taxable","11":"product-type-simple"},"acf":[],"yoast_head":"<!-- This site is optimized with the Yoast SEO plugin v27.5 - https:\/\/yoast.com\/product\/yoast-seo-wordpress\/ -->\n<title>ABUS Deckenlaufkrane - ASTAM<\/title>\n<meta name=\"description\" content=\"Komplizierte Hallenverh\u00e4ltnisse erfordern spezielle L\u00f6sungen. Und die sind mit den ABUS Deckenlaufkranen ganz unkompliziert zu realisieren.\" \/>\n<meta name=\"robots\" content=\"index, follow, max-snippet:-1, max-image-preview:large, max-video-preview:-1\" \/>\n<link rel=\"canonical\" href=\"https:\/\/www.astam.at\/en\/leistungen\/krananlagen\/abus\/krane\/laufkrane\/deckenlaufkrane\/\" \/>\n<meta property=\"og:locale\" content=\"en_US\" \/>\n<meta property=\"og:type\" content=\"article\" \/>\n<meta property=\"og:title\" content=\"ABUS Deckenlaufkrane - ASTAM\" \/>\n<meta property=\"og:description\" content=\"Komplizierte Hallenverh\u00e4ltnisse erfordern spezielle L\u00f6sungen. Und die sind mit den ABUS Deckenlaufkranen ganz unkompliziert zu realisieren.\" \/>\n<meta property=\"og:url\" content=\"https:\/\/www.astam.at\/en\/leistungen\/krananlagen\/abus\/krane\/laufkrane\/deckenlaufkrane\/\" \/>\n<meta property=\"og:site_name\" content=\"ASTAM\" \/>\n<meta property=\"article:publisher\" content=\"https:\/\/www.facebook.com\/pg\/ASTAM-Gmbh-572405462791301\/posts\/\" \/>\n<meta property=\"article:modified_time\" content=\"2022-09-28T07:02:45+00:00\" \/>\n<meta property=\"og:image\" content=\"https:\/\/www.astam.at\/wp-content\/uploads\/2022\/09\/deckenlaufkran.png\" \/>\n\t<meta property=\"og:image:width\" content=\"500\" \/>\n\t<meta property=\"og:image:height\" content=\"400\" \/>\n\t<meta property=\"og:image:type\" content=\"image\/png\" \/>\n<meta name=\"twitter:card\" content=\"summary_large_image\" \/>\n<meta name=\"twitter:label1\" content=\"Est. reading time\" \/>\n\t<meta name=\"twitter:data1\" content=\"1 minute\" \/>\n<!-- \/ Yoast SEO plugin. -->","yoast_head_json":{"title":"ABUS Deckenlaufkrane - ASTAM","description":"Komplizierte Hallenverh\u00e4ltnisse erfordern spezielle L\u00f6sungen. Und die sind mit den ABUS Deckenlaufkranen ganz unkompliziert zu realisieren.","robots":{"index":"index","follow":"follow","max-snippet":"max-snippet:-1","max-image-preview":"max-image-preview:large","max-video-preview":"max-video-preview:-1"},"canonical":"https:\/\/www.astam.at\/en\/leistungen\/krananlagen\/abus\/krane\/laufkrane\/deckenlaufkrane\/","og_locale":"en_US","og_type":"article","og_title":"ABUS Deckenlaufkrane - ASTAM","og_description":"Komplizierte Hallenverh\u00e4ltnisse erfordern spezielle L\u00f6sungen. Und die sind mit den ABUS Deckenlaufkranen ganz unkompliziert zu realisieren.","og_url":"https:\/\/www.astam.at\/en\/leistungen\/krananlagen\/abus\/krane\/laufkrane\/deckenlaufkrane\/","og_site_name":"ASTAM","article_publisher":"https:\/\/www.facebook.com\/pg\/ASTAM-Gmbh-572405462791301\/posts\/","article_modified_time":"2022-09-28T07:02:45+00:00","og_image":[{"width":500,"height":400,"url":"https:\/\/www.astam.at\/wp-content\/uploads\/2022\/09\/deckenlaufkran.png","type":"image\/png"}],"twitter_card":"summary_large_image","twitter_misc":{"Est. reading time":"1 minute"},"schema":{"@context":"https:\/\/schema.org","@graph":[{"@type":"WebPage","@id":"https:\/\/www.astam.at\/en\/leistungen\/krananlagen\/abus\/krane\/laufkrane\/deckenlaufkrane\/","url":"https:\/\/www.astam.at\/en\/leistungen\/krananlagen\/abus\/krane\/laufkrane\/deckenlaufkrane\/","name":"ABUS Deckenlaufkrane - ASTAM","isPartOf":{"@id":"https:\/\/www.astam.at\/en\/#website"},"primaryImageOfPage":{"@id":"https:\/\/www.astam.at\/en\/leistungen\/krananlagen\/abus\/krane\/laufkrane\/deckenlaufkrane\/#primaryimage"},"image":{"@id":"https:\/\/www.astam.at\/en\/leistungen\/krananlagen\/abus\/krane\/laufkrane\/deckenlaufkrane\/#primaryimage"},"thumbnailUrl":"https:\/\/www.astam.at\/wp-content\/uploads\/2022\/09\/deckenlaufkran.png","datePublished":"2022-09-26T08:09:48+00:00","dateModified":"2022-09-28T07:02:45+00:00","description":"Komplizierte Hallenverh\u00e4ltnisse erfordern spezielle L\u00f6sungen. Und die sind mit den ABUS Deckenlaufkranen ganz unkompliziert zu realisieren.","breadcrumb":{"@id":"https:\/\/www.astam.at\/en\/leistungen\/krananlagen\/abus\/krane\/laufkrane\/deckenlaufkrane\/#breadcrumb"},"inLanguage":"en-US","potentialAction":[{"@type":"ReadAction","target":["https:\/\/www.astam.at\/en\/leistungen\/krananlagen\/abus\/krane\/laufkrane\/deckenlaufkrane\/"]}]},{"@type":"ImageObject","inLanguage":"en-US","@id":"https:\/\/www.astam.at\/en\/leistungen\/krananlagen\/abus\/krane\/laufkrane\/deckenlaufkrane\/#primaryimage","url":"https:\/\/www.astam.at\/wp-content\/uploads\/2022\/09\/deckenlaufkran.png","contentUrl":"https:\/\/www.astam.at\/wp-content\/uploads\/2022\/09\/deckenlaufkran.png","width":500,"height":400},{"@type":"BreadcrumbList","@id":"https:\/\/www.astam.at\/en\/leistungen\/krananlagen\/abus\/krane\/laufkrane\/deckenlaufkrane\/#breadcrumb","itemListElement":[{"@type":"ListItem","position":1,"name":"Startseite","item":"https:\/\/www.astam.at\/en\/"},{"@type":"ListItem","position":2,"name":"ABUS","item":"https:\/\/www.astam.at\/leistungen\/krananlagen\/abus\/"},{"@type":"ListItem","position":3,"name":"Deckenlaufkrane"}]},{"@type":"WebSite","@id":"https:\/\/www.astam.at\/en\/#website","url":"https:\/\/www.astam.at\/en\/","name":"ASTAM","description":"Maschinen- Stahl und Anlagenbau, Krananlagen","publisher":{"@id":"https:\/\/www.astam.at\/en\/#organization"},"potentialAction":[{"@type":"SearchAction","target":{"@type":"EntryPoint","urlTemplate":"https:\/\/www.astam.at\/en\/?s={search_term_string}"},"query-input":{"@type":"PropertyValueSpecification","valueRequired":true,"valueName":"search_term_string"}}],"inLanguage":"en-US"},{"@type":"Organization","@id":"https:\/\/www.astam.at\/en\/#organization","name":"ASTAM Allgemeine Stahl-, Anlagen- und Maschinenbau Ges.m.b.H.","url":"https:\/\/www.astam.at\/en\/","logo":{"@type":"ImageObject","inLanguage":"en-US","@id":"https:\/\/www.astam.at\/en\/#\/schema\/logo\/image\/","url":"https:\/\/www.astam.at\/wp-content\/uploads\/2020\/07\/astam_logo_freigestellt.png","contentUrl":"https:\/\/www.astam.at\/wp-content\/uploads\/2020\/07\/astam_logo_freigestellt.png","width":2318,"height":329,"caption":"ASTAM Allgemeine Stahl-, Anlagen- und Maschinenbau Ges.m.b.H."},"image":{"@id":"https:\/\/www.astam.at\/en\/#\/schema\/logo\/image\/"},"sameAs":["https:\/\/www.facebook.com\/pg\/ASTAM-Gmbh-572405462791301\/posts\/"]}]}},"_links":{"self":[{"href":"https:\/\/www.astam.at\/en\/wp-json\/wp\/v2\/product\/2926","targetHints":{"allow":["GET"]}}],"collection":[{"href":"https:\/\/www.astam.at\/en\/wp-json\/wp\/v2\/product"}],"about":[{"href":"https:\/\/www.astam.at\/en\/wp-json\/wp\/v2\/types\/product"}],"wp:featuredmedia":[{"embeddable":true,"href":"https:\/\/www.astam.at\/en\/wp-json\/wp\/v2\/media\/2927"}],"wp:attachment":[{"href":"https:\/\/www.astam.at\/en\/wp-json\/wp\/v2\/media?parent=2926"}],"wp:term":[{"taxonomy":"product_brand","embeddable":true,"href":"https:\/\/www.astam.at\/en\/wp-json\/wp\/v2\/product_brand?post=2926"},{"taxonomy":"product_cat","embeddable":true,"href":"https:\/\/www.astam.at\/en\/wp-json\/wp\/v2\/product_cat?post=2926"},{"taxonomy":"product_tag","embeddable":true,"href":"https:\/\/www.astam.at\/en\/wp-json\/wp\/v2\/product_tag?post=2926"}],"curies":[{"name":"wp","href":"https:\/\/api.w.org\/{rel}","templated":true}]}}