{"id":2942,"date":"2022-09-26T10:24:48","date_gmt":"2022-09-26T08:24:48","guid":{"rendered":"https:\/\/www.astam.at\/?post_type=product&#038;p=2942"},"modified":"2022-09-28T09:49:42","modified_gmt":"2022-09-28T07:49:42","slug":"wandlaufkrane","status":"publish","type":"product","link":"https:\/\/www.astam.at\/en\/leistungen\/krananlagen\/abus\/krane\/laufkrane\/wandlaufkrane\/","title":{"rendered":"Wandlaufkrane"},"content":{"rendered":"<p><strong>Auf einen Blick<\/strong><\/p>\n<ul>\n<li>Tragf\u00e4higkeit bis <span class=\"nowrap\">5 t<\/span><\/li>\n<li>Spannweite bis <span class=\"nowrap\">12 m<\/span> (je nach Tragf\u00e4higkeit)<\/li>\n<li>Einsatz auf separater Kranbahn in der zweiten Ebene unterhalb anderer Laufkrantypen<\/li>\n<li>Ideal als Arbeitsplatzkran f\u00fcr mehrere Stationen<\/li>\n<li>Optional mit intelligenten Funktionen mit der Kransteuerung\u00a0<a tabindex=\"-1\" href=\"https:\/\/www.abus-kran.at\/abucontrol\" target=\"_blank\" rel=\"noopener\">ABUControl\u00a0<\/a><\/li>\n<\/ul>\n<hr \/>\n<p>Der ABUS\u00a0Wandlaufkran (Konsollaufkran)\u00a0bewegt sich auf einer eigenen Ebene unterhalb gro\u00dfer Laufkrane. Damit haben Sie die M\u00f6glichkeit, unabh\u00e4ngig vom \u00fcbergeordneten Laufkran auch innerhalb einzelner Produktionsbereiche individuell zu transportieren.<\/p>\n<p>Den ABUS\u00a0Wandlaufkran\u00a0(Konsollaufkran) gibt es in Ausf\u00fchrungen bis <span class=\"nowrap\">5 t<\/span> Tragf\u00e4higkeit und Ausladungen bis <span class=\"nowrap\">12 m<\/span>.<\/p>\n<p>&nbsp;<\/p>\n<p>&nbsp;<\/p>\n<p>&nbsp;<\/p>\n","protected":false},"excerpt":{"rendered":"<p>Der <strong>ABUS\u00a0Wandlaufkran (Konsollaufkran)<\/strong>\u00a0bewegt sich auf einer eigenen Ebene unterhalb gro\u00dfer Laufkrane.<\/p>\n","protected":false},"featured_media":2943,"template":"","meta":{"_acf_changed":false,"inline_featured_image":false},"product_brand":[],"product_cat":[112],"product_tag":[],"class_list":{"0":"post-2942","1":"product","2":"type-product","3":"status-publish","4":"has-post-thumbnail","6":"product_cat-laufkrane","8":"first","9":"instock","10":"shipping-taxable","11":"product-type-simple"},"acf":[],"yoast_head":"<!-- This site is optimized with the Yoast SEO plugin v27.5 - https:\/\/yoast.com\/product\/yoast-seo-wordpress\/ -->\n<title>ABUS Wandlaufkrane - ASTAM<\/title>\n<meta name=\"description\" content=\"Der ABUS\u00a0Wandlaufkran (Konsollaufkran)\u00a0bewegt sich auf einer eigenen Ebene unterhalb gro\u00dfer Laufkrane.\" \/>\n<meta name=\"robots\" content=\"index, follow, max-snippet:-1, max-image-preview:large, max-video-preview:-1\" \/>\n<link rel=\"canonical\" href=\"https:\/\/www.astam.at\/en\/leistungen\/krananlagen\/abus\/krane\/laufkrane\/wandlaufkrane\/\" \/>\n<meta property=\"og:locale\" content=\"en_US\" \/>\n<meta property=\"og:type\" content=\"article\" \/>\n<meta property=\"og:title\" content=\"ABUS Wandlaufkrane - ASTAM\" \/>\n<meta property=\"og:description\" content=\"Der ABUS\u00a0Wandlaufkran (Konsollaufkran)\u00a0bewegt sich auf einer eigenen Ebene unterhalb gro\u00dfer Laufkrane.\" \/>\n<meta property=\"og:url\" content=\"https:\/\/www.astam.at\/en\/leistungen\/krananlagen\/abus\/krane\/laufkrane\/wandlaufkrane\/\" \/>\n<meta property=\"og:site_name\" content=\"ASTAM\" \/>\n<meta property=\"article:publisher\" content=\"https:\/\/www.facebook.com\/pg\/ASTAM-Gmbh-572405462791301\/posts\/\" \/>\n<meta property=\"article:modified_time\" content=\"2022-09-28T07:49:42+00:00\" \/>\n<meta property=\"og:image\" content=\"https:\/\/www.astam.at\/wp-content\/uploads\/2022\/09\/GV-Illustration.png\" \/>\n\t<meta property=\"og:image:width\" content=\"500\" \/>\n\t<meta property=\"og:image:height\" content=\"400\" \/>\n\t<meta property=\"og:image:type\" content=\"image\/png\" \/>\n<meta name=\"twitter:card\" content=\"summary_large_image\" \/>\n<meta name=\"twitter:label1\" content=\"Est. reading time\" \/>\n\t<meta name=\"twitter:data1\" content=\"1 minute\" \/>\n<!-- \/ Yoast SEO plugin. -->","yoast_head_json":{"title":"ABUS Wandlaufkrane - ASTAM","description":"Der ABUS\u00a0Wandlaufkran (Konsollaufkran)\u00a0bewegt sich auf einer eigenen Ebene unterhalb gro\u00dfer Laufkrane.","robots":{"index":"index","follow":"follow","max-snippet":"max-snippet:-1","max-image-preview":"max-image-preview:large","max-video-preview":"max-video-preview:-1"},"canonical":"https:\/\/www.astam.at\/en\/leistungen\/krananlagen\/abus\/krane\/laufkrane\/wandlaufkrane\/","og_locale":"en_US","og_type":"article","og_title":"ABUS Wandlaufkrane - ASTAM","og_description":"Der ABUS\u00a0Wandlaufkran (Konsollaufkran)\u00a0bewegt sich auf einer eigenen Ebene unterhalb gro\u00dfer Laufkrane.","og_url":"https:\/\/www.astam.at\/en\/leistungen\/krananlagen\/abus\/krane\/laufkrane\/wandlaufkrane\/","og_site_name":"ASTAM","article_publisher":"https:\/\/www.facebook.com\/pg\/ASTAM-Gmbh-572405462791301\/posts\/","article_modified_time":"2022-09-28T07:49:42+00:00","og_image":[{"width":500,"height":400,"url":"https:\/\/www.astam.at\/wp-content\/uploads\/2022\/09\/GV-Illustration.png","type":"image\/png"}],"twitter_card":"summary_large_image","twitter_misc":{"Est. reading time":"1 minute"},"schema":{"@context":"https:\/\/schema.org","@graph":[{"@type":"WebPage","@id":"https:\/\/www.astam.at\/en\/leistungen\/krananlagen\/abus\/krane\/laufkrane\/wandlaufkrane\/","url":"https:\/\/www.astam.at\/en\/leistungen\/krananlagen\/abus\/krane\/laufkrane\/wandlaufkrane\/","name":"ABUS Wandlaufkrane - ASTAM","isPartOf":{"@id":"https:\/\/www.astam.at\/en\/#website"},"primaryImageOfPage":{"@id":"https:\/\/www.astam.at\/en\/leistungen\/krananlagen\/abus\/krane\/laufkrane\/wandlaufkrane\/#primaryimage"},"image":{"@id":"https:\/\/www.astam.at\/en\/leistungen\/krananlagen\/abus\/krane\/laufkrane\/wandlaufkrane\/#primaryimage"},"thumbnailUrl":"https:\/\/www.astam.at\/wp-content\/uploads\/2022\/09\/GV-Illustration.png","datePublished":"2022-09-26T08:24:48+00:00","dateModified":"2022-09-28T07:49:42+00:00","description":"Der ABUS\u00a0Wandlaufkran (Konsollaufkran)\u00a0bewegt sich auf einer eigenen Ebene unterhalb gro\u00dfer Laufkrane.","breadcrumb":{"@id":"https:\/\/www.astam.at\/en\/leistungen\/krananlagen\/abus\/krane\/laufkrane\/wandlaufkrane\/#breadcrumb"},"inLanguage":"en-US","potentialAction":[{"@type":"ReadAction","target":["https:\/\/www.astam.at\/en\/leistungen\/krananlagen\/abus\/krane\/laufkrane\/wandlaufkrane\/"]}]},{"@type":"ImageObject","inLanguage":"en-US","@id":"https:\/\/www.astam.at\/en\/leistungen\/krananlagen\/abus\/krane\/laufkrane\/wandlaufkrane\/#primaryimage","url":"https:\/\/www.astam.at\/wp-content\/uploads\/2022\/09\/GV-Illustration.png","contentUrl":"https:\/\/www.astam.at\/wp-content\/uploads\/2022\/09\/GV-Illustration.png","width":500,"height":400},{"@type":"BreadcrumbList","@id":"https:\/\/www.astam.at\/en\/leistungen\/krananlagen\/abus\/krane\/laufkrane\/wandlaufkrane\/#breadcrumb","itemListElement":[{"@type":"ListItem","position":1,"name":"Startseite","item":"https:\/\/www.astam.at\/en\/"},{"@type":"ListItem","position":2,"name":"ABUS","item":"https:\/\/www.astam.at\/leistungen\/krananlagen\/abus\/"},{"@type":"ListItem","position":3,"name":"Wandlaufkrane"}]},{"@type":"WebSite","@id":"https:\/\/www.astam.at\/en\/#website","url":"https:\/\/www.astam.at\/en\/","name":"ASTAM","description":"Maschinen- Stahl und Anlagenbau, Krananlagen","publisher":{"@id":"https:\/\/www.astam.at\/en\/#organization"},"potentialAction":[{"@type":"SearchAction","target":{"@type":"EntryPoint","urlTemplate":"https:\/\/www.astam.at\/en\/?s={search_term_string}"},"query-input":{"@type":"PropertyValueSpecification","valueRequired":true,"valueName":"search_term_string"}}],"inLanguage":"en-US"},{"@type":"Organization","@id":"https:\/\/www.astam.at\/en\/#organization","name":"ASTAM Allgemeine Stahl-, Anlagen- und Maschinenbau Ges.m.b.H.","url":"https:\/\/www.astam.at\/en\/","logo":{"@type":"ImageObject","inLanguage":"en-US","@id":"https:\/\/www.astam.at\/en\/#\/schema\/logo\/image\/","url":"https:\/\/www.astam.at\/wp-content\/uploads\/2020\/07\/astam_logo_freigestellt.png","contentUrl":"https:\/\/www.astam.at\/wp-content\/uploads\/2020\/07\/astam_logo_freigestellt.png","width":2318,"height":329,"caption":"ASTAM Allgemeine Stahl-, Anlagen- und Maschinenbau Ges.m.b.H."},"image":{"@id":"https:\/\/www.astam.at\/en\/#\/schema\/logo\/image\/"},"sameAs":["https:\/\/www.facebook.com\/pg\/ASTAM-Gmbh-572405462791301\/posts\/"]}]}},"_links":{"self":[{"href":"https:\/\/www.astam.at\/en\/wp-json\/wp\/v2\/product\/2942","targetHints":{"allow":["GET"]}}],"collection":[{"href":"https:\/\/www.astam.at\/en\/wp-json\/wp\/v2\/product"}],"about":[{"href":"https:\/\/www.astam.at\/en\/wp-json\/wp\/v2\/types\/product"}],"wp:featuredmedia":[{"embeddable":true,"href":"https:\/\/www.astam.at\/en\/wp-json\/wp\/v2\/media\/2943"}],"wp:attachment":[{"href":"https:\/\/www.astam.at\/en\/wp-json\/wp\/v2\/media?parent=2942"}],"wp:term":[{"taxonomy":"product_brand","embeddable":true,"href":"https:\/\/www.astam.at\/en\/wp-json\/wp\/v2\/product_brand?post=2942"},{"taxonomy":"product_cat","embeddable":true,"href":"https:\/\/www.astam.at\/en\/wp-json\/wp\/v2\/product_cat?post=2942"},{"taxonomy":"product_tag","embeddable":true,"href":"https:\/\/www.astam.at\/en\/wp-json\/wp\/v2\/product_tag?post=2942"}],"curies":[{"name":"wp","href":"https:\/\/api.w.org\/{rel}","templated":true}]}}