{"id":2955,"date":"2022-09-26T10:31:38","date_gmt":"2022-09-26T08:31:38","guid":{"rendered":"https:\/\/www.astam.at\/?post_type=product&#038;p=2955"},"modified":"2022-09-28T09:49:14","modified_gmt":"2022-09-28T07:49:14","slug":"halbportalkrane","status":"publish","type":"product","link":"https:\/\/www.astam.at\/en\/leistungen\/krananlagen\/abus\/krane\/laufkrane\/halbportalkrane\/","title":{"rendered":"Halbportalkrane"},"content":{"rendered":"<p><strong>Auf einen Blick<\/strong><\/p>\n<ul>\n<li>Tragf\u00e4higkeit bis <span class=\"nowrap\">10 t<\/span><\/li>\n<li>Spannweite bis <span class=\"nowrap\">15 m<\/span><\/li>\n<li>Einsatz auf mittlerer Materialflussebene<\/li>\n<li>keine St\u00f6rkante, da ohne F\u00fchrungsschiene am Boden<\/li>\n<li>schnelle und einfache Installation<\/li>\n<li>geringe statische Belastung f\u00fcr die Hallenkonstruktion<\/li>\n<li>Optional mit intelligenten Funktionen mit der Kransteuerung\u00a0<a tabindex=\"-1\" href=\"https:\/\/www.abus-kran.at\/abucontrol\" target=\"_blank\" rel=\"noopener\">ABUControl\u00a0<\/a><\/li>\n<\/ul>\n<hr \/>\n<p>ABUS Halbportalkrane EHPK sind Meister, wenn es darum geht, mit geringen Investitionen eine m\u00f6glichst gro\u00dfe Fl\u00e4che zur erreichen und zu versorgen. Dabei ist die statische Belastung der Hallenkonstruktion gering. Gabelstapler und andere Flurfahrzeuge in der Halle werden nicht beeintr\u00e4chtigt. Bewegungsfreiheit wird so zum Produktionsfaktor.<\/p>\n<p>Der untere Fahrwerkstr\u00e4ger des EHPK l\u00e4uft je nach baulichen Gegebenheiten auf einer im Hallenboden b\u00fcndig eingelassenen Schienenoberfl\u00e4che oder &#8211; mittels speziellen R\u00e4dern &#8211; direkt auf dem Hallenboden. Die freie Bewegung von Mitarbeitern und Material wird nicht durch St\u00f6rkanten, Bodenrinnen beeintr\u00e4chtigt. Der Hallenboden bleibt glatt und sauber.<\/p>\n<p>Der ABUS Halbportalkran f\u00e4hrt angetrieben von den zwei Motoren des Fahrwerkstr\u00e4gers auf der oberen Kranbahn. F\u00fchrungsrollen lassen den EHPK eng am Kranbahnstrang laufen und reduzieren die Spurf\u00fchrungskr\u00e4fte. Dieses Antriebskonzept sorgt f\u00fcr gleichm\u00e4\u00dfige Kr\u00e4fteverteilung auf der Kranbahn und geringen Verschlei\u00df.<\/p>\n<p>&nbsp;<\/p>\n<p>&nbsp;<\/p>\n<p>&nbsp;<\/p>\n<p>&nbsp;<\/p>\n","protected":false},"excerpt":{"rendered":"<p>ABUS Halbportalkrane EHPK sind Meister, wenn es darum geht, <strong>mit geringen Investitionen<\/strong> eine <strong>m\u00f6glichst gro\u00dfe Fl\u00e4che<\/strong> zur erreichen und zu versorgen.<\/p>\n","protected":false},"featured_media":2956,"template":"","meta":{"_acf_changed":false,"inline_featured_image":false},"product_brand":[],"product_cat":[112],"product_tag":[],"class_list":{"0":"post-2955","1":"product","2":"type-product","3":"status-publish","4":"has-post-thumbnail","6":"product_cat-laufkrane","8":"first","9":"instock","10":"shipping-taxable","11":"product-type-simple"},"acf":[],"yoast_head":"<!-- This site is optimized with the Yoast SEO plugin v27.5 - https:\/\/yoast.com\/product\/yoast-seo-wordpress\/ -->\n<title>ABUS Halbportalkrane - ASTAM<\/title>\n<meta name=\"description\" content=\"ABUS Halbportalkrane EHPK sind Meister, wenn es darum geht, mit geringen Investitionen eine m\u00f6glichst gro\u00dfe Fl\u00e4che zur erreichen und zu versorgen.\" \/>\n<meta name=\"robots\" content=\"index, follow, max-snippet:-1, max-image-preview:large, max-video-preview:-1\" \/>\n<link rel=\"canonical\" href=\"https:\/\/www.astam.at\/en\/leistungen\/krananlagen\/abus\/krane\/laufkrane\/halbportalkrane\/\" \/>\n<meta property=\"og:locale\" content=\"en_US\" \/>\n<meta property=\"og:type\" content=\"article\" \/>\n<meta property=\"og:title\" content=\"ABUS Halbportalkrane - ASTAM\" \/>\n<meta property=\"og:description\" content=\"ABUS Halbportalkrane EHPK sind Meister, wenn es darum geht, mit geringen Investitionen eine m\u00f6glichst gro\u00dfe Fl\u00e4che zur erreichen und zu versorgen.\" \/>\n<meta property=\"og:url\" content=\"https:\/\/www.astam.at\/en\/leistungen\/krananlagen\/abus\/krane\/laufkrane\/halbportalkrane\/\" \/>\n<meta property=\"og:site_name\" content=\"ASTAM\" \/>\n<meta property=\"article:publisher\" content=\"https:\/\/www.facebook.com\/pg\/ASTAM-Gmbh-572405462791301\/posts\/\" \/>\n<meta property=\"article:modified_time\" content=\"2022-09-28T07:49:14+00:00\" \/>\n<meta property=\"og:image\" content=\"https:\/\/www.astam.at\/wp-content\/uploads\/2022\/09\/G-Illustration-EHPK.png\" \/>\n\t<meta property=\"og:image:width\" content=\"500\" \/>\n\t<meta property=\"og:image:height\" content=\"400\" \/>\n\t<meta property=\"og:image:type\" content=\"image\/png\" \/>\n<meta name=\"twitter:card\" content=\"summary_large_image\" \/>\n<meta name=\"twitter:label1\" content=\"Est. reading time\" \/>\n\t<meta name=\"twitter:data1\" content=\"1 minute\" \/>\n<!-- \/ Yoast SEO plugin. -->","yoast_head_json":{"title":"ABUS Halbportalkrane - ASTAM","description":"ABUS Halbportalkrane EHPK sind Meister, wenn es darum geht, mit geringen Investitionen eine m\u00f6glichst gro\u00dfe Fl\u00e4che zur erreichen und zu versorgen.","robots":{"index":"index","follow":"follow","max-snippet":"max-snippet:-1","max-image-preview":"max-image-preview:large","max-video-preview":"max-video-preview:-1"},"canonical":"https:\/\/www.astam.at\/en\/leistungen\/krananlagen\/abus\/krane\/laufkrane\/halbportalkrane\/","og_locale":"en_US","og_type":"article","og_title":"ABUS Halbportalkrane - ASTAM","og_description":"ABUS Halbportalkrane EHPK sind Meister, wenn es darum geht, mit geringen Investitionen eine m\u00f6glichst gro\u00dfe Fl\u00e4che zur erreichen und zu versorgen.","og_url":"https:\/\/www.astam.at\/en\/leistungen\/krananlagen\/abus\/krane\/laufkrane\/halbportalkrane\/","og_site_name":"ASTAM","article_publisher":"https:\/\/www.facebook.com\/pg\/ASTAM-Gmbh-572405462791301\/posts\/","article_modified_time":"2022-09-28T07:49:14+00:00","og_image":[{"width":500,"height":400,"url":"https:\/\/www.astam.at\/wp-content\/uploads\/2022\/09\/G-Illustration-EHPK.png","type":"image\/png"}],"twitter_card":"summary_large_image","twitter_misc":{"Est. reading time":"1 minute"},"schema":{"@context":"https:\/\/schema.org","@graph":[{"@type":"WebPage","@id":"https:\/\/www.astam.at\/en\/leistungen\/krananlagen\/abus\/krane\/laufkrane\/halbportalkrane\/","url":"https:\/\/www.astam.at\/en\/leistungen\/krananlagen\/abus\/krane\/laufkrane\/halbportalkrane\/","name":"ABUS Halbportalkrane - ASTAM","isPartOf":{"@id":"https:\/\/www.astam.at\/en\/#website"},"primaryImageOfPage":{"@id":"https:\/\/www.astam.at\/en\/leistungen\/krananlagen\/abus\/krane\/laufkrane\/halbportalkrane\/#primaryimage"},"image":{"@id":"https:\/\/www.astam.at\/en\/leistungen\/krananlagen\/abus\/krane\/laufkrane\/halbportalkrane\/#primaryimage"},"thumbnailUrl":"https:\/\/www.astam.at\/wp-content\/uploads\/2022\/09\/G-Illustration-EHPK.png","datePublished":"2022-09-26T08:31:38+00:00","dateModified":"2022-09-28T07:49:14+00:00","description":"ABUS Halbportalkrane EHPK sind Meister, wenn es darum geht, mit geringen Investitionen eine m\u00f6glichst gro\u00dfe Fl\u00e4che zur erreichen und zu versorgen.","breadcrumb":{"@id":"https:\/\/www.astam.at\/en\/leistungen\/krananlagen\/abus\/krane\/laufkrane\/halbportalkrane\/#breadcrumb"},"inLanguage":"en-US","potentialAction":[{"@type":"ReadAction","target":["https:\/\/www.astam.at\/en\/leistungen\/krananlagen\/abus\/krane\/laufkrane\/halbportalkrane\/"]}]},{"@type":"ImageObject","inLanguage":"en-US","@id":"https:\/\/www.astam.at\/en\/leistungen\/krananlagen\/abus\/krane\/laufkrane\/halbportalkrane\/#primaryimage","url":"https:\/\/www.astam.at\/wp-content\/uploads\/2022\/09\/G-Illustration-EHPK.png","contentUrl":"https:\/\/www.astam.at\/wp-content\/uploads\/2022\/09\/G-Illustration-EHPK.png","width":500,"height":400},{"@type":"BreadcrumbList","@id":"https:\/\/www.astam.at\/en\/leistungen\/krananlagen\/abus\/krane\/laufkrane\/halbportalkrane\/#breadcrumb","itemListElement":[{"@type":"ListItem","position":1,"name":"Startseite","item":"https:\/\/www.astam.at\/en\/"},{"@type":"ListItem","position":2,"name":"ABUS","item":"https:\/\/www.astam.at\/leistungen\/krananlagen\/abus\/"},{"@type":"ListItem","position":3,"name":"Halbportalkrane"}]},{"@type":"WebSite","@id":"https:\/\/www.astam.at\/en\/#website","url":"https:\/\/www.astam.at\/en\/","name":"ASTAM","description":"Maschinen- Stahl und Anlagenbau, Krananlagen","publisher":{"@id":"https:\/\/www.astam.at\/en\/#organization"},"potentialAction":[{"@type":"SearchAction","target":{"@type":"EntryPoint","urlTemplate":"https:\/\/www.astam.at\/en\/?s={search_term_string}"},"query-input":{"@type":"PropertyValueSpecification","valueRequired":true,"valueName":"search_term_string"}}],"inLanguage":"en-US"},{"@type":"Organization","@id":"https:\/\/www.astam.at\/en\/#organization","name":"ASTAM Allgemeine Stahl-, Anlagen- und Maschinenbau Ges.m.b.H.","url":"https:\/\/www.astam.at\/en\/","logo":{"@type":"ImageObject","inLanguage":"en-US","@id":"https:\/\/www.astam.at\/en\/#\/schema\/logo\/image\/","url":"https:\/\/www.astam.at\/wp-content\/uploads\/2020\/07\/astam_logo_freigestellt.png","contentUrl":"https:\/\/www.astam.at\/wp-content\/uploads\/2020\/07\/astam_logo_freigestellt.png","width":2318,"height":329,"caption":"ASTAM Allgemeine Stahl-, Anlagen- und Maschinenbau Ges.m.b.H."},"image":{"@id":"https:\/\/www.astam.at\/en\/#\/schema\/logo\/image\/"},"sameAs":["https:\/\/www.facebook.com\/pg\/ASTAM-Gmbh-572405462791301\/posts\/"]}]}},"_links":{"self":[{"href":"https:\/\/www.astam.at\/en\/wp-json\/wp\/v2\/product\/2955","targetHints":{"allow":["GET"]}}],"collection":[{"href":"https:\/\/www.astam.at\/en\/wp-json\/wp\/v2\/product"}],"about":[{"href":"https:\/\/www.astam.at\/en\/wp-json\/wp\/v2\/types\/product"}],"wp:featuredmedia":[{"embeddable":true,"href":"https:\/\/www.astam.at\/en\/wp-json\/wp\/v2\/media\/2956"}],"wp:attachment":[{"href":"https:\/\/www.astam.at\/en\/wp-json\/wp\/v2\/media?parent=2955"}],"wp:term":[{"taxonomy":"product_brand","embeddable":true,"href":"https:\/\/www.astam.at\/en\/wp-json\/wp\/v2\/product_brand?post=2955"},{"taxonomy":"product_cat","embeddable":true,"href":"https:\/\/www.astam.at\/en\/wp-json\/wp\/v2\/product_cat?post=2955"},{"taxonomy":"product_tag","embeddable":true,"href":"https:\/\/www.astam.at\/en\/wp-json\/wp\/v2\/product_tag?post=2955"}],"curies":[{"name":"wp","href":"https:\/\/api.w.org\/{rel}","templated":true}]}}