{"id":2999,"date":"2022-09-26T13:47:09","date_gmt":"2022-09-26T11:47:09","guid":{"rendered":"https:\/\/www.astam.at\/?post_type=product&#038;p=2999"},"modified":"2022-09-28T09:53:40","modified_gmt":"2022-09-28T07:53:40","slug":"eintraegerkran-ehb","status":"publish","type":"product","link":"https:\/\/www.astam.at\/en\/leistungen\/krananlagen\/abus\/krane\/haengebahnsysteme\/eintraegerkran-ehb\/","title":{"rendered":"Eintr\u00e4gerkran EHB"},"content":{"rendered":"<p><strong>Auf einen Blick<\/strong><\/p>\n<ul>\n<li>Fl\u00e4chendeckender Materialtransport<\/li>\n<li>Sehr geringes Eigengewicht, ideal f\u00fcr Leichtbauhallen<\/li>\n<li>Sehr leicht von Hand verfahrbar<\/li>\n<li>Geringe Anfahrma\u00dfe<\/li>\n<li>Gro\u00dfe Aufh\u00e4ngeabst\u00e4nde<\/li>\n<li>Gro\u00dfe Auswahl an standardisierten <a tabindex=\"-1\" href=\"https:\/\/www.abus-kran.at\/krane\/haengebahnsysteme\/befestigung\" target=\"_blank\" rel=\"noopener\">Befestigungsm\u00f6glichkeiten<\/a><\/li>\n<li>Umfangreiche <a tabindex=\"-1\" href=\"https:\/\/www.astam.at\/produkt-kategorie\/hebezeuge\/komponenten-zubehoer\/\">Zusatzausstattungen<\/a> m\u00f6glich<\/li>\n<\/ul>\n<hr \/>\n<p>Der ABUS Eintr\u00e4gerkran EHB ist die \u201eleichteste L\u00f6sung\u201c f\u00fcr den fl\u00e4chendeckenden Materialtransport in Hallen. Durch den einfachen Aufbau mit zwei Schienen und einem Krantr\u00e4ger ist der EHB sehr leicht und kann daher problemlos von Hand verfahren werden. Zudem ist auch die Installation in Leichtbauhallen mit geringer Tragf\u00e4higkeit machbar.<\/p>\n<p>&nbsp;<\/p>\n<p>&nbsp;<\/p>\n","protected":false},"excerpt":{"rendered":"<p>Der ABUS Eintr\u00e4gerkran EHB ist die \u201eleichteste L\u00f6sung\u201c f\u00fcr den fl\u00e4chendeckenden Materialtransport in Hallen.<\/p>\n","protected":false},"featured_media":3000,"template":"","meta":{"_acf_changed":false,"inline_featured_image":false},"product_brand":[],"product_cat":[113],"product_tag":[],"class_list":{"0":"post-2999","1":"product","2":"type-product","3":"status-publish","4":"has-post-thumbnail","6":"product_cat-haengebahnsysteme","8":"first","9":"instock","10":"shipping-taxable","11":"product-type-simple"},"acf":[],"yoast_head":"<!-- This site is optimized with the Yoast SEO plugin v27.5 - https:\/\/yoast.com\/product\/yoast-seo-wordpress\/ -->\n<title>ABUS H\u00e4ngebahnsysteme - Eintr\u00e4gerkran EHB - ASTAM<\/title>\n<meta name=\"description\" content=\"Der ABUS Eintr\u00e4gerkran EHB ist die \u201eleichteste L\u00f6sung\u201c f\u00fcr den fl\u00e4chendeckenden Materialtransport in Hallen.\" \/>\n<meta name=\"robots\" content=\"index, follow, max-snippet:-1, max-image-preview:large, max-video-preview:-1\" \/>\n<link rel=\"canonical\" href=\"https:\/\/www.astam.at\/en\/leistungen\/krananlagen\/abus\/krane\/haengebahnsysteme\/eintraegerkran-ehb\/\" \/>\n<meta property=\"og:locale\" content=\"en_US\" \/>\n<meta property=\"og:type\" content=\"article\" \/>\n<meta property=\"og:title\" content=\"ABUS H\u00e4ngebahnsysteme - Eintr\u00e4gerkran EHB - ASTAM\" \/>\n<meta property=\"og:description\" content=\"Der ABUS Eintr\u00e4gerkran EHB ist die \u201eleichteste L\u00f6sung\u201c f\u00fcr den fl\u00e4chendeckenden Materialtransport in Hallen.\" \/>\n<meta property=\"og:url\" content=\"https:\/\/www.astam.at\/en\/leistungen\/krananlagen\/abus\/krane\/haengebahnsysteme\/eintraegerkran-ehb\/\" \/>\n<meta property=\"og:site_name\" content=\"ASTAM\" \/>\n<meta property=\"article:publisher\" content=\"https:\/\/www.facebook.com\/pg\/ASTAM-Gmbh-572405462791301\/posts\/\" \/>\n<meta property=\"article:modified_time\" content=\"2022-09-28T07:53:40+00:00\" \/>\n<meta property=\"og:image\" content=\"https:\/\/www.astam.at\/wp-content\/uploads\/2022\/09\/C1-Illustration-EHB-Web-1.png\" \/>\n\t<meta property=\"og:image:width\" content=\"500\" \/>\n\t<meta property=\"og:image:height\" content=\"400\" \/>\n\t<meta property=\"og:image:type\" content=\"image\/png\" \/>\n<meta name=\"twitter:card\" content=\"summary_large_image\" \/>\n<meta name=\"twitter:label1\" content=\"Est. reading time\" \/>\n\t<meta name=\"twitter:data1\" content=\"1 minute\" \/>\n<!-- \/ Yoast SEO plugin. -->","yoast_head_json":{"title":"ABUS H\u00e4ngebahnsysteme - Eintr\u00e4gerkran EHB - ASTAM","description":"Der ABUS Eintr\u00e4gerkran EHB ist die \u201eleichteste L\u00f6sung\u201c f\u00fcr den fl\u00e4chendeckenden Materialtransport in Hallen.","robots":{"index":"index","follow":"follow","max-snippet":"max-snippet:-1","max-image-preview":"max-image-preview:large","max-video-preview":"max-video-preview:-1"},"canonical":"https:\/\/www.astam.at\/en\/leistungen\/krananlagen\/abus\/krane\/haengebahnsysteme\/eintraegerkran-ehb\/","og_locale":"en_US","og_type":"article","og_title":"ABUS H\u00e4ngebahnsysteme - Eintr\u00e4gerkran EHB - ASTAM","og_description":"Der ABUS Eintr\u00e4gerkran EHB ist die \u201eleichteste L\u00f6sung\u201c f\u00fcr den fl\u00e4chendeckenden Materialtransport in Hallen.","og_url":"https:\/\/www.astam.at\/en\/leistungen\/krananlagen\/abus\/krane\/haengebahnsysteme\/eintraegerkran-ehb\/","og_site_name":"ASTAM","article_publisher":"https:\/\/www.facebook.com\/pg\/ASTAM-Gmbh-572405462791301\/posts\/","article_modified_time":"2022-09-28T07:53:40+00:00","og_image":[{"width":500,"height":400,"url":"https:\/\/www.astam.at\/wp-content\/uploads\/2022\/09\/C1-Illustration-EHB-Web-1.png","type":"image\/png"}],"twitter_card":"summary_large_image","twitter_misc":{"Est. reading time":"1 minute"},"schema":{"@context":"https:\/\/schema.org","@graph":[{"@type":"WebPage","@id":"https:\/\/www.astam.at\/en\/leistungen\/krananlagen\/abus\/krane\/haengebahnsysteme\/eintraegerkran-ehb\/","url":"https:\/\/www.astam.at\/en\/leistungen\/krananlagen\/abus\/krane\/haengebahnsysteme\/eintraegerkran-ehb\/","name":"ABUS H\u00e4ngebahnsysteme - Eintr\u00e4gerkran EHB - ASTAM","isPartOf":{"@id":"https:\/\/www.astam.at\/en\/#website"},"primaryImageOfPage":{"@id":"https:\/\/www.astam.at\/en\/leistungen\/krananlagen\/abus\/krane\/haengebahnsysteme\/eintraegerkran-ehb\/#primaryimage"},"image":{"@id":"https:\/\/www.astam.at\/en\/leistungen\/krananlagen\/abus\/krane\/haengebahnsysteme\/eintraegerkran-ehb\/#primaryimage"},"thumbnailUrl":"https:\/\/www.astam.at\/wp-content\/uploads\/2022\/09\/C1-Illustration-EHB-Web-1.png","datePublished":"2022-09-26T11:47:09+00:00","dateModified":"2022-09-28T07:53:40+00:00","description":"Der ABUS Eintr\u00e4gerkran EHB ist die \u201eleichteste L\u00f6sung\u201c f\u00fcr den fl\u00e4chendeckenden Materialtransport in Hallen.","breadcrumb":{"@id":"https:\/\/www.astam.at\/en\/leistungen\/krananlagen\/abus\/krane\/haengebahnsysteme\/eintraegerkran-ehb\/#breadcrumb"},"inLanguage":"en-US","potentialAction":[{"@type":"ReadAction","target":["https:\/\/www.astam.at\/en\/leistungen\/krananlagen\/abus\/krane\/haengebahnsysteme\/eintraegerkran-ehb\/"]}]},{"@type":"ImageObject","inLanguage":"en-US","@id":"https:\/\/www.astam.at\/en\/leistungen\/krananlagen\/abus\/krane\/haengebahnsysteme\/eintraegerkran-ehb\/#primaryimage","url":"https:\/\/www.astam.at\/wp-content\/uploads\/2022\/09\/C1-Illustration-EHB-Web-1.png","contentUrl":"https:\/\/www.astam.at\/wp-content\/uploads\/2022\/09\/C1-Illustration-EHB-Web-1.png","width":500,"height":400},{"@type":"BreadcrumbList","@id":"https:\/\/www.astam.at\/en\/leistungen\/krananlagen\/abus\/krane\/haengebahnsysteme\/eintraegerkran-ehb\/#breadcrumb","itemListElement":[{"@type":"ListItem","position":1,"name":"Startseite","item":"https:\/\/www.astam.at\/en\/"},{"@type":"ListItem","position":2,"name":"ABUS","item":"https:\/\/www.astam.at\/leistungen\/krananlagen\/abus\/"},{"@type":"ListItem","position":3,"name":"Eintr\u00e4gerkran EHB"}]},{"@type":"WebSite","@id":"https:\/\/www.astam.at\/en\/#website","url":"https:\/\/www.astam.at\/en\/","name":"ASTAM","description":"Maschinen- Stahl und Anlagenbau, Krananlagen","publisher":{"@id":"https:\/\/www.astam.at\/en\/#organization"},"potentialAction":[{"@type":"SearchAction","target":{"@type":"EntryPoint","urlTemplate":"https:\/\/www.astam.at\/en\/?s={search_term_string}"},"query-input":{"@type":"PropertyValueSpecification","valueRequired":true,"valueName":"search_term_string"}}],"inLanguage":"en-US"},{"@type":"Organization","@id":"https:\/\/www.astam.at\/en\/#organization","name":"ASTAM Allgemeine Stahl-, Anlagen- und Maschinenbau Ges.m.b.H.","url":"https:\/\/www.astam.at\/en\/","logo":{"@type":"ImageObject","inLanguage":"en-US","@id":"https:\/\/www.astam.at\/en\/#\/schema\/logo\/image\/","url":"https:\/\/www.astam.at\/wp-content\/uploads\/2020\/07\/astam_logo_freigestellt.png","contentUrl":"https:\/\/www.astam.at\/wp-content\/uploads\/2020\/07\/astam_logo_freigestellt.png","width":2318,"height":329,"caption":"ASTAM Allgemeine Stahl-, Anlagen- und Maschinenbau Ges.m.b.H."},"image":{"@id":"https:\/\/www.astam.at\/en\/#\/schema\/logo\/image\/"},"sameAs":["https:\/\/www.facebook.com\/pg\/ASTAM-Gmbh-572405462791301\/posts\/"]}]}},"_links":{"self":[{"href":"https:\/\/www.astam.at\/en\/wp-json\/wp\/v2\/product\/2999","targetHints":{"allow":["GET"]}}],"collection":[{"href":"https:\/\/www.astam.at\/en\/wp-json\/wp\/v2\/product"}],"about":[{"href":"https:\/\/www.astam.at\/en\/wp-json\/wp\/v2\/types\/product"}],"wp:featuredmedia":[{"embeddable":true,"href":"https:\/\/www.astam.at\/en\/wp-json\/wp\/v2\/media\/3000"}],"wp:attachment":[{"href":"https:\/\/www.astam.at\/en\/wp-json\/wp\/v2\/media?parent=2999"}],"wp:term":[{"taxonomy":"product_brand","embeddable":true,"href":"https:\/\/www.astam.at\/en\/wp-json\/wp\/v2\/product_brand?post=2999"},{"taxonomy":"product_cat","embeddable":true,"href":"https:\/\/www.astam.at\/en\/wp-json\/wp\/v2\/product_cat?post=2999"},{"taxonomy":"product_tag","embeddable":true,"href":"https:\/\/www.astam.at\/en\/wp-json\/wp\/v2\/product_tag?post=2999"}],"curies":[{"name":"wp","href":"https:\/\/api.w.org\/{rel}","templated":true}]}}