{"id":3017,"date":"2022-09-26T13:56:13","date_gmt":"2022-09-26T11:56:13","guid":{"rendered":"https:\/\/www.astam.at\/?post_type=product&#038;p=3017"},"modified":"2022-09-28T09:54:53","modified_gmt":"2022-09-28T07:54:53","slug":"eintraegerkran-ehb-x","status":"publish","type":"product","link":"https:\/\/www.astam.at\/en\/leistungen\/krananlagen\/abus\/krane\/haengebahnsysteme\/eintraegerkran-ehb-x\/","title":{"rendered":"Eintr\u00e4gerkran EHB-X"},"content":{"rendered":"<p><strong>Auf einen Blick<\/strong><\/p>\n<ul>\n<li>Optimale Ausnutzung der Raumh\u00f6he durch aufgebockten Kran<\/li>\n<li>Sehr leicht von Hand verfahrbar<\/li>\n<li>Sehr niedrige Bauh\u00f6he<\/li>\n<li>Geringe Anfahrma\u00dfe<\/li>\n<li>Gro\u00dfe Aufh\u00e4ngeabst\u00e4nde<\/li>\n<li>Elektrisch verfahrbar (Option)<\/li>\n<li>Verfahrbare Steuerung (Option)<\/li>\n<li>Gro\u00dfe Auswahl an standardisierten <a tabindex=\"-1\" href=\"https:\/\/www.abus-kran.at\/krane\/haengebahnsysteme\/befestigung\" target=\"_blank\" rel=\"noopener\">Befestigungsm\u00f6glichkeiten<\/a><\/li>\n<li>Umfangreiche <a tabindex=\"-1\" href=\"https:\/\/www.astam.at\/produkt-kategorie\/hebezeuge\/komponenten-zubehoer\/\">Zusatzausstattungen<\/a> m\u00f6glich<\/li>\n<\/ul>\n<hr \/>\n<p>Wenn die Bauh\u00f6he des EHB nicht ausreicht, ist der EHB-X die Antwort. Bei diesem Eintr\u00e4gerkran l\u00e4uft der Krantr\u00e4ger nicht unter, sondern zwischen der Kranbahn. Der gesamte Kran hat so nur die H\u00f6he eines einzelnen Profils. So wird eine deutlich verbesserte Hubh\u00f6he erreicht, die beispielsweise auch hochbauende Maschinen im F\u00f6rderbereich \u00fcberwinden kann.<\/p>\n<p>&nbsp;<\/p>\n<p>&nbsp;<\/p>\n","protected":false},"excerpt":{"rendered":"<p>Wenn die Bauh\u00f6he des EHB nicht ausreicht, ist der EHB-X die Antwort. Bei diesem Eintr\u00e4gerkran l\u00e4uft der Krantr\u00e4ger nicht unter, sondern zwischen der Kranbahn.<\/p>\n","protected":false},"featured_media":3018,"template":"","meta":{"_acf_changed":false,"inline_featured_image":false},"product_brand":[],"product_cat":[113],"product_tag":[],"class_list":{"0":"post-3017","1":"product","2":"type-product","3":"status-publish","4":"has-post-thumbnail","6":"product_cat-haengebahnsysteme","8":"first","9":"instock","10":"shipping-taxable","11":"product-type-simple"},"acf":[],"yoast_head":"<!-- This site is optimized with the Yoast SEO plugin v27.5 - https:\/\/yoast.com\/product\/yoast-seo-wordpress\/ -->\n<title>ABUS H\u00e4ngebahnsysteme - Eintr\u00e4gerkran EHB-X - ASTAM<\/title>\n<meta name=\"description\" content=\"Wenn die Bauh\u00f6he des EHB nicht ausreicht, ist der EHB-X die Antwort. Bei diesem Eintr\u00e4gerkran l\u00e4uft der Krantr\u00e4ger nicht unter, sondern zwischen der Kranbahn.\" \/>\n<meta name=\"robots\" content=\"index, follow, max-snippet:-1, max-image-preview:large, max-video-preview:-1\" \/>\n<link rel=\"canonical\" href=\"https:\/\/www.astam.at\/en\/leistungen\/krananlagen\/abus\/krane\/haengebahnsysteme\/eintraegerkran-ehb-x\/\" \/>\n<meta property=\"og:locale\" content=\"en_US\" \/>\n<meta property=\"og:type\" content=\"article\" \/>\n<meta property=\"og:title\" content=\"ABUS H\u00e4ngebahnsysteme - Eintr\u00e4gerkran EHB-X - ASTAM\" \/>\n<meta property=\"og:description\" content=\"Wenn die Bauh\u00f6he des EHB nicht ausreicht, ist der EHB-X die Antwort. Bei diesem Eintr\u00e4gerkran l\u00e4uft der Krantr\u00e4ger nicht unter, sondern zwischen der Kranbahn.\" \/>\n<meta property=\"og:url\" content=\"https:\/\/www.astam.at\/en\/leistungen\/krananlagen\/abus\/krane\/haengebahnsysteme\/eintraegerkran-ehb-x\/\" \/>\n<meta property=\"og:site_name\" content=\"ASTAM\" \/>\n<meta property=\"article:publisher\" content=\"https:\/\/www.facebook.com\/pg\/ASTAM-Gmbh-572405462791301\/posts\/\" \/>\n<meta property=\"article:modified_time\" content=\"2022-09-28T07:54:53+00:00\" \/>\n<meta property=\"og:image\" content=\"https:\/\/www.astam.at\/wp-content\/uploads\/2022\/09\/C7-Illustration-EHB-X-Web.png\" \/>\n\t<meta property=\"og:image:width\" content=\"500\" \/>\n\t<meta property=\"og:image:height\" content=\"400\" \/>\n\t<meta property=\"og:image:type\" content=\"image\/png\" \/>\n<meta name=\"twitter:card\" content=\"summary_large_image\" \/>\n<meta name=\"twitter:label1\" content=\"Est. reading time\" \/>\n\t<meta name=\"twitter:data1\" content=\"1 minute\" \/>\n<!-- \/ Yoast SEO plugin. -->","yoast_head_json":{"title":"ABUS H\u00e4ngebahnsysteme - Eintr\u00e4gerkran EHB-X - ASTAM","description":"Wenn die Bauh\u00f6he des EHB nicht ausreicht, ist der EHB-X die Antwort. Bei diesem Eintr\u00e4gerkran l\u00e4uft der Krantr\u00e4ger nicht unter, sondern zwischen der Kranbahn.","robots":{"index":"index","follow":"follow","max-snippet":"max-snippet:-1","max-image-preview":"max-image-preview:large","max-video-preview":"max-video-preview:-1"},"canonical":"https:\/\/www.astam.at\/en\/leistungen\/krananlagen\/abus\/krane\/haengebahnsysteme\/eintraegerkran-ehb-x\/","og_locale":"en_US","og_type":"article","og_title":"ABUS H\u00e4ngebahnsysteme - Eintr\u00e4gerkran EHB-X - ASTAM","og_description":"Wenn die Bauh\u00f6he des EHB nicht ausreicht, ist der EHB-X die Antwort. Bei diesem Eintr\u00e4gerkran l\u00e4uft der Krantr\u00e4ger nicht unter, sondern zwischen der Kranbahn.","og_url":"https:\/\/www.astam.at\/en\/leistungen\/krananlagen\/abus\/krane\/haengebahnsysteme\/eintraegerkran-ehb-x\/","og_site_name":"ASTAM","article_publisher":"https:\/\/www.facebook.com\/pg\/ASTAM-Gmbh-572405462791301\/posts\/","article_modified_time":"2022-09-28T07:54:53+00:00","og_image":[{"width":500,"height":400,"url":"https:\/\/www.astam.at\/wp-content\/uploads\/2022\/09\/C7-Illustration-EHB-X-Web.png","type":"image\/png"}],"twitter_card":"summary_large_image","twitter_misc":{"Est. reading time":"1 minute"},"schema":{"@context":"https:\/\/schema.org","@graph":[{"@type":"WebPage","@id":"https:\/\/www.astam.at\/en\/leistungen\/krananlagen\/abus\/krane\/haengebahnsysteme\/eintraegerkran-ehb-x\/","url":"https:\/\/www.astam.at\/en\/leistungen\/krananlagen\/abus\/krane\/haengebahnsysteme\/eintraegerkran-ehb-x\/","name":"ABUS H\u00e4ngebahnsysteme - Eintr\u00e4gerkran EHB-X - ASTAM","isPartOf":{"@id":"https:\/\/www.astam.at\/en\/#website"},"primaryImageOfPage":{"@id":"https:\/\/www.astam.at\/en\/leistungen\/krananlagen\/abus\/krane\/haengebahnsysteme\/eintraegerkran-ehb-x\/#primaryimage"},"image":{"@id":"https:\/\/www.astam.at\/en\/leistungen\/krananlagen\/abus\/krane\/haengebahnsysteme\/eintraegerkran-ehb-x\/#primaryimage"},"thumbnailUrl":"https:\/\/www.astam.at\/wp-content\/uploads\/2022\/09\/C7-Illustration-EHB-X-Web.png","datePublished":"2022-09-26T11:56:13+00:00","dateModified":"2022-09-28T07:54:53+00:00","description":"Wenn die Bauh\u00f6he des EHB nicht ausreicht, ist der EHB-X die Antwort. Bei diesem Eintr\u00e4gerkran l\u00e4uft der Krantr\u00e4ger nicht unter, sondern zwischen der Kranbahn.","breadcrumb":{"@id":"https:\/\/www.astam.at\/en\/leistungen\/krananlagen\/abus\/krane\/haengebahnsysteme\/eintraegerkran-ehb-x\/#breadcrumb"},"inLanguage":"en-US","potentialAction":[{"@type":"ReadAction","target":["https:\/\/www.astam.at\/en\/leistungen\/krananlagen\/abus\/krane\/haengebahnsysteme\/eintraegerkran-ehb-x\/"]}]},{"@type":"ImageObject","inLanguage":"en-US","@id":"https:\/\/www.astam.at\/en\/leistungen\/krananlagen\/abus\/krane\/haengebahnsysteme\/eintraegerkran-ehb-x\/#primaryimage","url":"https:\/\/www.astam.at\/wp-content\/uploads\/2022\/09\/C7-Illustration-EHB-X-Web.png","contentUrl":"https:\/\/www.astam.at\/wp-content\/uploads\/2022\/09\/C7-Illustration-EHB-X-Web.png","width":500,"height":400},{"@type":"BreadcrumbList","@id":"https:\/\/www.astam.at\/en\/leistungen\/krananlagen\/abus\/krane\/haengebahnsysteme\/eintraegerkran-ehb-x\/#breadcrumb","itemListElement":[{"@type":"ListItem","position":1,"name":"Startseite","item":"https:\/\/www.astam.at\/en\/"},{"@type":"ListItem","position":2,"name":"ABUS","item":"https:\/\/www.astam.at\/leistungen\/krananlagen\/abus\/"},{"@type":"ListItem","position":3,"name":"Eintr\u00e4gerkran EHB-X"}]},{"@type":"WebSite","@id":"https:\/\/www.astam.at\/en\/#website","url":"https:\/\/www.astam.at\/en\/","name":"ASTAM","description":"Maschinen- Stahl und Anlagenbau, Krananlagen","publisher":{"@id":"https:\/\/www.astam.at\/en\/#organization"},"potentialAction":[{"@type":"SearchAction","target":{"@type":"EntryPoint","urlTemplate":"https:\/\/www.astam.at\/en\/?s={search_term_string}"},"query-input":{"@type":"PropertyValueSpecification","valueRequired":true,"valueName":"search_term_string"}}],"inLanguage":"en-US"},{"@type":"Organization","@id":"https:\/\/www.astam.at\/en\/#organization","name":"ASTAM Allgemeine Stahl-, Anlagen- und Maschinenbau Ges.m.b.H.","url":"https:\/\/www.astam.at\/en\/","logo":{"@type":"ImageObject","inLanguage":"en-US","@id":"https:\/\/www.astam.at\/en\/#\/schema\/logo\/image\/","url":"https:\/\/www.astam.at\/wp-content\/uploads\/2020\/07\/astam_logo_freigestellt.png","contentUrl":"https:\/\/www.astam.at\/wp-content\/uploads\/2020\/07\/astam_logo_freigestellt.png","width":2318,"height":329,"caption":"ASTAM Allgemeine Stahl-, Anlagen- und Maschinenbau Ges.m.b.H."},"image":{"@id":"https:\/\/www.astam.at\/en\/#\/schema\/logo\/image\/"},"sameAs":["https:\/\/www.facebook.com\/pg\/ASTAM-Gmbh-572405462791301\/posts\/"]}]}},"_links":{"self":[{"href":"https:\/\/www.astam.at\/en\/wp-json\/wp\/v2\/product\/3017","targetHints":{"allow":["GET"]}}],"collection":[{"href":"https:\/\/www.astam.at\/en\/wp-json\/wp\/v2\/product"}],"about":[{"href":"https:\/\/www.astam.at\/en\/wp-json\/wp\/v2\/types\/product"}],"wp:featuredmedia":[{"embeddable":true,"href":"https:\/\/www.astam.at\/en\/wp-json\/wp\/v2\/media\/3018"}],"wp:attachment":[{"href":"https:\/\/www.astam.at\/en\/wp-json\/wp\/v2\/media?parent=3017"}],"wp:term":[{"taxonomy":"product_brand","embeddable":true,"href":"https:\/\/www.astam.at\/en\/wp-json\/wp\/v2\/product_brand?post=3017"},{"taxonomy":"product_cat","embeddable":true,"href":"https:\/\/www.astam.at\/en\/wp-json\/wp\/v2\/product_cat?post=3017"},{"taxonomy":"product_tag","embeddable":true,"href":"https:\/\/www.astam.at\/en\/wp-json\/wp\/v2\/product_tag?post=3017"}],"curies":[{"name":"wp","href":"https:\/\/api.w.org\/{rel}","templated":true}]}}