{"id":3030,"date":"2022-09-26T14:50:39","date_gmt":"2022-09-26T12:50:39","guid":{"rendered":"https:\/\/www.astam.at\/?post_type=product&#038;p=3030"},"modified":"2022-09-28T09:55:23","modified_gmt":"2022-09-28T07:55:23","slug":"zweitraegerkran-zhb","status":"publish","type":"product","link":"https:\/\/www.astam.at\/en\/leistungen\/krananlagen\/abus\/krane\/haengebahnsysteme\/zweitraegerkran-zhb\/","title":{"rendered":"Zweitr\u00e4gerkran ZHB"},"content":{"rendered":"<p><strong>Auf einen Blick<\/strong><\/p>\n<ul>\n<li>Hohe Tragf\u00e4higkeit<\/li>\n<li>Besonders g\u00fcnstige Hubh\u00f6he durch Anordnung des Kettenzuges zwischen den Krantr\u00e4gern<\/li>\n<li>Elektrisch verfahrbar (Option)<\/li>\n<li>Verfahrbare Steuerung (Option)<\/li>\n<li>Gro\u00dfe Auswahl an standardisierten <a tabindex=\"-1\" href=\"https:\/\/www.abus-kran.at\/krane\/haengebahnsysteme\/befestigung\" target=\"_blank\" rel=\"noopener\">Befestigungsm\u00f6glichkeiten<\/a><\/li>\n<li>Umfangreiche <a tabindex=\"-1\" href=\"https:\/\/www.astam.at\/produkt-kategorie\/hebezeuge\/komponenten-zubehoer\/\">Zusatzausstattungen<\/a> m\u00f6glich<\/li>\n<\/ul>\n<hr \/>\n<p>Der ABUS Zweitr\u00e4gerkran ZHB ist unsere Antwort f\u00fcr gro\u00dfe Lasten im fl\u00e4chendeckenden Transport. Zudem zeichnet sich der ZHB durch gro\u00dfe Krantr\u00e4gerl\u00e4ngen aus. Der ABUS Kettenzug ist auch hier zwischen den Krantr\u00e4gern angeordnet, was ein Plus an Hakenh\u00f6he bedeutet.<\/p>\n<p>Ganz nach Bedarf sind Kran und Elektro-Kettenzug elektrisch verfahrbar. Mit einer Funksteuerung wird der Bediener unabh\u00e4ngig vom Standort des Kettenzugs.<\/p>\n<p>&nbsp;<\/p>\n<p>&nbsp;<\/p>\n","protected":false},"excerpt":{"rendered":"<p>Der ABUS Zweitr\u00e4gerkran ZHB ist unsere Antwort f\u00fcr gro\u00dfe Lasten im fl\u00e4chendeckenden Transport.<\/p>\n","protected":false},"featured_media":3031,"template":"","meta":{"_acf_changed":false,"inline_featured_image":false},"product_brand":[],"product_cat":[113],"product_tag":[],"class_list":{"0":"post-3030","1":"product","2":"type-product","3":"status-publish","4":"has-post-thumbnail","6":"product_cat-haengebahnsysteme","8":"first","9":"instock","10":"shipping-taxable","11":"product-type-simple"},"acf":[],"yoast_head":"<!-- This site is optimized with the Yoast SEO plugin v27.5 - https:\/\/yoast.com\/product\/yoast-seo-wordpress\/ -->\n<title>ABUS H\u00e4ngebahnsysteme - Zweitr\u00e4gerkran ZHB - ASTAM<\/title>\n<meta name=\"description\" content=\"Der ABUS Zweitr\u00e4gerkran ZHB ist unsere Antwort f\u00fcr gro\u00dfe Lasten im fl\u00e4chendeckenden Transport. Ganz nach Bedarf sind Kran und Elektro-Kettenzug elektrisch verfahrbar.\" \/>\n<meta name=\"robots\" content=\"index, follow, max-snippet:-1, max-image-preview:large, max-video-preview:-1\" \/>\n<link rel=\"canonical\" href=\"https:\/\/www.astam.at\/en\/leistungen\/krananlagen\/abus\/krane\/haengebahnsysteme\/zweitraegerkran-zhb\/\" \/>\n<meta property=\"og:locale\" content=\"en_US\" \/>\n<meta property=\"og:type\" content=\"article\" \/>\n<meta property=\"og:title\" content=\"ABUS H\u00e4ngebahnsysteme - Zweitr\u00e4gerkran ZHB - ASTAM\" \/>\n<meta property=\"og:description\" content=\"Der ABUS Zweitr\u00e4gerkran ZHB ist unsere Antwort f\u00fcr gro\u00dfe Lasten im fl\u00e4chendeckenden Transport. Ganz nach Bedarf sind Kran und Elektro-Kettenzug elektrisch verfahrbar.\" \/>\n<meta property=\"og:url\" content=\"https:\/\/www.astam.at\/en\/leistungen\/krananlagen\/abus\/krane\/haengebahnsysteme\/zweitraegerkran-zhb\/\" \/>\n<meta property=\"og:site_name\" content=\"ASTAM\" \/>\n<meta property=\"article:publisher\" content=\"https:\/\/www.facebook.com\/pg\/ASTAM-Gmbh-572405462791301\/posts\/\" \/>\n<meta property=\"article:modified_time\" content=\"2022-09-28T07:55:23+00:00\" \/>\n<meta property=\"og:image\" content=\"https:\/\/www.astam.at\/wp-content\/uploads\/2022\/09\/C2-Illustration-ZHB-Web.png\" \/>\n\t<meta property=\"og:image:width\" content=\"500\" \/>\n\t<meta property=\"og:image:height\" content=\"400\" \/>\n\t<meta property=\"og:image:type\" content=\"image\/png\" \/>\n<meta name=\"twitter:card\" content=\"summary_large_image\" \/>\n<meta name=\"twitter:label1\" content=\"Est. reading time\" \/>\n\t<meta name=\"twitter:data1\" content=\"1 minute\" \/>\n<!-- \/ Yoast SEO plugin. -->","yoast_head_json":{"title":"ABUS H\u00e4ngebahnsysteme - Zweitr\u00e4gerkran ZHB - ASTAM","description":"Der ABUS Zweitr\u00e4gerkran ZHB ist unsere Antwort f\u00fcr gro\u00dfe Lasten im fl\u00e4chendeckenden Transport. Ganz nach Bedarf sind Kran und Elektro-Kettenzug elektrisch verfahrbar.","robots":{"index":"index","follow":"follow","max-snippet":"max-snippet:-1","max-image-preview":"max-image-preview:large","max-video-preview":"max-video-preview:-1"},"canonical":"https:\/\/www.astam.at\/en\/leistungen\/krananlagen\/abus\/krane\/haengebahnsysteme\/zweitraegerkran-zhb\/","og_locale":"en_US","og_type":"article","og_title":"ABUS H\u00e4ngebahnsysteme - Zweitr\u00e4gerkran ZHB - ASTAM","og_description":"Der ABUS Zweitr\u00e4gerkran ZHB ist unsere Antwort f\u00fcr gro\u00dfe Lasten im fl\u00e4chendeckenden Transport. Ganz nach Bedarf sind Kran und Elektro-Kettenzug elektrisch verfahrbar.","og_url":"https:\/\/www.astam.at\/en\/leistungen\/krananlagen\/abus\/krane\/haengebahnsysteme\/zweitraegerkran-zhb\/","og_site_name":"ASTAM","article_publisher":"https:\/\/www.facebook.com\/pg\/ASTAM-Gmbh-572405462791301\/posts\/","article_modified_time":"2022-09-28T07:55:23+00:00","og_image":[{"width":500,"height":400,"url":"https:\/\/www.astam.at\/wp-content\/uploads\/2022\/09\/C2-Illustration-ZHB-Web.png","type":"image\/png"}],"twitter_card":"summary_large_image","twitter_misc":{"Est. reading time":"1 minute"},"schema":{"@context":"https:\/\/schema.org","@graph":[{"@type":"WebPage","@id":"https:\/\/www.astam.at\/en\/leistungen\/krananlagen\/abus\/krane\/haengebahnsysteme\/zweitraegerkran-zhb\/","url":"https:\/\/www.astam.at\/en\/leistungen\/krananlagen\/abus\/krane\/haengebahnsysteme\/zweitraegerkran-zhb\/","name":"ABUS H\u00e4ngebahnsysteme - Zweitr\u00e4gerkran ZHB - ASTAM","isPartOf":{"@id":"https:\/\/www.astam.at\/en\/#website"},"primaryImageOfPage":{"@id":"https:\/\/www.astam.at\/en\/leistungen\/krananlagen\/abus\/krane\/haengebahnsysteme\/zweitraegerkran-zhb\/#primaryimage"},"image":{"@id":"https:\/\/www.astam.at\/en\/leistungen\/krananlagen\/abus\/krane\/haengebahnsysteme\/zweitraegerkran-zhb\/#primaryimage"},"thumbnailUrl":"https:\/\/www.astam.at\/wp-content\/uploads\/2022\/09\/C2-Illustration-ZHB-Web.png","datePublished":"2022-09-26T12:50:39+00:00","dateModified":"2022-09-28T07:55:23+00:00","description":"Der ABUS Zweitr\u00e4gerkran ZHB ist unsere Antwort f\u00fcr gro\u00dfe Lasten im fl\u00e4chendeckenden Transport. Ganz nach Bedarf sind Kran und Elektro-Kettenzug elektrisch verfahrbar.","breadcrumb":{"@id":"https:\/\/www.astam.at\/en\/leistungen\/krananlagen\/abus\/krane\/haengebahnsysteme\/zweitraegerkran-zhb\/#breadcrumb"},"inLanguage":"en-US","potentialAction":[{"@type":"ReadAction","target":["https:\/\/www.astam.at\/en\/leistungen\/krananlagen\/abus\/krane\/haengebahnsysteme\/zweitraegerkran-zhb\/"]}]},{"@type":"ImageObject","inLanguage":"en-US","@id":"https:\/\/www.astam.at\/en\/leistungen\/krananlagen\/abus\/krane\/haengebahnsysteme\/zweitraegerkran-zhb\/#primaryimage","url":"https:\/\/www.astam.at\/wp-content\/uploads\/2022\/09\/C2-Illustration-ZHB-Web.png","contentUrl":"https:\/\/www.astam.at\/wp-content\/uploads\/2022\/09\/C2-Illustration-ZHB-Web.png","width":500,"height":400},{"@type":"BreadcrumbList","@id":"https:\/\/www.astam.at\/en\/leistungen\/krananlagen\/abus\/krane\/haengebahnsysteme\/zweitraegerkran-zhb\/#breadcrumb","itemListElement":[{"@type":"ListItem","position":1,"name":"Startseite","item":"https:\/\/www.astam.at\/en\/"},{"@type":"ListItem","position":2,"name":"ABUS","item":"https:\/\/www.astam.at\/leistungen\/krananlagen\/abus\/"},{"@type":"ListItem","position":3,"name":"Zweitr\u00e4gerkran ZHB"}]},{"@type":"WebSite","@id":"https:\/\/www.astam.at\/en\/#website","url":"https:\/\/www.astam.at\/en\/","name":"ASTAM","description":"Maschinen- Stahl und Anlagenbau, Krananlagen","publisher":{"@id":"https:\/\/www.astam.at\/en\/#organization"},"potentialAction":[{"@type":"SearchAction","target":{"@type":"EntryPoint","urlTemplate":"https:\/\/www.astam.at\/en\/?s={search_term_string}"},"query-input":{"@type":"PropertyValueSpecification","valueRequired":true,"valueName":"search_term_string"}}],"inLanguage":"en-US"},{"@type":"Organization","@id":"https:\/\/www.astam.at\/en\/#organization","name":"ASTAM Allgemeine Stahl-, Anlagen- und Maschinenbau Ges.m.b.H.","url":"https:\/\/www.astam.at\/en\/","logo":{"@type":"ImageObject","inLanguage":"en-US","@id":"https:\/\/www.astam.at\/en\/#\/schema\/logo\/image\/","url":"https:\/\/www.astam.at\/wp-content\/uploads\/2020\/07\/astam_logo_freigestellt.png","contentUrl":"https:\/\/www.astam.at\/wp-content\/uploads\/2020\/07\/astam_logo_freigestellt.png","width":2318,"height":329,"caption":"ASTAM Allgemeine Stahl-, Anlagen- und Maschinenbau Ges.m.b.H."},"image":{"@id":"https:\/\/www.astam.at\/en\/#\/schema\/logo\/image\/"},"sameAs":["https:\/\/www.facebook.com\/pg\/ASTAM-Gmbh-572405462791301\/posts\/"]}]}},"_links":{"self":[{"href":"https:\/\/www.astam.at\/en\/wp-json\/wp\/v2\/product\/3030","targetHints":{"allow":["GET"]}}],"collection":[{"href":"https:\/\/www.astam.at\/en\/wp-json\/wp\/v2\/product"}],"about":[{"href":"https:\/\/www.astam.at\/en\/wp-json\/wp\/v2\/types\/product"}],"wp:featuredmedia":[{"embeddable":true,"href":"https:\/\/www.astam.at\/en\/wp-json\/wp\/v2\/media\/3031"}],"wp:attachment":[{"href":"https:\/\/www.astam.at\/en\/wp-json\/wp\/v2\/media?parent=3030"}],"wp:term":[{"taxonomy":"product_brand","embeddable":true,"href":"https:\/\/www.astam.at\/en\/wp-json\/wp\/v2\/product_brand?post=3030"},{"taxonomy":"product_cat","embeddable":true,"href":"https:\/\/www.astam.at\/en\/wp-json\/wp\/v2\/product_cat?post=3030"},{"taxonomy":"product_tag","embeddable":true,"href":"https:\/\/www.astam.at\/en\/wp-json\/wp\/v2\/product_tag?post=3030"}],"curies":[{"name":"wp","href":"https:\/\/api.w.org\/{rel}","templated":true}]}}