{"id":3063,"date":"2022-09-26T15:05:10","date_gmt":"2022-09-26T13:05:10","guid":{"rendered":"https:\/\/www.astam.at\/?post_type=product&#038;p=3063"},"modified":"2022-09-28T09:56:05","modified_gmt":"2022-09-28T07:56:05","slug":"zweitraegerkran-zhb-3","status":"publish","type":"product","link":"https:\/\/www.astam.at\/en\/leistungen\/krananlagen\/abus\/krane\/haengebahnsysteme\/zweitraegerkran-zhb-3\/","title":{"rendered":"Zweitr\u00e4gerkran ZHB-3"},"content":{"rendered":"<p><strong>Auf einen Blick<\/strong><\/p>\n<ul>\n<li>Gro\u00dfe Krantr\u00e4gerl\u00e4nge m\u00f6glich<\/li>\n<li>Niedrige Bauh\u00f6he im Vergleich zum Laufkran<\/li>\n<li>Gro\u00dfe Aufh\u00e4ngeabst\u00e4nde<\/li>\n<li>Elektrisch verfahrbar<\/li>\n<li>Verfahrbare Steuerung (Option)<\/li>\n<li>Gro\u00dfe Auswahl an standardisierten <a tabindex=\"-1\" href=\"https:\/\/www.abus-kran.at\/krane\/haengebahnsysteme\/befestigung\" target=\"_blank\" rel=\"noopener\">Befestigungsm\u00f6glichkeiten<\/a><\/li>\n<li>Umfangreiche <a tabindex=\"-1\" href=\"https:\/\/www.astam.at\/produkt-kategorie\/hebezeuge\/komponenten-zubehoer\/\">Zusatzausstattungen<\/a> m\u00f6glich<\/li>\n<\/ul>\n<hr \/>\n<p>Der ABUS Zweitr\u00e4gerkran ZHB-3 macht vor, wie Grenzen \u00fcberwunden werden k\u00f6nnen: Dieser Zweitr\u00e4gerkran wird unter eine dreistr\u00e4ngige Bahn geh\u00e4ngt. Dadurch sind au\u00dfergew\u00f6hnlich lange Tr\u00e4gerl\u00e4ngen m\u00f6glich, die auch gro\u00dfe Hallen vollst\u00e4ndig abdecken k\u00f6nnen.<\/p>\n<p>&nbsp;<\/p>\n<p>&nbsp;<\/p>\n<p>&nbsp;<\/p>\n","protected":false},"excerpt":{"rendered":"<p>Der ABUS Zweitr\u00e4gerkran ZHB-3 macht vor, wie Grenzen \u00fcberwunden werden k\u00f6nnen: Dieser Zweitr\u00e4gerkran wird unter eine dreistr\u00e4ngige Bahn geh\u00e4ngt.<\/p>\n","protected":false},"featured_media":3064,"template":"","meta":{"_acf_changed":false,"inline_featured_image":false},"product_brand":[],"product_cat":[113],"product_tag":[],"class_list":{"0":"post-3063","1":"product","2":"type-product","3":"status-publish","4":"has-post-thumbnail","6":"product_cat-haengebahnsysteme","8":"first","9":"instock","10":"shipping-taxable","11":"product-type-simple"},"acf":[],"yoast_head":"<!-- This site is optimized with the Yoast SEO plugin v27.5 - https:\/\/yoast.com\/product\/yoast-seo-wordpress\/ -->\n<title>ABUS H\u00e4ngebahnsysteme - Zweitr\u00e4gerkran ZHB-3 - ASTAM<\/title>\n<meta name=\"description\" content=\"Der ABUS Zweitr\u00e4gerkran ZHB-3 macht vor, wie Grenzen \u00fcberwunden werden k\u00f6nnen\" \/>\n<meta name=\"robots\" content=\"index, follow, max-snippet:-1, max-image-preview:large, max-video-preview:-1\" \/>\n<link rel=\"canonical\" href=\"https:\/\/www.astam.at\/en\/leistungen\/krananlagen\/abus\/krane\/haengebahnsysteme\/zweitraegerkran-zhb-3\/\" \/>\n<meta property=\"og:locale\" content=\"en_US\" \/>\n<meta property=\"og:type\" content=\"article\" \/>\n<meta property=\"og:title\" content=\"ABUS H\u00e4ngebahnsysteme - Zweitr\u00e4gerkran ZHB-3 - ASTAM\" \/>\n<meta property=\"og:description\" content=\"Der ABUS Zweitr\u00e4gerkran ZHB-3 macht vor, wie Grenzen \u00fcberwunden werden k\u00f6nnen\" \/>\n<meta property=\"og:url\" content=\"https:\/\/www.astam.at\/en\/leistungen\/krananlagen\/abus\/krane\/haengebahnsysteme\/zweitraegerkran-zhb-3\/\" \/>\n<meta property=\"og:site_name\" content=\"ASTAM\" \/>\n<meta property=\"article:publisher\" content=\"https:\/\/www.facebook.com\/pg\/ASTAM-Gmbh-572405462791301\/posts\/\" \/>\n<meta property=\"article:modified_time\" content=\"2022-09-28T07:56:05+00:00\" \/>\n<meta property=\"og:image\" content=\"https:\/\/www.astam.at\/wp-content\/uploads\/2022\/09\/C6-Illustration-ZHB-3-Web.png\" \/>\n\t<meta property=\"og:image:width\" content=\"500\" \/>\n\t<meta property=\"og:image:height\" content=\"400\" \/>\n\t<meta property=\"og:image:type\" content=\"image\/png\" \/>\n<meta name=\"twitter:card\" content=\"summary_large_image\" \/>\n<meta name=\"twitter:label1\" content=\"Est. reading time\" \/>\n\t<meta name=\"twitter:data1\" content=\"1 minute\" \/>\n<!-- \/ Yoast SEO plugin. -->","yoast_head_json":{"title":"ABUS H\u00e4ngebahnsysteme - Zweitr\u00e4gerkran ZHB-3 - ASTAM","description":"Der ABUS Zweitr\u00e4gerkran ZHB-3 macht vor, wie Grenzen \u00fcberwunden werden k\u00f6nnen","robots":{"index":"index","follow":"follow","max-snippet":"max-snippet:-1","max-image-preview":"max-image-preview:large","max-video-preview":"max-video-preview:-1"},"canonical":"https:\/\/www.astam.at\/en\/leistungen\/krananlagen\/abus\/krane\/haengebahnsysteme\/zweitraegerkran-zhb-3\/","og_locale":"en_US","og_type":"article","og_title":"ABUS H\u00e4ngebahnsysteme - Zweitr\u00e4gerkran ZHB-3 - ASTAM","og_description":"Der ABUS Zweitr\u00e4gerkran ZHB-3 macht vor, wie Grenzen \u00fcberwunden werden k\u00f6nnen","og_url":"https:\/\/www.astam.at\/en\/leistungen\/krananlagen\/abus\/krane\/haengebahnsysteme\/zweitraegerkran-zhb-3\/","og_site_name":"ASTAM","article_publisher":"https:\/\/www.facebook.com\/pg\/ASTAM-Gmbh-572405462791301\/posts\/","article_modified_time":"2022-09-28T07:56:05+00:00","og_image":[{"width":500,"height":400,"url":"https:\/\/www.astam.at\/wp-content\/uploads\/2022\/09\/C6-Illustration-ZHB-3-Web.png","type":"image\/png"}],"twitter_card":"summary_large_image","twitter_misc":{"Est. reading time":"1 minute"},"schema":{"@context":"https:\/\/schema.org","@graph":[{"@type":"WebPage","@id":"https:\/\/www.astam.at\/en\/leistungen\/krananlagen\/abus\/krane\/haengebahnsysteme\/zweitraegerkran-zhb-3\/","url":"https:\/\/www.astam.at\/en\/leistungen\/krananlagen\/abus\/krane\/haengebahnsysteme\/zweitraegerkran-zhb-3\/","name":"ABUS H\u00e4ngebahnsysteme - Zweitr\u00e4gerkran ZHB-3 - ASTAM","isPartOf":{"@id":"https:\/\/www.astam.at\/en\/#website"},"primaryImageOfPage":{"@id":"https:\/\/www.astam.at\/en\/leistungen\/krananlagen\/abus\/krane\/haengebahnsysteme\/zweitraegerkran-zhb-3\/#primaryimage"},"image":{"@id":"https:\/\/www.astam.at\/en\/leistungen\/krananlagen\/abus\/krane\/haengebahnsysteme\/zweitraegerkran-zhb-3\/#primaryimage"},"thumbnailUrl":"https:\/\/www.astam.at\/wp-content\/uploads\/2022\/09\/C6-Illustration-ZHB-3-Web.png","datePublished":"2022-09-26T13:05:10+00:00","dateModified":"2022-09-28T07:56:05+00:00","description":"Der ABUS Zweitr\u00e4gerkran ZHB-3 macht vor, wie Grenzen \u00fcberwunden werden k\u00f6nnen","breadcrumb":{"@id":"https:\/\/www.astam.at\/en\/leistungen\/krananlagen\/abus\/krane\/haengebahnsysteme\/zweitraegerkran-zhb-3\/#breadcrumb"},"inLanguage":"en-US","potentialAction":[{"@type":"ReadAction","target":["https:\/\/www.astam.at\/en\/leistungen\/krananlagen\/abus\/krane\/haengebahnsysteme\/zweitraegerkran-zhb-3\/"]}]},{"@type":"ImageObject","inLanguage":"en-US","@id":"https:\/\/www.astam.at\/en\/leistungen\/krananlagen\/abus\/krane\/haengebahnsysteme\/zweitraegerkran-zhb-3\/#primaryimage","url":"https:\/\/www.astam.at\/wp-content\/uploads\/2022\/09\/C6-Illustration-ZHB-3-Web.png","contentUrl":"https:\/\/www.astam.at\/wp-content\/uploads\/2022\/09\/C6-Illustration-ZHB-3-Web.png","width":500,"height":400},{"@type":"BreadcrumbList","@id":"https:\/\/www.astam.at\/en\/leistungen\/krananlagen\/abus\/krane\/haengebahnsysteme\/zweitraegerkran-zhb-3\/#breadcrumb","itemListElement":[{"@type":"ListItem","position":1,"name":"Startseite","item":"https:\/\/www.astam.at\/en\/"},{"@type":"ListItem","position":2,"name":"ABUS","item":"https:\/\/www.astam.at\/leistungen\/krananlagen\/abus\/"},{"@type":"ListItem","position":3,"name":"Zweitr\u00e4gerkran ZHB-3"}]},{"@type":"WebSite","@id":"https:\/\/www.astam.at\/en\/#website","url":"https:\/\/www.astam.at\/en\/","name":"ASTAM","description":"Maschinen- Stahl und Anlagenbau, Krananlagen","publisher":{"@id":"https:\/\/www.astam.at\/en\/#organization"},"potentialAction":[{"@type":"SearchAction","target":{"@type":"EntryPoint","urlTemplate":"https:\/\/www.astam.at\/en\/?s={search_term_string}"},"query-input":{"@type":"PropertyValueSpecification","valueRequired":true,"valueName":"search_term_string"}}],"inLanguage":"en-US"},{"@type":"Organization","@id":"https:\/\/www.astam.at\/en\/#organization","name":"ASTAM Allgemeine Stahl-, Anlagen- und Maschinenbau Ges.m.b.H.","url":"https:\/\/www.astam.at\/en\/","logo":{"@type":"ImageObject","inLanguage":"en-US","@id":"https:\/\/www.astam.at\/en\/#\/schema\/logo\/image\/","url":"https:\/\/www.astam.at\/wp-content\/uploads\/2020\/07\/astam_logo_freigestellt.png","contentUrl":"https:\/\/www.astam.at\/wp-content\/uploads\/2020\/07\/astam_logo_freigestellt.png","width":2318,"height":329,"caption":"ASTAM Allgemeine Stahl-, Anlagen- und Maschinenbau Ges.m.b.H."},"image":{"@id":"https:\/\/www.astam.at\/en\/#\/schema\/logo\/image\/"},"sameAs":["https:\/\/www.facebook.com\/pg\/ASTAM-Gmbh-572405462791301\/posts\/"]}]}},"_links":{"self":[{"href":"https:\/\/www.astam.at\/en\/wp-json\/wp\/v2\/product\/3063","targetHints":{"allow":["GET"]}}],"collection":[{"href":"https:\/\/www.astam.at\/en\/wp-json\/wp\/v2\/product"}],"about":[{"href":"https:\/\/www.astam.at\/en\/wp-json\/wp\/v2\/types\/product"}],"wp:featuredmedia":[{"embeddable":true,"href":"https:\/\/www.astam.at\/en\/wp-json\/wp\/v2\/media\/3064"}],"wp:attachment":[{"href":"https:\/\/www.astam.at\/en\/wp-json\/wp\/v2\/media?parent=3063"}],"wp:term":[{"taxonomy":"product_brand","embeddable":true,"href":"https:\/\/www.astam.at\/en\/wp-json\/wp\/v2\/product_brand?post=3063"},{"taxonomy":"product_cat","embeddable":true,"href":"https:\/\/www.astam.at\/en\/wp-json\/wp\/v2\/product_cat?post=3063"},{"taxonomy":"product_tag","embeddable":true,"href":"https:\/\/www.astam.at\/en\/wp-json\/wp\/v2\/product_tag?post=3063"}],"curies":[{"name":"wp","href":"https:\/\/api.w.org\/{rel}","templated":true}]}}