{"id":3089,"date":"2022-09-26T15:17:12","date_gmt":"2022-09-26T13:17:12","guid":{"rendered":"https:\/\/www.astam.at\/?post_type=product&#038;p=3089"},"modified":"2022-09-27T10:53:11","modified_gmt":"2022-09-27T08:53:11","slug":"zweitraegerkran-zhb-i","status":"publish","type":"product","link":"https:\/\/www.astam.at\/en\/leistungen\/krananlagen\/abus\/krane\/haengebahnsysteme\/zweitraegerkran-zhb-i\/","title":{"rendered":"Zweitr\u00e4gerkran ZHB-I"},"content":{"rendered":"<p><strong>Auf einen Blick<\/strong><\/p>\n<ul>\n<li>Hohe Tragf\u00e4higkeit<\/li>\n<li>Besonders g\u00fcnstige Hubh\u00f6he durch Anordnung des Kettenzuges zwischen den Krantr\u00e4gern<\/li>\n<li>Kranbahn aus Standard-Walzprofilen<\/li>\n<li>Elektrisch verfahrbar (Option)<\/li>\n<li>Verfahrbare Steuerung (Option)<\/li>\n<li>m\u00f6glich<\/li>\n<\/ul>\n<hr \/>\n<p>Der ABUS Zweitr\u00e4gerkran ZHB-I ist unsere Antwort f\u00fcr gro\u00dfe Lasten im fl\u00e4chendeckenden Transport. Zudem zeichnet sich der ZHB-I durch gro\u00dfe Krantr\u00e4gerl\u00e4ngen aus. Der Kran verf\u00e4hrt direkt auf einer Kranbahn aus Walzprofilen. Der ABUS Kettenzug ist auch hier zwischen den Krantr\u00e4gern angeordnet, was ein Plus an Hakenh\u00f6he bedeutet.<\/p>\n<p>Ganz nach Bedarf sind Kran und Elektro-Kettenzug elektrisch verfahrbar. Mit einer Funksteuerung wird der Bediener unabh\u00e4ngig vom Standort des Kettenzugs.<\/p>\n<p>&nbsp;<\/p>\n<p>&nbsp;<\/p>\n<p>&nbsp;<\/p>\n","protected":false},"excerpt":{"rendered":"<p>Der ABUS Zweitr\u00e4gerkran ZHB-I ist unsere Antwort f\u00fcr gro\u00dfe Lasten im fl\u00e4chendeckenden Transport.<\/p>\n","protected":false},"featured_media":3092,"template":"","meta":{"_acf_changed":false,"inline_featured_image":false},"product_brand":[],"product_cat":[113],"product_tag":[],"class_list":{"0":"post-3089","1":"product","2":"type-product","3":"status-publish","4":"has-post-thumbnail","6":"product_cat-haengebahnsysteme","8":"first","9":"instock","10":"shipping-taxable","11":"product-type-simple"},"acf":[],"yoast_head":"<!-- This site is optimized with the Yoast SEO plugin v27.5 - https:\/\/yoast.com\/product\/yoast-seo-wordpress\/ -->\n<title>ABUS H\u00e4ngebahnsysteme - Zweitr\u00e4gerkran ZHB-I - ASTAM<\/title>\n<meta name=\"description\" content=\"Gute L\u00f6sung f\u00fcr den fl\u00e4chendeckenden Materialtransport in Hallen, wenn Walzprofile im Abstand der Kranspur vorhanden sind.\" \/>\n<meta name=\"robots\" content=\"index, follow, max-snippet:-1, max-image-preview:large, max-video-preview:-1\" \/>\n<link rel=\"canonical\" href=\"https:\/\/www.astam.at\/en\/leistungen\/krananlagen\/abus\/krane\/haengebahnsysteme\/zweitraegerkran-zhb-i\/\" \/>\n<meta property=\"og:locale\" content=\"en_US\" \/>\n<meta property=\"og:type\" content=\"article\" \/>\n<meta property=\"og:title\" content=\"ABUS H\u00e4ngebahnsysteme - Zweitr\u00e4gerkran ZHB-I - ASTAM\" \/>\n<meta property=\"og:description\" content=\"Gute L\u00f6sung f\u00fcr den fl\u00e4chendeckenden Materialtransport in Hallen, wenn Walzprofile im Abstand der Kranspur vorhanden sind.\" \/>\n<meta property=\"og:url\" content=\"https:\/\/www.astam.at\/en\/leistungen\/krananlagen\/abus\/krane\/haengebahnsysteme\/zweitraegerkran-zhb-i\/\" \/>\n<meta property=\"og:site_name\" content=\"ASTAM\" \/>\n<meta property=\"article:publisher\" content=\"https:\/\/www.facebook.com\/pg\/ASTAM-Gmbh-572405462791301\/posts\/\" \/>\n<meta property=\"article:modified_time\" content=\"2022-09-27T08:53:11+00:00\" \/>\n<meta property=\"og:image\" content=\"https:\/\/www.astam.at\/wp-content\/uploads\/2022\/09\/C9-Illustration-ZHB-I-Web.png\" \/>\n\t<meta property=\"og:image:width\" content=\"500\" \/>\n\t<meta property=\"og:image:height\" content=\"400\" \/>\n\t<meta property=\"og:image:type\" content=\"image\/png\" \/>\n<meta name=\"twitter:card\" content=\"summary_large_image\" \/>\n<meta name=\"twitter:label1\" content=\"Est. reading time\" \/>\n\t<meta name=\"twitter:data1\" content=\"1 minute\" \/>\n<!-- \/ Yoast SEO plugin. -->","yoast_head_json":{"title":"ABUS H\u00e4ngebahnsysteme - Zweitr\u00e4gerkran ZHB-I - ASTAM","description":"Gute L\u00f6sung f\u00fcr den fl\u00e4chendeckenden Materialtransport in Hallen, wenn Walzprofile im Abstand der Kranspur vorhanden sind.","robots":{"index":"index","follow":"follow","max-snippet":"max-snippet:-1","max-image-preview":"max-image-preview:large","max-video-preview":"max-video-preview:-1"},"canonical":"https:\/\/www.astam.at\/en\/leistungen\/krananlagen\/abus\/krane\/haengebahnsysteme\/zweitraegerkran-zhb-i\/","og_locale":"en_US","og_type":"article","og_title":"ABUS H\u00e4ngebahnsysteme - Zweitr\u00e4gerkran ZHB-I - ASTAM","og_description":"Gute L\u00f6sung f\u00fcr den fl\u00e4chendeckenden Materialtransport in Hallen, wenn Walzprofile im Abstand der Kranspur vorhanden sind.","og_url":"https:\/\/www.astam.at\/en\/leistungen\/krananlagen\/abus\/krane\/haengebahnsysteme\/zweitraegerkran-zhb-i\/","og_site_name":"ASTAM","article_publisher":"https:\/\/www.facebook.com\/pg\/ASTAM-Gmbh-572405462791301\/posts\/","article_modified_time":"2022-09-27T08:53:11+00:00","og_image":[{"width":500,"height":400,"url":"https:\/\/www.astam.at\/wp-content\/uploads\/2022\/09\/C9-Illustration-ZHB-I-Web.png","type":"image\/png"}],"twitter_card":"summary_large_image","twitter_misc":{"Est. reading time":"1 minute"},"schema":{"@context":"https:\/\/schema.org","@graph":[{"@type":"WebPage","@id":"https:\/\/www.astam.at\/en\/leistungen\/krananlagen\/abus\/krane\/haengebahnsysteme\/zweitraegerkran-zhb-i\/","url":"https:\/\/www.astam.at\/en\/leistungen\/krananlagen\/abus\/krane\/haengebahnsysteme\/zweitraegerkran-zhb-i\/","name":"ABUS H\u00e4ngebahnsysteme - Zweitr\u00e4gerkran ZHB-I - ASTAM","isPartOf":{"@id":"https:\/\/www.astam.at\/en\/#website"},"primaryImageOfPage":{"@id":"https:\/\/www.astam.at\/en\/leistungen\/krananlagen\/abus\/krane\/haengebahnsysteme\/zweitraegerkran-zhb-i\/#primaryimage"},"image":{"@id":"https:\/\/www.astam.at\/en\/leistungen\/krananlagen\/abus\/krane\/haengebahnsysteme\/zweitraegerkran-zhb-i\/#primaryimage"},"thumbnailUrl":"https:\/\/www.astam.at\/wp-content\/uploads\/2022\/09\/C9-Illustration-ZHB-I-Web.png","datePublished":"2022-09-26T13:17:12+00:00","dateModified":"2022-09-27T08:53:11+00:00","description":"Gute L\u00f6sung f\u00fcr den fl\u00e4chendeckenden Materialtransport in Hallen, wenn Walzprofile im Abstand der Kranspur vorhanden sind.","breadcrumb":{"@id":"https:\/\/www.astam.at\/en\/leistungen\/krananlagen\/abus\/krane\/haengebahnsysteme\/zweitraegerkran-zhb-i\/#breadcrumb"},"inLanguage":"en-US","potentialAction":[{"@type":"ReadAction","target":["https:\/\/www.astam.at\/en\/leistungen\/krananlagen\/abus\/krane\/haengebahnsysteme\/zweitraegerkran-zhb-i\/"]}]},{"@type":"ImageObject","inLanguage":"en-US","@id":"https:\/\/www.astam.at\/en\/leistungen\/krananlagen\/abus\/krane\/haengebahnsysteme\/zweitraegerkran-zhb-i\/#primaryimage","url":"https:\/\/www.astam.at\/wp-content\/uploads\/2022\/09\/C9-Illustration-ZHB-I-Web.png","contentUrl":"https:\/\/www.astam.at\/wp-content\/uploads\/2022\/09\/C9-Illustration-ZHB-I-Web.png","width":500,"height":400},{"@type":"BreadcrumbList","@id":"https:\/\/www.astam.at\/en\/leistungen\/krananlagen\/abus\/krane\/haengebahnsysteme\/zweitraegerkran-zhb-i\/#breadcrumb","itemListElement":[{"@type":"ListItem","position":1,"name":"Startseite","item":"https:\/\/www.astam.at\/en\/"},{"@type":"ListItem","position":2,"name":"ABUS","item":"https:\/\/www.astam.at\/leistungen\/krananlagen\/abus\/"},{"@type":"ListItem","position":3,"name":"Zweitr\u00e4gerkran ZHB-I"}]},{"@type":"WebSite","@id":"https:\/\/www.astam.at\/en\/#website","url":"https:\/\/www.astam.at\/en\/","name":"ASTAM","description":"Maschinen- Stahl und Anlagenbau, Krananlagen","publisher":{"@id":"https:\/\/www.astam.at\/en\/#organization"},"potentialAction":[{"@type":"SearchAction","target":{"@type":"EntryPoint","urlTemplate":"https:\/\/www.astam.at\/en\/?s={search_term_string}"},"query-input":{"@type":"PropertyValueSpecification","valueRequired":true,"valueName":"search_term_string"}}],"inLanguage":"en-US"},{"@type":"Organization","@id":"https:\/\/www.astam.at\/en\/#organization","name":"ASTAM Allgemeine Stahl-, Anlagen- und Maschinenbau Ges.m.b.H.","url":"https:\/\/www.astam.at\/en\/","logo":{"@type":"ImageObject","inLanguage":"en-US","@id":"https:\/\/www.astam.at\/en\/#\/schema\/logo\/image\/","url":"https:\/\/www.astam.at\/wp-content\/uploads\/2020\/07\/astam_logo_freigestellt.png","contentUrl":"https:\/\/www.astam.at\/wp-content\/uploads\/2020\/07\/astam_logo_freigestellt.png","width":2318,"height":329,"caption":"ASTAM Allgemeine Stahl-, Anlagen- und Maschinenbau Ges.m.b.H."},"image":{"@id":"https:\/\/www.astam.at\/en\/#\/schema\/logo\/image\/"},"sameAs":["https:\/\/www.facebook.com\/pg\/ASTAM-Gmbh-572405462791301\/posts\/"]}]}},"_links":{"self":[{"href":"https:\/\/www.astam.at\/en\/wp-json\/wp\/v2\/product\/3089","targetHints":{"allow":["GET"]}}],"collection":[{"href":"https:\/\/www.astam.at\/en\/wp-json\/wp\/v2\/product"}],"about":[{"href":"https:\/\/www.astam.at\/en\/wp-json\/wp\/v2\/types\/product"}],"wp:featuredmedia":[{"embeddable":true,"href":"https:\/\/www.astam.at\/en\/wp-json\/wp\/v2\/media\/3092"}],"wp:attachment":[{"href":"https:\/\/www.astam.at\/en\/wp-json\/wp\/v2\/media?parent=3089"}],"wp:term":[{"taxonomy":"product_brand","embeddable":true,"href":"https:\/\/www.astam.at\/en\/wp-json\/wp\/v2\/product_brand?post=3089"},{"taxonomy":"product_cat","embeddable":true,"href":"https:\/\/www.astam.at\/en\/wp-json\/wp\/v2\/product_cat?post=3089"},{"taxonomy":"product_tag","embeddable":true,"href":"https:\/\/www.astam.at\/en\/wp-json\/wp\/v2\/product_tag?post=3089"}],"curies":[{"name":"wp","href":"https:\/\/api.w.org\/{rel}","templated":true}]}}