{"id":3125,"date":"2022-09-27T09:05:08","date_gmt":"2022-09-27T07:05:08","guid":{"rendered":"https:\/\/www.astam.at\/?post_type=product&#038;p=3125"},"modified":"2022-09-28T10:04:57","modified_gmt":"2022-09-28T08:04:57","slug":"saeulenschwenkkran-lsx","status":"publish","type":"product","link":"https:\/\/www.astam.at\/en\/leistungen\/krananlagen\/abus\/krane\/schwenkkrane\/saeulenschwenkkran-lsx\/","title":{"rendered":"S\u00e4ulenschwenkkran LSX"},"content":{"rendered":"<p><strong>Auf einen Blick<\/strong><\/p>\n<ul>\n<li>Tragf\u00e4higkeit bis <span class=\"nowrap\">0,5 t<\/span><\/li>\n<li>Ausladung bis <span class=\"nowrap\">7 m<\/span><\/li>\n<li>Schwenkbereich 270\u00b0<\/li>\n<li>Mit <a tabindex=\"-1\" href=\"https:\/\/www.astam.at\/produkt-kategorie\/hebezeuge\/elektrokettenzuege\/\">ABUS Elektro-Kettenzug<\/a><\/li>\n<li>Mit vielf\u00e4ltigen <a tabindex=\"-1\" href=\"https:\/\/www.abus-kran.at\/krane\/schwenkkrane\/befestigung\/bodenmontage\" target=\"_blank\" rel=\"noopener\">Befestigungsm\u00f6glichkeiten<\/a><\/li>\n<li>Umfangreiche <a tabindex=\"-1\" href=\"https:\/\/www.abus-kran.at\/krane\/schwenkkrane\/zusatzausstattung\" target=\"_blank\" rel=\"noopener\">Zusatzausstattungen<\/a> m\u00f6glich<\/li>\n<\/ul>\n<hr \/>\n<p>Der S\u00e4ulenschwenkkran LSX ist f\u00fcr die freistehende Montage auf dem Hallenboden konzipiert. Dieser Arbeitsplatzkran bietet Ihnen einen Arbeitsradius von\u00a0<strong>270\u00b0<\/strong>\u00a0mit einer Ausladung bis zu\u00a0<span class=\"nowrap\"><strong>7 m<\/strong><\/span>\u00a0und einer Tragf\u00e4higkeit bis zu<strong>\u00a0<span class=\"nowrap\">0,5 t<\/span><\/strong><span class=\"nowrap\">.<\/span><\/p>\n<p>Durch seinen hoch angeordneten Ausleger sind hohe Hakenstellungen m\u00f6glich, die den vorhandenen Raum optimal nutzbar machen. Zus\u00e4tzlich zur umfangreichen Serienausf\u00fchrung l\u00e4sst sich dieser Schwenkkran durch n\u00fctzliche Erweiterungen wie elektrisches Katzfahren oder Funkfernsteuerung individuell erg\u00e4nzen.<\/p>\n<p>Befestigt wird der Kran \u00fcber <a tabindex=\"-1\" href=\"https:\/\/www.abus-kran.at\/krane\/schwenkkrane\/befestigung\/bodenmontage#mit_duebelplatte\" target=\"_blank\" rel=\"noopener\">eine runde D\u00fcbelplatte<\/a> mit speziellen, f\u00fcr dynamische Lasten zugelassenen Verbundankern. Wahlweise k\u00f6nnen auch <a tabindex=\"-1\" href=\"https:\/\/www.abus-kran.at\/krane\/schwenkkrane\/befestigung\/bodenmontage#mit_ankerschrauben\" target=\"_blank\" rel=\"noopener\">Ankerstangen<\/a> f\u00fcr eine Fundamentbefestigung oder eine <a tabindex=\"-1\" href=\"https:\/\/www.abus-kran.at\/krane\/schwenkkrane\/befestigung\/bodenmontage#mit_zwischenplatte\" target=\"_blank\" rel=\"noopener\">Zwischenplatte mit Bodenankern<\/a> verwendet werden.<\/p>\n<p>&nbsp;<\/p>\n<p>&nbsp;<\/p>\n<p>&nbsp;<\/p>\n<p>&nbsp;<\/p>\n","protected":false},"excerpt":{"rendered":"<p>Der S\u00e4ulenschwenkkran LSX ist f\u00fcr die freistehende Montage auf dem Hallenboden konzipiert. Dieser Arbeitsplatzkran bietet Ihnen einen Arbeitsradius von\u00a0<strong>270\u00b0<\/strong>\u00a0mit einer Ausladung bis zu\u00a0<span class=\"nowrap\"><strong>7 m<\/strong><\/span>\u00a0und einer Tragf\u00e4higkeit bis zu<strong>\u00a0<span class=\"nowrap\">0,5 t<\/span><\/strong><span class=\"nowrap\">.<\/span><\/p>\n","protected":false},"featured_media":3126,"template":"","meta":{"_acf_changed":false,"inline_featured_image":false},"product_brand":[],"product_cat":[114],"product_tag":[],"class_list":{"0":"post-3125","1":"product","2":"type-product","3":"status-publish","4":"has-post-thumbnail","6":"product_cat-schwenkkrane","8":"first","9":"instock","10":"shipping-taxable","11":"product-type-simple"},"acf":[],"yoast_head":"<!-- This site is optimized with the Yoast SEO plugin v27.5 - https:\/\/yoast.com\/product\/yoast-seo-wordpress\/ -->\n<title>ABUS Schwenkkrane - S\u00e4ulenschwenkkran LSX - ASTAM<\/title>\n<meta name=\"description\" content=\"Der S\u00e4ulenschwenkkran LSX ist f\u00fcr die freistehende Montage auf dem Hallenboden konzipiert.\" \/>\n<meta name=\"robots\" content=\"index, follow, max-snippet:-1, max-image-preview:large, max-video-preview:-1\" \/>\n<link rel=\"canonical\" href=\"https:\/\/www.astam.at\/en\/leistungen\/krananlagen\/abus\/krane\/schwenkkrane\/saeulenschwenkkran-lsx\/\" \/>\n<meta property=\"og:locale\" content=\"en_US\" \/>\n<meta property=\"og:type\" content=\"article\" \/>\n<meta property=\"og:title\" content=\"ABUS Schwenkkrane - S\u00e4ulenschwenkkran LSX - ASTAM\" \/>\n<meta property=\"og:description\" content=\"Der S\u00e4ulenschwenkkran LSX ist f\u00fcr die freistehende Montage auf dem Hallenboden konzipiert.\" \/>\n<meta property=\"og:url\" content=\"https:\/\/www.astam.at\/en\/leistungen\/krananlagen\/abus\/krane\/schwenkkrane\/saeulenschwenkkran-lsx\/\" \/>\n<meta property=\"og:site_name\" content=\"ASTAM\" \/>\n<meta property=\"article:publisher\" content=\"https:\/\/www.facebook.com\/pg\/ASTAM-Gmbh-572405462791301\/posts\/\" \/>\n<meta property=\"article:modified_time\" content=\"2022-09-28T08:04:57+00:00\" \/>\n<meta property=\"og:image\" content=\"https:\/\/www.astam.at\/wp-content\/uploads\/2022\/09\/B2-Illustration-LSX-1.png\" \/>\n\t<meta property=\"og:image:width\" content=\"500\" \/>\n\t<meta property=\"og:image:height\" content=\"400\" \/>\n\t<meta property=\"og:image:type\" content=\"image\/png\" \/>\n<meta name=\"twitter:card\" content=\"summary_large_image\" \/>\n<meta name=\"twitter:label1\" content=\"Est. reading time\" \/>\n\t<meta name=\"twitter:data1\" content=\"1 minute\" \/>\n<!-- \/ Yoast SEO plugin. -->","yoast_head_json":{"title":"ABUS Schwenkkrane - S\u00e4ulenschwenkkran LSX - ASTAM","description":"Der S\u00e4ulenschwenkkran LSX ist f\u00fcr die freistehende Montage auf dem Hallenboden konzipiert.","robots":{"index":"index","follow":"follow","max-snippet":"max-snippet:-1","max-image-preview":"max-image-preview:large","max-video-preview":"max-video-preview:-1"},"canonical":"https:\/\/www.astam.at\/en\/leistungen\/krananlagen\/abus\/krane\/schwenkkrane\/saeulenschwenkkran-lsx\/","og_locale":"en_US","og_type":"article","og_title":"ABUS Schwenkkrane - S\u00e4ulenschwenkkran LSX - ASTAM","og_description":"Der S\u00e4ulenschwenkkran LSX ist f\u00fcr die freistehende Montage auf dem Hallenboden konzipiert.","og_url":"https:\/\/www.astam.at\/en\/leistungen\/krananlagen\/abus\/krane\/schwenkkrane\/saeulenschwenkkran-lsx\/","og_site_name":"ASTAM","article_publisher":"https:\/\/www.facebook.com\/pg\/ASTAM-Gmbh-572405462791301\/posts\/","article_modified_time":"2022-09-28T08:04:57+00:00","og_image":[{"width":500,"height":400,"url":"https:\/\/www.astam.at\/wp-content\/uploads\/2022\/09\/B2-Illustration-LSX-1.png","type":"image\/png"}],"twitter_card":"summary_large_image","twitter_misc":{"Est. reading time":"1 minute"},"schema":{"@context":"https:\/\/schema.org","@graph":[{"@type":"WebPage","@id":"https:\/\/www.astam.at\/en\/leistungen\/krananlagen\/abus\/krane\/schwenkkrane\/saeulenschwenkkran-lsx\/","url":"https:\/\/www.astam.at\/en\/leistungen\/krananlagen\/abus\/krane\/schwenkkrane\/saeulenschwenkkran-lsx\/","name":"ABUS Schwenkkrane - S\u00e4ulenschwenkkran LSX - ASTAM","isPartOf":{"@id":"https:\/\/www.astam.at\/en\/#website"},"primaryImageOfPage":{"@id":"https:\/\/www.astam.at\/en\/leistungen\/krananlagen\/abus\/krane\/schwenkkrane\/saeulenschwenkkran-lsx\/#primaryimage"},"image":{"@id":"https:\/\/www.astam.at\/en\/leistungen\/krananlagen\/abus\/krane\/schwenkkrane\/saeulenschwenkkran-lsx\/#primaryimage"},"thumbnailUrl":"https:\/\/www.astam.at\/wp-content\/uploads\/2022\/09\/B2-Illustration-LSX-1.png","datePublished":"2022-09-27T07:05:08+00:00","dateModified":"2022-09-28T08:04:57+00:00","description":"Der S\u00e4ulenschwenkkran LSX ist f\u00fcr die freistehende Montage auf dem Hallenboden konzipiert.","breadcrumb":{"@id":"https:\/\/www.astam.at\/en\/leistungen\/krananlagen\/abus\/krane\/schwenkkrane\/saeulenschwenkkran-lsx\/#breadcrumb"},"inLanguage":"en-US","potentialAction":[{"@type":"ReadAction","target":["https:\/\/www.astam.at\/en\/leistungen\/krananlagen\/abus\/krane\/schwenkkrane\/saeulenschwenkkran-lsx\/"]}]},{"@type":"ImageObject","inLanguage":"en-US","@id":"https:\/\/www.astam.at\/en\/leistungen\/krananlagen\/abus\/krane\/schwenkkrane\/saeulenschwenkkran-lsx\/#primaryimage","url":"https:\/\/www.astam.at\/wp-content\/uploads\/2022\/09\/B2-Illustration-LSX-1.png","contentUrl":"https:\/\/www.astam.at\/wp-content\/uploads\/2022\/09\/B2-Illustration-LSX-1.png","width":500,"height":400},{"@type":"BreadcrumbList","@id":"https:\/\/www.astam.at\/en\/leistungen\/krananlagen\/abus\/krane\/schwenkkrane\/saeulenschwenkkran-lsx\/#breadcrumb","itemListElement":[{"@type":"ListItem","position":1,"name":"Startseite","item":"https:\/\/www.astam.at\/en\/"},{"@type":"ListItem","position":2,"name":"ABUS","item":"https:\/\/www.astam.at\/leistungen\/krananlagen\/abus\/"},{"@type":"ListItem","position":3,"name":"S\u00e4ulenschwenkkran LSX"}]},{"@type":"WebSite","@id":"https:\/\/www.astam.at\/en\/#website","url":"https:\/\/www.astam.at\/en\/","name":"ASTAM","description":"Maschinen- Stahl und Anlagenbau, Krananlagen","publisher":{"@id":"https:\/\/www.astam.at\/en\/#organization"},"potentialAction":[{"@type":"SearchAction","target":{"@type":"EntryPoint","urlTemplate":"https:\/\/www.astam.at\/en\/?s={search_term_string}"},"query-input":{"@type":"PropertyValueSpecification","valueRequired":true,"valueName":"search_term_string"}}],"inLanguage":"en-US"},{"@type":"Organization","@id":"https:\/\/www.astam.at\/en\/#organization","name":"ASTAM Allgemeine Stahl-, Anlagen- und Maschinenbau Ges.m.b.H.","url":"https:\/\/www.astam.at\/en\/","logo":{"@type":"ImageObject","inLanguage":"en-US","@id":"https:\/\/www.astam.at\/en\/#\/schema\/logo\/image\/","url":"https:\/\/www.astam.at\/wp-content\/uploads\/2020\/07\/astam_logo_freigestellt.png","contentUrl":"https:\/\/www.astam.at\/wp-content\/uploads\/2020\/07\/astam_logo_freigestellt.png","width":2318,"height":329,"caption":"ASTAM Allgemeine Stahl-, Anlagen- und Maschinenbau Ges.m.b.H."},"image":{"@id":"https:\/\/www.astam.at\/en\/#\/schema\/logo\/image\/"},"sameAs":["https:\/\/www.facebook.com\/pg\/ASTAM-Gmbh-572405462791301\/posts\/"]}]}},"_links":{"self":[{"href":"https:\/\/www.astam.at\/en\/wp-json\/wp\/v2\/product\/3125","targetHints":{"allow":["GET"]}}],"collection":[{"href":"https:\/\/www.astam.at\/en\/wp-json\/wp\/v2\/product"}],"about":[{"href":"https:\/\/www.astam.at\/en\/wp-json\/wp\/v2\/types\/product"}],"wp:featuredmedia":[{"embeddable":true,"href":"https:\/\/www.astam.at\/en\/wp-json\/wp\/v2\/media\/3126"}],"wp:attachment":[{"href":"https:\/\/www.astam.at\/en\/wp-json\/wp\/v2\/media?parent=3125"}],"wp:term":[{"taxonomy":"product_brand","embeddable":true,"href":"https:\/\/www.astam.at\/en\/wp-json\/wp\/v2\/product_brand?post=3125"},{"taxonomy":"product_cat","embeddable":true,"href":"https:\/\/www.astam.at\/en\/wp-json\/wp\/v2\/product_cat?post=3125"},{"taxonomy":"product_tag","embeddable":true,"href":"https:\/\/www.astam.at\/en\/wp-json\/wp\/v2\/product_tag?post=3125"}],"curies":[{"name":"wp","href":"https:\/\/api.w.org\/{rel}","templated":true}]}}