{"id":3197,"date":"2022-09-27T10:03:31","date_gmt":"2022-09-27T08:03:31","guid":{"rendered":"https:\/\/www.astam.at\/?post_type=product&#038;p=3197"},"modified":"2022-09-27T10:54:47","modified_gmt":"2022-09-27T08:54:47","slug":"lpk","status":"publish","type":"product","link":"https:\/\/www.astam.at\/en\/leistungen\/krananlagen\/abus\/krane\/leichtportalkrane\/lpk\/","title":{"rendered":"Leichtportalkrane"},"content":{"rendered":"<p><strong>Auf einen Blick<\/strong><\/p>\n<ul>\n<li>Tragf\u00e4higkeit bis 2 t<\/li>\n<li>Gesamth\u00f6he bis 5000 mm<\/li>\n<li>Gesamtbreite in Abh\u00e4ngigkeit der Tragf\u00e4higkeit:<\/li>\n<\/ul>\n<table style=\"width: 100%;\" border=\"0\" cellspacing=\"1\" cellpadding=\"1\">\n<thead>\n<tr>\n<th style=\"text-align: left;\" scope=\"col\">Tragf\u00e4higkeit<\/th>\n<th style=\"text-align: left;\" scope=\"col\">max. Gesamtbreite<\/th>\n<\/tr>\n<\/thead>\n<tbody>\n<tr>\n<td>250 kg<\/td>\n<td>7900 mm<\/td>\n<\/tr>\n<tr>\n<td>500 kg<\/td>\n<td>7000 mm<\/td>\n<\/tr>\n<tr>\n<td>800 kg<\/td>\n<td>6500 mm<\/td>\n<\/tr>\n<tr>\n<td>1000 kg<\/td>\n<td>6300 mm<\/td>\n<\/tr>\n<tr>\n<td>1250 kg<\/td>\n<td>5650 mm<\/td>\n<\/tr>\n<tr>\n<td>1600 kg<\/td>\n<td>5000 mm<\/td>\n<\/tr>\n<tr>\n<td>2000 kg<\/td>\n<td>4000 mm<\/td>\n<\/tr>\n<\/tbody>\n<\/table>\n<hr \/>\n<h3>ABUS Leichtportalkran: Starke Leistung und hohe Mobilit\u00e4t<\/h3>\n<p>Ein Leichtportalkran verspricht dann h\u00f6chste Leistungen, wenn Sie sie brauchen. Die Flexibilit\u00e4t und Mobilit\u00e4t der Portalkr\u00e4ne sind ihr gr\u00f6\u00dfter Vorteil. Sie kommen immer dann zum Einsatz, wenn ein gelegentliches Heben von Lasten notwendig ist, die Kranleistung an wechselnden Arbeitspl\u00e4tzen ben\u00f6tigt wird oder sich die Installation von einem Schwenkkran oder Br\u00fcckenkran nicht lohnen w\u00fcrde.<\/p>\n<p>Der Portalkran verspricht Ihnen maximale Leistungen ohne den restlichen Hallenbetrieb zu beeintr\u00e4chtigen. Er ist leicht verfahrbar und kann Arbeitspl\u00e4tze dank seiner praktischen Bauweise optimal \u00fcberfahren. Mit seiner individuellen St\u00fctzenh\u00f6he und Kranbahnl\u00e4nge passt sich der Bockkran ideal Ihren Bed\u00fcrfnissen an.<\/p>\n<p>Wir fertigen Ihren Leichtportalkran in H\u00f6he und Breite gem\u00e4\u00df Ihren individuellen Anforderungen. Dabei liegen die maximale Breite (maximale Tr\u00e4gerl\u00e4ngen) bei 7900 mm (abh\u00e4ngig von der Tragf\u00e4higkeit), die maximale H\u00f6he bei 5000 mm und die maximale Tragf\u00e4higkeit bei 2000 kg.<\/p>\n<h3>Unser Leichtportalkran ist immer schnell zur Stelle<\/h3>\n<p>Der mobile ABUS Leichtportalkran ist mit vier\u00a0Lenk-Stopprollen\u00a0und serienm\u00e4\u00dfig mit zwei 90\u00b0-Richtungsfeststellern (mit Radstopp und Lenkstopp) versehen. Dadurch ist es m\u00f6glich, mit nur einer Person den Bockkran einfach per Hand an seinen Arbeitsplatz zu schieben. Die R\u00e4der haben einen Durchmesser von 200 mm und bestehen aus hochfestem Polyamid.<\/p>\n<p>Die\u00a0Einsatzm\u00f6glichkeiten\u00a0der Portalkrane sind vielf\u00e4ltig. Ob f\u00fcr Reparaturarbeiten, als Werkstattkran, zum Werkzeugwechsel bei Kunststoff-Spritzgie\u00dfmaschinen oder in der Lagertechnik \u2013 \u00fcberall ist dieser fahrbare Kran schnell zur Stelle. Unser ABUS Bockkran ist nicht nur fahrbar, sondern dank Vollwandprofil gleichzeitig\u00a0besonders stabil und leistungsstark.<\/p>\n<p>Ausgestattet sind die Werkstattkrane mit unserem tausendfach eingesetzten und bew\u00e4hrten ABUS Hebezeug: Dem\u00a0Elektrokettenzug\u00a0mit Hand- und Elektrofahrwerken und Stromzuf\u00fchrung als Schlepp- oder Schleifleitung.<\/p>\n<h3>Bockkran von ABUS Kransysteme<\/h3>\n<p>Seit vielen Jahren geh\u00f6ren wir zu den\u00a0f\u00fchrenden Herstellern von Kransystemen und Komponenten. ABUS bietet Ihnen neben modernen und qualitativen Kranen und Hebezeugen professionelle Serviceleistungen. Gerne \u00fcbernehmen wir die\u00a0Inbetriebnahme,\u00a0Wartung\u00a0und\u00a0Reparatur\u00a0Ihrer Krananlagen.<\/p>\n<p>Des Weiteren bieten wir Ihnen weitere Krantechnik und\u00a0Hebezeuge\u00a0(Hebeger\u00e4te), darunter\u00a0Schwenkkrane, wie einen\u00a0Wandschwenkkran\u00a0bis 5 t\u00a0Tragf\u00e4higkeit oder\u00a0S\u00e4ulenschwenkkran\u00a0bis 6,3 t\u00a0Tragf\u00e4higkeit und einer Ausladung bis\u00a010 m\u00a0(je nach Traglast) oder einen\u00a0Br\u00fcckenkran\u00a0bis 120 t.<\/p>\n<p>Vereinbaren Sie einfach eine unverbindliche Beratung. Der zust\u00e4ndige ABUS Ansprechpartner ber\u00e4t Sie gerne zu Ihren M\u00f6glichkeiten einen Leichtportalkran einzusetzen.<\/p>\n<p>&nbsp;<\/p>\n<p>&nbsp;<\/p>\n<p>&nbsp;<\/p>\n<p>&nbsp;<\/p>\n","protected":false},"excerpt":{"rendered":"<p><span class=\"nowrap\">Mit unserem Bockkran k\u00f6nnen Sie Lasten bis 2 t problemlos heben. Der ABUS Leichtportalkran l\u00e4sst sich leicht verfahren und ist somit in k\u00fcrzester Zeit immer da verf\u00fcgbar, wo Sie ihn brauchen.<\/span><\/p>\n","protected":false},"featured_media":3194,"template":"","meta":{"_acf_changed":false,"inline_featured_image":false},"product_brand":[],"product_cat":[144],"product_tag":[],"class_list":{"0":"post-3197","1":"product","2":"type-product","3":"status-publish","4":"has-post-thumbnail","6":"product_cat-leichtportalkrane","8":"first","9":"instock","10":"shipping-taxable","11":"product-type-simple"},"acf":[],"yoast_head":"<!-- This site is optimized with the Yoast SEO plugin v27.5 - https:\/\/yoast.com\/product\/yoast-seo-wordpress\/ -->\n<title>ABUS Leichtportalkrane - ASTAM<\/title>\n<meta name=\"description\" content=\"Mit unserem Bockkran k\u00f6nnen Sie Lasten bis 2 t problemlos heben. Der ABUS Leichtportalkran l\u00e4sst sich leicht verfahren und ist somit in k\u00fcrzester Zeit immer da verf\u00fcgbar, wo Sie ihn brauchen.\" \/>\n<meta name=\"robots\" content=\"index, follow, max-snippet:-1, max-image-preview:large, max-video-preview:-1\" \/>\n<link rel=\"canonical\" href=\"https:\/\/www.astam.at\/en\/leistungen\/krananlagen\/abus\/krane\/leichtportalkrane\/lpk\/\" \/>\n<meta property=\"og:locale\" content=\"en_US\" \/>\n<meta property=\"og:type\" content=\"article\" \/>\n<meta property=\"og:title\" content=\"ABUS Leichtportalkrane - ASTAM\" \/>\n<meta property=\"og:description\" content=\"Mit unserem Bockkran k\u00f6nnen Sie Lasten bis 2 t problemlos heben. Der ABUS Leichtportalkran l\u00e4sst sich leicht verfahren und ist somit in k\u00fcrzester Zeit immer da verf\u00fcgbar, wo Sie ihn brauchen.\" \/>\n<meta property=\"og:url\" content=\"https:\/\/www.astam.at\/en\/leistungen\/krananlagen\/abus\/krane\/leichtportalkrane\/lpk\/\" \/>\n<meta property=\"og:site_name\" content=\"ASTAM\" \/>\n<meta property=\"article:publisher\" content=\"https:\/\/www.facebook.com\/pg\/ASTAM-Gmbh-572405462791301\/posts\/\" \/>\n<meta property=\"article:modified_time\" content=\"2022-09-27T08:54:47+00:00\" \/>\n<meta property=\"og:image\" content=\"https:\/\/www.astam.at\/wp-content\/uploads\/2022\/09\/AF-LPK-ABUCompact-1.png\" \/>\n\t<meta property=\"og:image:width\" content=\"500\" \/>\n\t<meta property=\"og:image:height\" content=\"400\" \/>\n\t<meta property=\"og:image:type\" content=\"image\/png\" \/>\n<meta name=\"twitter:card\" content=\"summary_large_image\" \/>\n<meta name=\"twitter:label1\" content=\"Est. reading time\" \/>\n\t<meta name=\"twitter:data1\" content=\"3 minutes\" \/>\n<!-- \/ Yoast SEO plugin. -->","yoast_head_json":{"title":"ABUS Leichtportalkrane - ASTAM","description":"Mit unserem Bockkran k\u00f6nnen Sie Lasten bis 2 t problemlos heben. Der ABUS Leichtportalkran l\u00e4sst sich leicht verfahren und ist somit in k\u00fcrzester Zeit immer da verf\u00fcgbar, wo Sie ihn brauchen.","robots":{"index":"index","follow":"follow","max-snippet":"max-snippet:-1","max-image-preview":"max-image-preview:large","max-video-preview":"max-video-preview:-1"},"canonical":"https:\/\/www.astam.at\/en\/leistungen\/krananlagen\/abus\/krane\/leichtportalkrane\/lpk\/","og_locale":"en_US","og_type":"article","og_title":"ABUS Leichtportalkrane - ASTAM","og_description":"Mit unserem Bockkran k\u00f6nnen Sie Lasten bis 2 t problemlos heben. Der ABUS Leichtportalkran l\u00e4sst sich leicht verfahren und ist somit in k\u00fcrzester Zeit immer da verf\u00fcgbar, wo Sie ihn brauchen.","og_url":"https:\/\/www.astam.at\/en\/leistungen\/krananlagen\/abus\/krane\/leichtportalkrane\/lpk\/","og_site_name":"ASTAM","article_publisher":"https:\/\/www.facebook.com\/pg\/ASTAM-Gmbh-572405462791301\/posts\/","article_modified_time":"2022-09-27T08:54:47+00:00","og_image":[{"width":500,"height":400,"url":"https:\/\/www.astam.at\/wp-content\/uploads\/2022\/09\/AF-LPK-ABUCompact-1.png","type":"image\/png"}],"twitter_card":"summary_large_image","twitter_misc":{"Est. reading time":"3 minutes"},"schema":{"@context":"https:\/\/schema.org","@graph":[{"@type":"WebPage","@id":"https:\/\/www.astam.at\/en\/leistungen\/krananlagen\/abus\/krane\/leichtportalkrane\/lpk\/","url":"https:\/\/www.astam.at\/en\/leistungen\/krananlagen\/abus\/krane\/leichtportalkrane\/lpk\/","name":"ABUS Leichtportalkrane - ASTAM","isPartOf":{"@id":"https:\/\/www.astam.at\/en\/#website"},"primaryImageOfPage":{"@id":"https:\/\/www.astam.at\/en\/leistungen\/krananlagen\/abus\/krane\/leichtportalkrane\/lpk\/#primaryimage"},"image":{"@id":"https:\/\/www.astam.at\/en\/leistungen\/krananlagen\/abus\/krane\/leichtportalkrane\/lpk\/#primaryimage"},"thumbnailUrl":"https:\/\/www.astam.at\/wp-content\/uploads\/2022\/09\/AF-LPK-ABUCompact-1.png","datePublished":"2022-09-27T08:03:31+00:00","dateModified":"2022-09-27T08:54:47+00:00","description":"Mit unserem Bockkran k\u00f6nnen Sie Lasten bis 2 t problemlos heben. Der ABUS Leichtportalkran l\u00e4sst sich leicht verfahren und ist somit in k\u00fcrzester Zeit immer da verf\u00fcgbar, wo Sie ihn brauchen.","breadcrumb":{"@id":"https:\/\/www.astam.at\/en\/leistungen\/krananlagen\/abus\/krane\/leichtportalkrane\/lpk\/#breadcrumb"},"inLanguage":"en-US","potentialAction":[{"@type":"ReadAction","target":["https:\/\/www.astam.at\/en\/leistungen\/krananlagen\/abus\/krane\/leichtportalkrane\/lpk\/"]}]},{"@type":"ImageObject","inLanguage":"en-US","@id":"https:\/\/www.astam.at\/en\/leistungen\/krananlagen\/abus\/krane\/leichtportalkrane\/lpk\/#primaryimage","url":"https:\/\/www.astam.at\/wp-content\/uploads\/2022\/09\/AF-LPK-ABUCompact-1.png","contentUrl":"https:\/\/www.astam.at\/wp-content\/uploads\/2022\/09\/AF-LPK-ABUCompact-1.png","width":500,"height":400},{"@type":"BreadcrumbList","@id":"https:\/\/www.astam.at\/en\/leistungen\/krananlagen\/abus\/krane\/leichtportalkrane\/lpk\/#breadcrumb","itemListElement":[{"@type":"ListItem","position":1,"name":"Startseite","item":"https:\/\/www.astam.at\/en\/"},{"@type":"ListItem","position":2,"name":"ABUS","item":"https:\/\/www.astam.at\/leistungen\/krananlagen\/abus\/"},{"@type":"ListItem","position":3,"name":"Leichtportalkrane"}]},{"@type":"WebSite","@id":"https:\/\/www.astam.at\/en\/#website","url":"https:\/\/www.astam.at\/en\/","name":"ASTAM","description":"Maschinen- Stahl und Anlagenbau, Krananlagen","publisher":{"@id":"https:\/\/www.astam.at\/en\/#organization"},"potentialAction":[{"@type":"SearchAction","target":{"@type":"EntryPoint","urlTemplate":"https:\/\/www.astam.at\/en\/?s={search_term_string}"},"query-input":{"@type":"PropertyValueSpecification","valueRequired":true,"valueName":"search_term_string"}}],"inLanguage":"en-US"},{"@type":"Organization","@id":"https:\/\/www.astam.at\/en\/#organization","name":"ASTAM Allgemeine Stahl-, Anlagen- und Maschinenbau Ges.m.b.H.","url":"https:\/\/www.astam.at\/en\/","logo":{"@type":"ImageObject","inLanguage":"en-US","@id":"https:\/\/www.astam.at\/en\/#\/schema\/logo\/image\/","url":"https:\/\/www.astam.at\/wp-content\/uploads\/2020\/07\/astam_logo_freigestellt.png","contentUrl":"https:\/\/www.astam.at\/wp-content\/uploads\/2020\/07\/astam_logo_freigestellt.png","width":2318,"height":329,"caption":"ASTAM Allgemeine Stahl-, Anlagen- und Maschinenbau Ges.m.b.H."},"image":{"@id":"https:\/\/www.astam.at\/en\/#\/schema\/logo\/image\/"},"sameAs":["https:\/\/www.facebook.com\/pg\/ASTAM-Gmbh-572405462791301\/posts\/"]}]}},"_links":{"self":[{"href":"https:\/\/www.astam.at\/en\/wp-json\/wp\/v2\/product\/3197","targetHints":{"allow":["GET"]}}],"collection":[{"href":"https:\/\/www.astam.at\/en\/wp-json\/wp\/v2\/product"}],"about":[{"href":"https:\/\/www.astam.at\/en\/wp-json\/wp\/v2\/types\/product"}],"wp:featuredmedia":[{"embeddable":true,"href":"https:\/\/www.astam.at\/en\/wp-json\/wp\/v2\/media\/3194"}],"wp:attachment":[{"href":"https:\/\/www.astam.at\/en\/wp-json\/wp\/v2\/media?parent=3197"}],"wp:term":[{"taxonomy":"product_brand","embeddable":true,"href":"https:\/\/www.astam.at\/en\/wp-json\/wp\/v2\/product_brand?post=3197"},{"taxonomy":"product_cat","embeddable":true,"href":"https:\/\/www.astam.at\/en\/wp-json\/wp\/v2\/product_cat?post=3197"},{"taxonomy":"product_tag","embeddable":true,"href":"https:\/\/www.astam.at\/en\/wp-json\/wp\/v2\/product_tag?post=3197"}],"curies":[{"name":"wp","href":"https:\/\/api.w.org\/{rel}","templated":true}]}}