{"id":3212,"date":"2022-09-27T10:22:47","date_gmt":"2022-09-27T08:22:47","guid":{"rendered":"https:\/\/www.astam.at\/?post_type=product&#038;p=3212"},"modified":"2022-09-27T10:54:42","modified_gmt":"2022-09-27T08:54:42","slug":"einschienenlaufkatze-bauart-e","status":"publish","type":"product","link":"https:\/\/www.astam.at\/en\/leistungen\/krananlagen\/abus\/hebezeuge\/elektroseilzuege\/einschienenlaufkatze-bauart-e\/","title":{"rendered":"Einschienenlaufkatze Bauart E"},"content":{"rendered":"<p><strong>Auf einen Blick<\/strong><\/p>\n<div class=\"product__contentUSP\">\n<ul>\n<li>Tragf\u00e4higkeit<span class=\"nowrap\"> 1 t &#8211; 16 t<\/span><\/li>\n<li>Kompakte Bauart<\/li>\n<li>Zwei Direktantriebe f\u00fcr das Fahrwerk<\/li>\n<li>Katzfahrwerk auf verschiedene Flanschbreiten einstellbar<\/li>\n<\/ul>\n<\/div>\n<hr \/>\n<p>Die Einschienenlaufkatze Bauart E ist unser am h\u00e4ufigsten verkaufter Seilzug im unteren Tragf\u00e4higkeitsbereich von <span class=\"nowrap\">1 t<\/span> &#8211; <span class=\"nowrap\">16 t<\/span>. F\u00fcr viele Standardanwendungen im Materialfluss stellt er zugleich eine besonders preisg\u00fcnstige L\u00f6sung dar. Der\u00a0Seilzug\u00a0Typ E weist durch seine Kompaktbauweise sehr g\u00fcnstige Bauma\u00dfe auf und ist mit zwei Direktantrieben f\u00fcr das Fahrwerk ausgestattet. Die Katzfahrwerke sind auf verschiedene Flanschbreiten einstellbar.<\/p>\n<p>&nbsp;<\/p>\n<p>&nbsp;<\/p>\n<p>&nbsp;<\/p>\n<p>&nbsp;<\/p>\n","protected":false},"excerpt":{"rendered":"<p><span class=\"nowrap\">Die Einschienenlaufkatze Bauart E ist unser am h\u00e4ufigsten verkaufter Seilzug im unteren Tragf\u00e4higkeitsbereich von 1 t &#8211; 16 t. <\/span><\/p>\n","protected":false},"featured_media":3214,"template":"","meta":{"_acf_changed":false,"inline_featured_image":false},"product_brand":[],"product_cat":[116],"product_tag":[],"class_list":{"0":"post-3212","1":"product","2":"type-product","3":"status-publish","4":"has-post-thumbnail","6":"product_cat-elektroseilzuege","8":"first","9":"instock","10":"shipping-taxable","11":"product-type-simple"},"acf":[],"yoast_head":"<!-- This site is optimized with the Yoast SEO plugin v27.5 - https:\/\/yoast.com\/product\/yoast-seo-wordpress\/ -->\n<title>ABUS Einschienenlaufkatze Bauart E - ASTAM<\/title>\n<meta name=\"description\" content=\"Die Einschienenlaufkatze Bauart E ist unser am h\u00e4ufigsten verkaufter Seilzug im unteren Tragf\u00e4higkeitsbereich von 1 t - 16 t.\" \/>\n<meta name=\"robots\" content=\"index, follow, max-snippet:-1, max-image-preview:large, max-video-preview:-1\" \/>\n<link rel=\"canonical\" href=\"https:\/\/www.astam.at\/en\/leistungen\/krananlagen\/abus\/hebezeuge\/elektroseilzuege\/einschienenlaufkatze-bauart-e\/\" \/>\n<meta property=\"og:locale\" content=\"en_US\" \/>\n<meta property=\"og:type\" content=\"article\" \/>\n<meta property=\"og:title\" content=\"ABUS Einschienenlaufkatze Bauart E - ASTAM\" \/>\n<meta property=\"og:description\" content=\"Die Einschienenlaufkatze Bauart E ist unser am h\u00e4ufigsten verkaufter Seilzug im unteren Tragf\u00e4higkeitsbereich von 1 t - 16 t.\" \/>\n<meta property=\"og:url\" content=\"https:\/\/www.astam.at\/en\/leistungen\/krananlagen\/abus\/hebezeuge\/elektroseilzuege\/einschienenlaufkatze-bauart-e\/\" \/>\n<meta property=\"og:site_name\" content=\"ASTAM\" \/>\n<meta property=\"article:publisher\" content=\"https:\/\/www.facebook.com\/pg\/ASTAM-Gmbh-572405462791301\/posts\/\" \/>\n<meta property=\"article:modified_time\" content=\"2022-09-27T08:54:42+00:00\" \/>\n<meta property=\"og:image\" content=\"https:\/\/www.astam.at\/wp-content\/uploads\/2022\/09\/AA-Elektro-Seilzug-Typ-E-07-frei-2022.png\" \/>\n\t<meta property=\"og:image:width\" content=\"500\" \/>\n\t<meta property=\"og:image:height\" content=\"400\" \/>\n\t<meta property=\"og:image:type\" content=\"image\/png\" \/>\n<meta name=\"twitter:card\" content=\"summary_large_image\" \/>\n<meta name=\"twitter:label1\" content=\"Est. reading time\" \/>\n\t<meta name=\"twitter:data1\" content=\"1 minute\" \/>\n<!-- \/ Yoast SEO plugin. -->","yoast_head_json":{"title":"ABUS Einschienenlaufkatze Bauart E - ASTAM","description":"Die Einschienenlaufkatze Bauart E ist unser am h\u00e4ufigsten verkaufter Seilzug im unteren Tragf\u00e4higkeitsbereich von 1 t - 16 t.","robots":{"index":"index","follow":"follow","max-snippet":"max-snippet:-1","max-image-preview":"max-image-preview:large","max-video-preview":"max-video-preview:-1"},"canonical":"https:\/\/www.astam.at\/en\/leistungen\/krananlagen\/abus\/hebezeuge\/elektroseilzuege\/einschienenlaufkatze-bauart-e\/","og_locale":"en_US","og_type":"article","og_title":"ABUS Einschienenlaufkatze Bauart E - ASTAM","og_description":"Die Einschienenlaufkatze Bauart E ist unser am h\u00e4ufigsten verkaufter Seilzug im unteren Tragf\u00e4higkeitsbereich von 1 t - 16 t.","og_url":"https:\/\/www.astam.at\/en\/leistungen\/krananlagen\/abus\/hebezeuge\/elektroseilzuege\/einschienenlaufkatze-bauart-e\/","og_site_name":"ASTAM","article_publisher":"https:\/\/www.facebook.com\/pg\/ASTAM-Gmbh-572405462791301\/posts\/","article_modified_time":"2022-09-27T08:54:42+00:00","og_image":[{"width":500,"height":400,"url":"https:\/\/www.astam.at\/wp-content\/uploads\/2022\/09\/AA-Elektro-Seilzug-Typ-E-07-frei-2022.png","type":"image\/png"}],"twitter_card":"summary_large_image","twitter_misc":{"Est. reading time":"1 minute"},"schema":{"@context":"https:\/\/schema.org","@graph":[{"@type":"WebPage","@id":"https:\/\/www.astam.at\/en\/leistungen\/krananlagen\/abus\/hebezeuge\/elektroseilzuege\/einschienenlaufkatze-bauart-e\/","url":"https:\/\/www.astam.at\/en\/leistungen\/krananlagen\/abus\/hebezeuge\/elektroseilzuege\/einschienenlaufkatze-bauart-e\/","name":"ABUS Einschienenlaufkatze Bauart E - ASTAM","isPartOf":{"@id":"https:\/\/www.astam.at\/en\/#website"},"primaryImageOfPage":{"@id":"https:\/\/www.astam.at\/en\/leistungen\/krananlagen\/abus\/hebezeuge\/elektroseilzuege\/einschienenlaufkatze-bauart-e\/#primaryimage"},"image":{"@id":"https:\/\/www.astam.at\/en\/leistungen\/krananlagen\/abus\/hebezeuge\/elektroseilzuege\/einschienenlaufkatze-bauart-e\/#primaryimage"},"thumbnailUrl":"https:\/\/www.astam.at\/wp-content\/uploads\/2022\/09\/AA-Elektro-Seilzug-Typ-E-07-frei-2022.png","datePublished":"2022-09-27T08:22:47+00:00","dateModified":"2022-09-27T08:54:42+00:00","description":"Die Einschienenlaufkatze Bauart E ist unser am h\u00e4ufigsten verkaufter Seilzug im unteren Tragf\u00e4higkeitsbereich von 1 t - 16 t.","breadcrumb":{"@id":"https:\/\/www.astam.at\/en\/leistungen\/krananlagen\/abus\/hebezeuge\/elektroseilzuege\/einschienenlaufkatze-bauart-e\/#breadcrumb"},"inLanguage":"en-US","potentialAction":[{"@type":"ReadAction","target":["https:\/\/www.astam.at\/en\/leistungen\/krananlagen\/abus\/hebezeuge\/elektroseilzuege\/einschienenlaufkatze-bauart-e\/"]}]},{"@type":"ImageObject","inLanguage":"en-US","@id":"https:\/\/www.astam.at\/en\/leistungen\/krananlagen\/abus\/hebezeuge\/elektroseilzuege\/einschienenlaufkatze-bauart-e\/#primaryimage","url":"https:\/\/www.astam.at\/wp-content\/uploads\/2022\/09\/AA-Elektro-Seilzug-Typ-E-07-frei-2022.png","contentUrl":"https:\/\/www.astam.at\/wp-content\/uploads\/2022\/09\/AA-Elektro-Seilzug-Typ-E-07-frei-2022.png","width":500,"height":400},{"@type":"BreadcrumbList","@id":"https:\/\/www.astam.at\/en\/leistungen\/krananlagen\/abus\/hebezeuge\/elektroseilzuege\/einschienenlaufkatze-bauart-e\/#breadcrumb","itemListElement":[{"@type":"ListItem","position":1,"name":"Startseite","item":"https:\/\/www.astam.at\/en\/"},{"@type":"ListItem","position":2,"name":"ABUS","item":"https:\/\/www.astam.at\/leistungen\/krananlagen\/abus\/"},{"@type":"ListItem","position":3,"name":"Einschienenlaufkatze Bauart E"}]},{"@type":"WebSite","@id":"https:\/\/www.astam.at\/en\/#website","url":"https:\/\/www.astam.at\/en\/","name":"ASTAM","description":"Maschinen- Stahl und Anlagenbau, Krananlagen","publisher":{"@id":"https:\/\/www.astam.at\/en\/#organization"},"potentialAction":[{"@type":"SearchAction","target":{"@type":"EntryPoint","urlTemplate":"https:\/\/www.astam.at\/en\/?s={search_term_string}"},"query-input":{"@type":"PropertyValueSpecification","valueRequired":true,"valueName":"search_term_string"}}],"inLanguage":"en-US"},{"@type":"Organization","@id":"https:\/\/www.astam.at\/en\/#organization","name":"ASTAM Allgemeine Stahl-, Anlagen- und Maschinenbau Ges.m.b.H.","url":"https:\/\/www.astam.at\/en\/","logo":{"@type":"ImageObject","inLanguage":"en-US","@id":"https:\/\/www.astam.at\/en\/#\/schema\/logo\/image\/","url":"https:\/\/www.astam.at\/wp-content\/uploads\/2020\/07\/astam_logo_freigestellt.png","contentUrl":"https:\/\/www.astam.at\/wp-content\/uploads\/2020\/07\/astam_logo_freigestellt.png","width":2318,"height":329,"caption":"ASTAM Allgemeine Stahl-, Anlagen- und Maschinenbau Ges.m.b.H."},"image":{"@id":"https:\/\/www.astam.at\/en\/#\/schema\/logo\/image\/"},"sameAs":["https:\/\/www.facebook.com\/pg\/ASTAM-Gmbh-572405462791301\/posts\/"]}]}},"_links":{"self":[{"href":"https:\/\/www.astam.at\/en\/wp-json\/wp\/v2\/product\/3212","targetHints":{"allow":["GET"]}}],"collection":[{"href":"https:\/\/www.astam.at\/en\/wp-json\/wp\/v2\/product"}],"about":[{"href":"https:\/\/www.astam.at\/en\/wp-json\/wp\/v2\/types\/product"}],"wp:featuredmedia":[{"embeddable":true,"href":"https:\/\/www.astam.at\/en\/wp-json\/wp\/v2\/media\/3214"}],"wp:attachment":[{"href":"https:\/\/www.astam.at\/en\/wp-json\/wp\/v2\/media?parent=3212"}],"wp:term":[{"taxonomy":"product_brand","embeddable":true,"href":"https:\/\/www.astam.at\/en\/wp-json\/wp\/v2\/product_brand?post=3212"},{"taxonomy":"product_cat","embeddable":true,"href":"https:\/\/www.astam.at\/en\/wp-json\/wp\/v2\/product_cat?post=3212"},{"taxonomy":"product_tag","embeddable":true,"href":"https:\/\/www.astam.at\/en\/wp-json\/wp\/v2\/product_tag?post=3212"}],"curies":[{"name":"wp","href":"https:\/\/api.w.org\/{rel}","templated":true}]}}