{"id":3222,"date":"2022-09-27T10:43:45","date_gmt":"2022-09-27T08:43:45","guid":{"rendered":"https:\/\/www.astam.at\/?post_type=product&#038;p=3222"},"modified":"2022-09-27T10:54:35","modified_gmt":"2022-09-27T08:54:35","slug":"unterflanschlaufkatze-bauart-u","status":"publish","type":"product","link":"https:\/\/www.astam.at\/en\/leistungen\/krananlagen\/abus\/hebezeuge\/elektroseilzuege\/unterflanschlaufkatze-bauart-u\/","title":{"rendered":"Unterflanschlaufkatze Bauart U"},"content":{"rendered":"<p><strong>Auf einen Blick<\/strong><\/p>\n<div class=\"product__contentUSP\">\n<ul>\n<li>Tragf\u00e4higkeit <span class=\"nowrap\">6,3 <\/span>t &#8211; <span class=\"nowrap\">25 t<\/span><\/li>\n<li>Katzfahrwerk mit Direktantrieb<\/li>\n<li>keine offenen Vorgelege<\/li>\n<li>Verteilung der Radlast auf 8 Laufr\u00e4der<\/li>\n<\/ul>\n<\/div>\n<hr \/>\n<p>Die Unterflanschlaufkatze Bauart U kommt bei h\u00f6heren Tragf\u00e4higkeiten und gr\u00f6\u00dferen Hubh\u00f6hen zum Einsatz. Sie deckt den Tragf\u00e4higkeitsbereich von <span class=\"nowrap\">6,3 t<\/span> bis <span class=\"nowrap\">25 t<\/span> ab. Die Katzfahrwerke sind mit einem Direktantrieb ohne offene Vorgelege ausgestattet. Die Unterflanschlaufkatze verf\u00fcgt \u00fcber 8 Laufr\u00e4der, auf denen die Gesamtradlast verteilt wird. Damit ist auch der Einsatz von handels\u00fcblichen Walzprofiltr\u00e4gern bei Einschienenkatzbahnen m\u00f6glich.\u00a0Krane mit kleinerer Spannweite k\u00f6nnen auch bei gr\u00f6\u00dferer Tragf\u00e4higkeit mit dieser Katzbauart\u00a0als\u00a0Eintr\u00e4gerlaufkran\u00a0realisiert werden. Im Vergleich zum\u00a0Zweitr\u00e4gerlaufkran\u00a0k\u00f6nnen somit Vorteile bei der Gesamtinvestition erzielt werden.<\/p>\n<p>&nbsp;<\/p>\n<p>&nbsp;<\/p>\n<p>&nbsp;<\/p>\n<p>&nbsp;<\/p>\n","protected":false},"excerpt":{"rendered":"<p><span class=\"nowrap\">Die Unterflanschlaufkatze Bauart U kommt bei h\u00f6heren Tragf\u00e4higkeiten und gr\u00f6\u00dferen Hubh\u00f6hen zum Einsatz. <\/span><\/p>\n","protected":false},"featured_media":3223,"template":"","meta":{"_acf_changed":false,"inline_featured_image":false},"product_brand":[],"product_cat":[116],"product_tag":[],"class_list":{"0":"post-3222","1":"product","2":"type-product","3":"status-publish","4":"has-post-thumbnail","6":"product_cat-elektroseilzuege","8":"first","9":"instock","10":"shipping-taxable","11":"product-type-simple"},"acf":[],"yoast_head":"<!-- This site is optimized with the Yoast SEO plugin v27.5 - https:\/\/yoast.com\/product\/yoast-seo-wordpress\/ -->\n<title>ABUS Unterflanschlaufkatze Bauart U - ASTAM<\/title>\n<meta name=\"description\" content=\"Die Unterflanschlaufkatze Bauart U kommt bei h\u00f6heren Tragf\u00e4higkeiten und gr\u00f6\u00dferen Hubh\u00f6hen zum Einsatz.\" \/>\n<meta name=\"robots\" content=\"index, follow, max-snippet:-1, max-image-preview:large, max-video-preview:-1\" \/>\n<link rel=\"canonical\" href=\"https:\/\/www.astam.at\/en\/leistungen\/krananlagen\/abus\/hebezeuge\/elektroseilzuege\/unterflanschlaufkatze-bauart-u\/\" \/>\n<meta property=\"og:locale\" content=\"en_US\" \/>\n<meta property=\"og:type\" content=\"article\" \/>\n<meta property=\"og:title\" content=\"ABUS Unterflanschlaufkatze Bauart U - ASTAM\" \/>\n<meta property=\"og:description\" content=\"Die Unterflanschlaufkatze Bauart U kommt bei h\u00f6heren Tragf\u00e4higkeiten und gr\u00f6\u00dferen Hubh\u00f6hen zum Einsatz.\" \/>\n<meta property=\"og:url\" content=\"https:\/\/www.astam.at\/en\/leistungen\/krananlagen\/abus\/hebezeuge\/elektroseilzuege\/unterflanschlaufkatze-bauart-u\/\" \/>\n<meta property=\"og:site_name\" content=\"ASTAM\" \/>\n<meta property=\"article:publisher\" content=\"https:\/\/www.facebook.com\/pg\/ASTAM-Gmbh-572405462791301\/posts\/\" \/>\n<meta property=\"article:modified_time\" content=\"2022-09-27T08:54:35+00:00\" \/>\n<meta property=\"og:image\" content=\"https:\/\/www.astam.at\/wp-content\/uploads\/2022\/09\/AA-Elektro-Seilzug-Typ-U-frei-2022.png\" \/>\n\t<meta property=\"og:image:width\" content=\"500\" \/>\n\t<meta property=\"og:image:height\" content=\"400\" \/>\n\t<meta property=\"og:image:type\" content=\"image\/png\" \/>\n<meta name=\"twitter:card\" content=\"summary_large_image\" \/>\n<meta name=\"twitter:label1\" content=\"Est. reading time\" \/>\n\t<meta name=\"twitter:data1\" content=\"1 minute\" \/>\n<!-- \/ Yoast SEO plugin. -->","yoast_head_json":{"title":"ABUS Unterflanschlaufkatze Bauart U - ASTAM","description":"Die Unterflanschlaufkatze Bauart U kommt bei h\u00f6heren Tragf\u00e4higkeiten und gr\u00f6\u00dferen Hubh\u00f6hen zum Einsatz.","robots":{"index":"index","follow":"follow","max-snippet":"max-snippet:-1","max-image-preview":"max-image-preview:large","max-video-preview":"max-video-preview:-1"},"canonical":"https:\/\/www.astam.at\/en\/leistungen\/krananlagen\/abus\/hebezeuge\/elektroseilzuege\/unterflanschlaufkatze-bauart-u\/","og_locale":"en_US","og_type":"article","og_title":"ABUS Unterflanschlaufkatze Bauart U - ASTAM","og_description":"Die Unterflanschlaufkatze Bauart U kommt bei h\u00f6heren Tragf\u00e4higkeiten und gr\u00f6\u00dferen Hubh\u00f6hen zum Einsatz.","og_url":"https:\/\/www.astam.at\/en\/leistungen\/krananlagen\/abus\/hebezeuge\/elektroseilzuege\/unterflanschlaufkatze-bauart-u\/","og_site_name":"ASTAM","article_publisher":"https:\/\/www.facebook.com\/pg\/ASTAM-Gmbh-572405462791301\/posts\/","article_modified_time":"2022-09-27T08:54:35+00:00","og_image":[{"width":500,"height":400,"url":"https:\/\/www.astam.at\/wp-content\/uploads\/2022\/09\/AA-Elektro-Seilzug-Typ-U-frei-2022.png","type":"image\/png"}],"twitter_card":"summary_large_image","twitter_misc":{"Est. reading time":"1 minute"},"schema":{"@context":"https:\/\/schema.org","@graph":[{"@type":"WebPage","@id":"https:\/\/www.astam.at\/en\/leistungen\/krananlagen\/abus\/hebezeuge\/elektroseilzuege\/unterflanschlaufkatze-bauart-u\/","url":"https:\/\/www.astam.at\/en\/leistungen\/krananlagen\/abus\/hebezeuge\/elektroseilzuege\/unterflanschlaufkatze-bauart-u\/","name":"ABUS Unterflanschlaufkatze Bauart U - ASTAM","isPartOf":{"@id":"https:\/\/www.astam.at\/en\/#website"},"primaryImageOfPage":{"@id":"https:\/\/www.astam.at\/en\/leistungen\/krananlagen\/abus\/hebezeuge\/elektroseilzuege\/unterflanschlaufkatze-bauart-u\/#primaryimage"},"image":{"@id":"https:\/\/www.astam.at\/en\/leistungen\/krananlagen\/abus\/hebezeuge\/elektroseilzuege\/unterflanschlaufkatze-bauart-u\/#primaryimage"},"thumbnailUrl":"https:\/\/www.astam.at\/wp-content\/uploads\/2022\/09\/AA-Elektro-Seilzug-Typ-U-frei-2022.png","datePublished":"2022-09-27T08:43:45+00:00","dateModified":"2022-09-27T08:54:35+00:00","description":"Die Unterflanschlaufkatze Bauart U kommt bei h\u00f6heren Tragf\u00e4higkeiten und gr\u00f6\u00dferen Hubh\u00f6hen zum Einsatz.","breadcrumb":{"@id":"https:\/\/www.astam.at\/en\/leistungen\/krananlagen\/abus\/hebezeuge\/elektroseilzuege\/unterflanschlaufkatze-bauart-u\/#breadcrumb"},"inLanguage":"en-US","potentialAction":[{"@type":"ReadAction","target":["https:\/\/www.astam.at\/en\/leistungen\/krananlagen\/abus\/hebezeuge\/elektroseilzuege\/unterflanschlaufkatze-bauart-u\/"]}]},{"@type":"ImageObject","inLanguage":"en-US","@id":"https:\/\/www.astam.at\/en\/leistungen\/krananlagen\/abus\/hebezeuge\/elektroseilzuege\/unterflanschlaufkatze-bauart-u\/#primaryimage","url":"https:\/\/www.astam.at\/wp-content\/uploads\/2022\/09\/AA-Elektro-Seilzug-Typ-U-frei-2022.png","contentUrl":"https:\/\/www.astam.at\/wp-content\/uploads\/2022\/09\/AA-Elektro-Seilzug-Typ-U-frei-2022.png","width":500,"height":400},{"@type":"BreadcrumbList","@id":"https:\/\/www.astam.at\/en\/leistungen\/krananlagen\/abus\/hebezeuge\/elektroseilzuege\/unterflanschlaufkatze-bauart-u\/#breadcrumb","itemListElement":[{"@type":"ListItem","position":1,"name":"Startseite","item":"https:\/\/www.astam.at\/en\/"},{"@type":"ListItem","position":2,"name":"ABUS","item":"https:\/\/www.astam.at\/leistungen\/krananlagen\/abus\/"},{"@type":"ListItem","position":3,"name":"Unterflanschlaufkatze Bauart U"}]},{"@type":"WebSite","@id":"https:\/\/www.astam.at\/en\/#website","url":"https:\/\/www.astam.at\/en\/","name":"ASTAM","description":"Maschinen- Stahl und Anlagenbau, Krananlagen","publisher":{"@id":"https:\/\/www.astam.at\/en\/#organization"},"potentialAction":[{"@type":"SearchAction","target":{"@type":"EntryPoint","urlTemplate":"https:\/\/www.astam.at\/en\/?s={search_term_string}"},"query-input":{"@type":"PropertyValueSpecification","valueRequired":true,"valueName":"search_term_string"}}],"inLanguage":"en-US"},{"@type":"Organization","@id":"https:\/\/www.astam.at\/en\/#organization","name":"ASTAM Allgemeine Stahl-, Anlagen- und Maschinenbau Ges.m.b.H.","url":"https:\/\/www.astam.at\/en\/","logo":{"@type":"ImageObject","inLanguage":"en-US","@id":"https:\/\/www.astam.at\/en\/#\/schema\/logo\/image\/","url":"https:\/\/www.astam.at\/wp-content\/uploads\/2020\/07\/astam_logo_freigestellt.png","contentUrl":"https:\/\/www.astam.at\/wp-content\/uploads\/2020\/07\/astam_logo_freigestellt.png","width":2318,"height":329,"caption":"ASTAM Allgemeine Stahl-, Anlagen- und Maschinenbau Ges.m.b.H."},"image":{"@id":"https:\/\/www.astam.at\/en\/#\/schema\/logo\/image\/"},"sameAs":["https:\/\/www.facebook.com\/pg\/ASTAM-Gmbh-572405462791301\/posts\/"]}]}},"_links":{"self":[{"href":"https:\/\/www.astam.at\/en\/wp-json\/wp\/v2\/product\/3222","targetHints":{"allow":["GET"]}}],"collection":[{"href":"https:\/\/www.astam.at\/en\/wp-json\/wp\/v2\/product"}],"about":[{"href":"https:\/\/www.astam.at\/en\/wp-json\/wp\/v2\/types\/product"}],"wp:featuredmedia":[{"embeddable":true,"href":"https:\/\/www.astam.at\/en\/wp-json\/wp\/v2\/media\/3223"}],"wp:attachment":[{"href":"https:\/\/www.astam.at\/en\/wp-json\/wp\/v2\/media?parent=3222"}],"wp:term":[{"taxonomy":"product_brand","embeddable":true,"href":"https:\/\/www.astam.at\/en\/wp-json\/wp\/v2\/product_brand?post=3222"},{"taxonomy":"product_cat","embeddable":true,"href":"https:\/\/www.astam.at\/en\/wp-json\/wp\/v2\/product_cat?post=3222"},{"taxonomy":"product_tag","embeddable":true,"href":"https:\/\/www.astam.at\/en\/wp-json\/wp\/v2\/product_tag?post=3222"}],"curies":[{"name":"wp","href":"https:\/\/api.w.org\/{rel}","templated":true}]}}