{"id":3241,"date":"2022-09-27T11:00:54","date_gmt":"2022-09-27T09:00:54","guid":{"rendered":"https:\/\/www.astam.at\/?post_type=product&#038;p=3241"},"modified":"2022-09-27T11:04:56","modified_gmt":"2022-09-27T09:04:56","slug":"seitenlaufkatze-bauart-s","status":"publish","type":"product","link":"https:\/\/www.astam.at\/en\/leistungen\/krananlagen\/abus\/hebezeuge\/elektroseilzuege\/seitenlaufkatze-bauart-s\/","title":{"rendered":"Seitenlaufkatze Bauart S"},"content":{"rendered":"<p><strong>Auf einen Blick<\/strong><\/p>\n<div class=\"product__contentUSP\">\n<ul>\n<li>Tragf\u00e4higkeit <span class=\"nowrap\">1 t<\/span> &#8211; <span class=\"nowrap\">10 t<\/span><\/li>\n<li>Seilablauf neben der\u00a0Kranbr\u00fccke<\/li>\n<li>optimierte Hakenh\u00f6he<\/li>\n<li>erm\u00f6glicht reduzierte Hallenh\u00f6he<\/li>\n<\/ul>\n<\/div>\n<hr \/>\n<p>Die Seitenlaufkatze Bauart S zeichnet sich durch einen Seilablauf\u00a0neben\u00a0der Kranbr\u00fccke aus. So kann im Tragf\u00e4higkeitsbereich von <span class=\"nowrap\">1 t<\/span> &#8211; <span class=\"nowrap\">10 t<\/span> eine optimierte Hakenh\u00f6he erzielt werden. Die gr\u00f6\u00dftm\u00f6gliche Ausnutzung der Hakenh\u00f6he ist dabei nicht nur bei bestehenden Geb\u00e4uden und Hallen von Vorteil:\u00a0mithilfe der Seitenlaufkatze Typ S k\u00f6nnen bei Hallenneuplanungen Einsparungen bei der Gesamtinvestition erzielt werden. Z. B. durch die M\u00f6glichkeit, Kranbr\u00fccken bis mehr als <span class=\"nowrap\">35 m<\/span> auch in Eintr\u00e4gerbauart auszuf\u00fchren. So ergeben sich im Vergleich zu einer Krananlage mit einem\u00a0Eintr\u00e4gerlaufkran\u00a0und einer\u00a0Einschienenkatze Bauart E\u00a0reduzierte Hallenh\u00f6hen und damit ein geringes Kostenvolumen. Im Vergleich zum\u00a0Zweitr\u00e4gerlaufkran\u00a0zeigen sich bei etwa gleichen Bauh\u00f6hen geringere Belastungen f\u00fcr Kranbahn und Geb\u00e4ude &#8211; ebenfalls oft ein Kostenvorteil.<\/p>\n<p>&nbsp;<\/p>\n<p>&nbsp;<\/p>\n<p>&nbsp;<\/p>\n<p>&nbsp;<\/p>\n","protected":false},"excerpt":{"rendered":"<p><span class=\"nowrap\">Die Seitenlaufkatze Bauart S zeichnet sich durch einen Seilablauf\u00a0neben\u00a0der Kranbr\u00fccke aus. So kann im Tragf\u00e4higkeitsbereich von 1 t &#8211; 10 t eine optimierte Hakenh\u00f6he erzielt werden.<\/span><\/p>\n","protected":false},"featured_media":3242,"template":"","meta":{"_acf_changed":false,"inline_featured_image":false},"product_brand":[],"product_cat":[116],"product_tag":[],"class_list":{"0":"post-3241","1":"product","2":"type-product","3":"status-publish","4":"has-post-thumbnail","6":"product_cat-elektroseilzuege","8":"first","9":"instock","10":"shipping-taxable","11":"product-type-simple"},"acf":[],"yoast_head":"<!-- This site is optimized with the Yoast SEO plugin v27.5 - https:\/\/yoast.com\/product\/yoast-seo-wordpress\/ -->\n<title>ABUS Seitenlaufkatze Bauart S - ASTAM<\/title>\n<meta name=\"description\" content=\"Die Seitenlaufkatze Bauart S zeichnet sich durch einen Seilablauf\u00a0neben\u00a0der Kranbr\u00fccke aus.\" \/>\n<meta name=\"robots\" content=\"index, follow, max-snippet:-1, max-image-preview:large, max-video-preview:-1\" \/>\n<link rel=\"canonical\" href=\"https:\/\/www.astam.at\/en\/leistungen\/krananlagen\/abus\/hebezeuge\/elektroseilzuege\/seitenlaufkatze-bauart-s\/\" \/>\n<meta property=\"og:locale\" content=\"en_US\" \/>\n<meta property=\"og:type\" content=\"article\" \/>\n<meta property=\"og:title\" content=\"ABUS Seitenlaufkatze Bauart S - ASTAM\" \/>\n<meta property=\"og:description\" content=\"Die Seitenlaufkatze Bauart S zeichnet sich durch einen Seilablauf\u00a0neben\u00a0der Kranbr\u00fccke aus.\" \/>\n<meta property=\"og:url\" content=\"https:\/\/www.astam.at\/en\/leistungen\/krananlagen\/abus\/hebezeuge\/elektroseilzuege\/seitenlaufkatze-bauart-s\/\" \/>\n<meta property=\"og:site_name\" content=\"ASTAM\" \/>\n<meta property=\"article:publisher\" content=\"https:\/\/www.facebook.com\/pg\/ASTAM-Gmbh-572405462791301\/posts\/\" \/>\n<meta property=\"article:modified_time\" content=\"2022-09-27T09:04:56+00:00\" \/>\n<meta property=\"og:image\" content=\"https:\/\/www.astam.at\/wp-content\/uploads\/2022\/09\/AA-Elektro-Seilzug-Typ-ELS-frei-2022.png\" \/>\n\t<meta property=\"og:image:width\" content=\"500\" \/>\n\t<meta property=\"og:image:height\" content=\"400\" \/>\n\t<meta property=\"og:image:type\" content=\"image\/png\" \/>\n<meta name=\"twitter:card\" content=\"summary_large_image\" \/>\n<meta name=\"twitter:label1\" content=\"Est. reading time\" \/>\n\t<meta name=\"twitter:data1\" content=\"1 minute\" \/>\n<!-- \/ Yoast SEO plugin. -->","yoast_head_json":{"title":"ABUS Seitenlaufkatze Bauart S - ASTAM","description":"Die Seitenlaufkatze Bauart S zeichnet sich durch einen Seilablauf\u00a0neben\u00a0der Kranbr\u00fccke aus.","robots":{"index":"index","follow":"follow","max-snippet":"max-snippet:-1","max-image-preview":"max-image-preview:large","max-video-preview":"max-video-preview:-1"},"canonical":"https:\/\/www.astam.at\/en\/leistungen\/krananlagen\/abus\/hebezeuge\/elektroseilzuege\/seitenlaufkatze-bauart-s\/","og_locale":"en_US","og_type":"article","og_title":"ABUS Seitenlaufkatze Bauart S - ASTAM","og_description":"Die Seitenlaufkatze Bauart S zeichnet sich durch einen Seilablauf\u00a0neben\u00a0der Kranbr\u00fccke aus.","og_url":"https:\/\/www.astam.at\/en\/leistungen\/krananlagen\/abus\/hebezeuge\/elektroseilzuege\/seitenlaufkatze-bauart-s\/","og_site_name":"ASTAM","article_publisher":"https:\/\/www.facebook.com\/pg\/ASTAM-Gmbh-572405462791301\/posts\/","article_modified_time":"2022-09-27T09:04:56+00:00","og_image":[{"width":500,"height":400,"url":"https:\/\/www.astam.at\/wp-content\/uploads\/2022\/09\/AA-Elektro-Seilzug-Typ-ELS-frei-2022.png","type":"image\/png"}],"twitter_card":"summary_large_image","twitter_misc":{"Est. reading time":"1 minute"},"schema":{"@context":"https:\/\/schema.org","@graph":[{"@type":"WebPage","@id":"https:\/\/www.astam.at\/en\/leistungen\/krananlagen\/abus\/hebezeuge\/elektroseilzuege\/seitenlaufkatze-bauart-s\/","url":"https:\/\/www.astam.at\/en\/leistungen\/krananlagen\/abus\/hebezeuge\/elektroseilzuege\/seitenlaufkatze-bauart-s\/","name":"ABUS Seitenlaufkatze Bauart S - ASTAM","isPartOf":{"@id":"https:\/\/www.astam.at\/en\/#website"},"primaryImageOfPage":{"@id":"https:\/\/www.astam.at\/en\/leistungen\/krananlagen\/abus\/hebezeuge\/elektroseilzuege\/seitenlaufkatze-bauart-s\/#primaryimage"},"image":{"@id":"https:\/\/www.astam.at\/en\/leistungen\/krananlagen\/abus\/hebezeuge\/elektroseilzuege\/seitenlaufkatze-bauart-s\/#primaryimage"},"thumbnailUrl":"https:\/\/www.astam.at\/wp-content\/uploads\/2022\/09\/AA-Elektro-Seilzug-Typ-ELS-frei-2022.png","datePublished":"2022-09-27T09:00:54+00:00","dateModified":"2022-09-27T09:04:56+00:00","description":"Die Seitenlaufkatze Bauart S zeichnet sich durch einen Seilablauf\u00a0neben\u00a0der Kranbr\u00fccke aus.","breadcrumb":{"@id":"https:\/\/www.astam.at\/en\/leistungen\/krananlagen\/abus\/hebezeuge\/elektroseilzuege\/seitenlaufkatze-bauart-s\/#breadcrumb"},"inLanguage":"en-US","potentialAction":[{"@type":"ReadAction","target":["https:\/\/www.astam.at\/en\/leistungen\/krananlagen\/abus\/hebezeuge\/elektroseilzuege\/seitenlaufkatze-bauart-s\/"]}]},{"@type":"ImageObject","inLanguage":"en-US","@id":"https:\/\/www.astam.at\/en\/leistungen\/krananlagen\/abus\/hebezeuge\/elektroseilzuege\/seitenlaufkatze-bauart-s\/#primaryimage","url":"https:\/\/www.astam.at\/wp-content\/uploads\/2022\/09\/AA-Elektro-Seilzug-Typ-ELS-frei-2022.png","contentUrl":"https:\/\/www.astam.at\/wp-content\/uploads\/2022\/09\/AA-Elektro-Seilzug-Typ-ELS-frei-2022.png","width":500,"height":400},{"@type":"BreadcrumbList","@id":"https:\/\/www.astam.at\/en\/leistungen\/krananlagen\/abus\/hebezeuge\/elektroseilzuege\/seitenlaufkatze-bauart-s\/#breadcrumb","itemListElement":[{"@type":"ListItem","position":1,"name":"Startseite","item":"https:\/\/www.astam.at\/en\/"},{"@type":"ListItem","position":2,"name":"ABUS","item":"https:\/\/www.astam.at\/leistungen\/krananlagen\/abus\/"},{"@type":"ListItem","position":3,"name":"Seitenlaufkatze Bauart S"}]},{"@type":"WebSite","@id":"https:\/\/www.astam.at\/en\/#website","url":"https:\/\/www.astam.at\/en\/","name":"ASTAM","description":"Maschinen- Stahl und Anlagenbau, Krananlagen","publisher":{"@id":"https:\/\/www.astam.at\/en\/#organization"},"potentialAction":[{"@type":"SearchAction","target":{"@type":"EntryPoint","urlTemplate":"https:\/\/www.astam.at\/en\/?s={search_term_string}"},"query-input":{"@type":"PropertyValueSpecification","valueRequired":true,"valueName":"search_term_string"}}],"inLanguage":"en-US"},{"@type":"Organization","@id":"https:\/\/www.astam.at\/en\/#organization","name":"ASTAM Allgemeine Stahl-, Anlagen- und Maschinenbau Ges.m.b.H.","url":"https:\/\/www.astam.at\/en\/","logo":{"@type":"ImageObject","inLanguage":"en-US","@id":"https:\/\/www.astam.at\/en\/#\/schema\/logo\/image\/","url":"https:\/\/www.astam.at\/wp-content\/uploads\/2020\/07\/astam_logo_freigestellt.png","contentUrl":"https:\/\/www.astam.at\/wp-content\/uploads\/2020\/07\/astam_logo_freigestellt.png","width":2318,"height":329,"caption":"ASTAM Allgemeine Stahl-, Anlagen- und Maschinenbau Ges.m.b.H."},"image":{"@id":"https:\/\/www.astam.at\/en\/#\/schema\/logo\/image\/"},"sameAs":["https:\/\/www.facebook.com\/pg\/ASTAM-Gmbh-572405462791301\/posts\/"]}]}},"_links":{"self":[{"href":"https:\/\/www.astam.at\/en\/wp-json\/wp\/v2\/product\/3241","targetHints":{"allow":["GET"]}}],"collection":[{"href":"https:\/\/www.astam.at\/en\/wp-json\/wp\/v2\/product"}],"about":[{"href":"https:\/\/www.astam.at\/en\/wp-json\/wp\/v2\/types\/product"}],"wp:featuredmedia":[{"embeddable":true,"href":"https:\/\/www.astam.at\/en\/wp-json\/wp\/v2\/media\/3242"}],"wp:attachment":[{"href":"https:\/\/www.astam.at\/en\/wp-json\/wp\/v2\/media?parent=3241"}],"wp:term":[{"taxonomy":"product_brand","embeddable":true,"href":"https:\/\/www.astam.at\/en\/wp-json\/wp\/v2\/product_brand?post=3241"},{"taxonomy":"product_cat","embeddable":true,"href":"https:\/\/www.astam.at\/en\/wp-json\/wp\/v2\/product_cat?post=3241"},{"taxonomy":"product_tag","embeddable":true,"href":"https:\/\/www.astam.at\/en\/wp-json\/wp\/v2\/product_tag?post=3241"}],"curies":[{"name":"wp","href":"https:\/\/api.w.org\/{rel}","templated":true}]}}