{"id":3252,"date":"2022-09-27T11:05:54","date_gmt":"2022-09-27T09:05:54","guid":{"rendered":"https:\/\/www.astam.at\/?post_type=product&#038;p=3252"},"modified":"2022-09-27T11:09:59","modified_gmt":"2022-09-27T09:09:59","slug":"zweischienenlaufkatze-bauart-d","status":"publish","type":"product","link":"https:\/\/www.astam.at\/en\/leistungen\/krananlagen\/abus\/hebezeuge\/elektroseilzuege\/zweischienenlaufkatze-bauart-d\/","title":{"rendered":"Zweischienenlaufkatze Bauart D"},"content":{"rendered":"<p><strong>Auf einen Blick<\/strong><\/p>\n<div class=\"product__contentUSP\">\n<ul>\n<li>Tragf\u00e4higkeit 1 &#8211; <span class=\"nowrap\">63 t<\/span><\/li>\n<li>gelenkiger Fahrwerkstr\u00e4geranschluss<\/li>\n<li>Optional: Wartungspodest<\/li>\n<\/ul>\n<\/div>\n<hr \/>\n<p>Die Zweischienenlaufkatze <span class=\"nowrap\">Bauart D<\/span> ist unser kompakter\u00a0Standard-Seilzug f\u00fcr den mittleren Tragf\u00e4higkeitsbereich von <span class=\"nowrap\">1 t<\/span> &#8211; <span class=\"nowrap\">63\u00a0t<\/span>. Diese Bauart zeichnet sich durch einen gelenkigen Fahrwerkstr\u00e4geranschluss aus, der eine Auflage aller vier Laufr\u00e4der garantiert. Das Katzfahrwerk der Zweischienenlaufkatze ist mit zwei Direktantrieben ausger\u00fcstet. Einige Modelle der Bauart D\u00a0erm\u00f6glichen ein sog.\u00a0True vertical lift, d.h. dass eine Hakenwanderung bzw.\u00a0Hakendrehung ausgeschlossen werden kann. Je nach Anwendungsfall, z.B. beim Heben von gef\u00fchrten Lasten oder beim Wenden von Lasten mit zwei Katzen, ein gro\u00dfes Plus f\u00fcr den Kranbediener.\u00a0An die Zweischienenlaufkatze kann zus\u00e4tzlich ein Wartungspodest angebracht werden,\u00a0so dass\u00a0Service-\u00a0und Wartungsarbeiten\u00a0einfach und\u00a0sicher ausgef\u00fchrt werden k\u00f6nnen (begehbare Bauweise als Option). Bei geringem Freiraum nach oben ist auf Anfrage auch eine abgesenkte\u00a0Bauart DA\u00a0verf\u00fcgbar.<\/p>\n","protected":false},"excerpt":{"rendered":"<p><span class=\"nowrap\">Die Zweischienenlaufkatze Bauart D ist unser kompakter\u00a0Standard-Seilzug f\u00fcr den mittleren Tragf\u00e4higkeitsbereich von 1 t &#8211; 63\u00a0t.<\/span><\/p>\n","protected":false},"featured_media":3253,"template":"","meta":{"_acf_changed":false,"inline_featured_image":false},"product_brand":[],"product_cat":[116],"product_tag":[],"class_list":{"0":"post-3252","1":"product","2":"type-product","3":"status-publish","4":"has-post-thumbnail","6":"product_cat-elektroseilzuege","8":"first","9":"instock","10":"shipping-taxable","11":"product-type-simple"},"acf":[],"yoast_head":"<!-- This site is optimized with the Yoast SEO plugin v27.5 - https:\/\/yoast.com\/product\/yoast-seo-wordpress\/ -->\n<title>ABUS Elektroseilz\u00fcge - Zweischienenlaufkatze Bauart D - ASTAM<\/title>\n<meta name=\"description\" content=\"Die Zweischienenlaufkatze Bauart D ist unser kompakter\u00a0Standard-Seilzug f\u00fcr den mittleren Tragf\u00e4higkeitsbereich von 1 t - 63\u00a0t.\" \/>\n<meta name=\"robots\" content=\"index, follow, max-snippet:-1, max-image-preview:large, max-video-preview:-1\" \/>\n<link rel=\"canonical\" href=\"https:\/\/www.astam.at\/en\/leistungen\/krananlagen\/abus\/hebezeuge\/elektroseilzuege\/zweischienenlaufkatze-bauart-d\/\" \/>\n<meta property=\"og:locale\" content=\"en_US\" \/>\n<meta property=\"og:type\" content=\"article\" \/>\n<meta property=\"og:title\" content=\"ABUS Elektroseilz\u00fcge - Zweischienenlaufkatze Bauart D - ASTAM\" \/>\n<meta property=\"og:description\" content=\"Die Zweischienenlaufkatze Bauart D ist unser kompakter\u00a0Standard-Seilzug f\u00fcr den mittleren Tragf\u00e4higkeitsbereich von 1 t - 63\u00a0t.\" \/>\n<meta property=\"og:url\" content=\"https:\/\/www.astam.at\/en\/leistungen\/krananlagen\/abus\/hebezeuge\/elektroseilzuege\/zweischienenlaufkatze-bauart-d\/\" \/>\n<meta property=\"og:site_name\" content=\"ASTAM\" \/>\n<meta property=\"article:publisher\" content=\"https:\/\/www.facebook.com\/pg\/ASTAM-Gmbh-572405462791301\/posts\/\" \/>\n<meta property=\"article:modified_time\" content=\"2022-09-27T09:09:59+00:00\" \/>\n<meta property=\"og:image\" content=\"https:\/\/www.astam.at\/wp-content\/uploads\/2022\/09\/AA-Elektro-Seilzug-Typ-D-frei-2022.png\" \/>\n\t<meta property=\"og:image:width\" content=\"500\" \/>\n\t<meta property=\"og:image:height\" content=\"400\" \/>\n\t<meta property=\"og:image:type\" content=\"image\/png\" \/>\n<meta name=\"twitter:card\" content=\"summary_large_image\" \/>\n<meta name=\"twitter:label1\" content=\"Est. reading time\" \/>\n\t<meta name=\"twitter:data1\" content=\"1 minute\" \/>\n<!-- \/ Yoast SEO plugin. -->","yoast_head_json":{"title":"ABUS Elektroseilz\u00fcge - Zweischienenlaufkatze Bauart D - ASTAM","description":"Die Zweischienenlaufkatze Bauart D ist unser kompakter\u00a0Standard-Seilzug f\u00fcr den mittleren Tragf\u00e4higkeitsbereich von 1 t - 63\u00a0t.","robots":{"index":"index","follow":"follow","max-snippet":"max-snippet:-1","max-image-preview":"max-image-preview:large","max-video-preview":"max-video-preview:-1"},"canonical":"https:\/\/www.astam.at\/en\/leistungen\/krananlagen\/abus\/hebezeuge\/elektroseilzuege\/zweischienenlaufkatze-bauart-d\/","og_locale":"en_US","og_type":"article","og_title":"ABUS Elektroseilz\u00fcge - Zweischienenlaufkatze Bauart D - ASTAM","og_description":"Die Zweischienenlaufkatze Bauart D ist unser kompakter\u00a0Standard-Seilzug f\u00fcr den mittleren Tragf\u00e4higkeitsbereich von 1 t - 63\u00a0t.","og_url":"https:\/\/www.astam.at\/en\/leistungen\/krananlagen\/abus\/hebezeuge\/elektroseilzuege\/zweischienenlaufkatze-bauart-d\/","og_site_name":"ASTAM","article_publisher":"https:\/\/www.facebook.com\/pg\/ASTAM-Gmbh-572405462791301\/posts\/","article_modified_time":"2022-09-27T09:09:59+00:00","og_image":[{"width":500,"height":400,"url":"https:\/\/www.astam.at\/wp-content\/uploads\/2022\/09\/AA-Elektro-Seilzug-Typ-D-frei-2022.png","type":"image\/png"}],"twitter_card":"summary_large_image","twitter_misc":{"Est. reading time":"1 minute"},"schema":{"@context":"https:\/\/schema.org","@graph":[{"@type":"WebPage","@id":"https:\/\/www.astam.at\/en\/leistungen\/krananlagen\/abus\/hebezeuge\/elektroseilzuege\/zweischienenlaufkatze-bauart-d\/","url":"https:\/\/www.astam.at\/en\/leistungen\/krananlagen\/abus\/hebezeuge\/elektroseilzuege\/zweischienenlaufkatze-bauart-d\/","name":"ABUS Elektroseilz\u00fcge - Zweischienenlaufkatze Bauart D - ASTAM","isPartOf":{"@id":"https:\/\/www.astam.at\/en\/#website"},"primaryImageOfPage":{"@id":"https:\/\/www.astam.at\/en\/leistungen\/krananlagen\/abus\/hebezeuge\/elektroseilzuege\/zweischienenlaufkatze-bauart-d\/#primaryimage"},"image":{"@id":"https:\/\/www.astam.at\/en\/leistungen\/krananlagen\/abus\/hebezeuge\/elektroseilzuege\/zweischienenlaufkatze-bauart-d\/#primaryimage"},"thumbnailUrl":"https:\/\/www.astam.at\/wp-content\/uploads\/2022\/09\/AA-Elektro-Seilzug-Typ-D-frei-2022.png","datePublished":"2022-09-27T09:05:54+00:00","dateModified":"2022-09-27T09:09:59+00:00","description":"Die Zweischienenlaufkatze Bauart D ist unser kompakter\u00a0Standard-Seilzug f\u00fcr den mittleren Tragf\u00e4higkeitsbereich von 1 t - 63\u00a0t.","breadcrumb":{"@id":"https:\/\/www.astam.at\/en\/leistungen\/krananlagen\/abus\/hebezeuge\/elektroseilzuege\/zweischienenlaufkatze-bauart-d\/#breadcrumb"},"inLanguage":"en-US","potentialAction":[{"@type":"ReadAction","target":["https:\/\/www.astam.at\/en\/leistungen\/krananlagen\/abus\/hebezeuge\/elektroseilzuege\/zweischienenlaufkatze-bauart-d\/"]}]},{"@type":"ImageObject","inLanguage":"en-US","@id":"https:\/\/www.astam.at\/en\/leistungen\/krananlagen\/abus\/hebezeuge\/elektroseilzuege\/zweischienenlaufkatze-bauart-d\/#primaryimage","url":"https:\/\/www.astam.at\/wp-content\/uploads\/2022\/09\/AA-Elektro-Seilzug-Typ-D-frei-2022.png","contentUrl":"https:\/\/www.astam.at\/wp-content\/uploads\/2022\/09\/AA-Elektro-Seilzug-Typ-D-frei-2022.png","width":500,"height":400},{"@type":"BreadcrumbList","@id":"https:\/\/www.astam.at\/en\/leistungen\/krananlagen\/abus\/hebezeuge\/elektroseilzuege\/zweischienenlaufkatze-bauart-d\/#breadcrumb","itemListElement":[{"@type":"ListItem","position":1,"name":"Startseite","item":"https:\/\/www.astam.at\/en\/"},{"@type":"ListItem","position":2,"name":"ABUS","item":"https:\/\/www.astam.at\/leistungen\/krananlagen\/abus\/"},{"@type":"ListItem","position":3,"name":"Zweischienenlaufkatze Bauart D"}]},{"@type":"WebSite","@id":"https:\/\/www.astam.at\/en\/#website","url":"https:\/\/www.astam.at\/en\/","name":"ASTAM","description":"Maschinen- Stahl und Anlagenbau, Krananlagen","publisher":{"@id":"https:\/\/www.astam.at\/en\/#organization"},"potentialAction":[{"@type":"SearchAction","target":{"@type":"EntryPoint","urlTemplate":"https:\/\/www.astam.at\/en\/?s={search_term_string}"},"query-input":{"@type":"PropertyValueSpecification","valueRequired":true,"valueName":"search_term_string"}}],"inLanguage":"en-US"},{"@type":"Organization","@id":"https:\/\/www.astam.at\/en\/#organization","name":"ASTAM Allgemeine Stahl-, Anlagen- und Maschinenbau Ges.m.b.H.","url":"https:\/\/www.astam.at\/en\/","logo":{"@type":"ImageObject","inLanguage":"en-US","@id":"https:\/\/www.astam.at\/en\/#\/schema\/logo\/image\/","url":"https:\/\/www.astam.at\/wp-content\/uploads\/2020\/07\/astam_logo_freigestellt.png","contentUrl":"https:\/\/www.astam.at\/wp-content\/uploads\/2020\/07\/astam_logo_freigestellt.png","width":2318,"height":329,"caption":"ASTAM Allgemeine Stahl-, Anlagen- und Maschinenbau Ges.m.b.H."},"image":{"@id":"https:\/\/www.astam.at\/en\/#\/schema\/logo\/image\/"},"sameAs":["https:\/\/www.facebook.com\/pg\/ASTAM-Gmbh-572405462791301\/posts\/"]}]}},"_links":{"self":[{"href":"https:\/\/www.astam.at\/en\/wp-json\/wp\/v2\/product\/3252","targetHints":{"allow":["GET"]}}],"collection":[{"href":"https:\/\/www.astam.at\/en\/wp-json\/wp\/v2\/product"}],"about":[{"href":"https:\/\/www.astam.at\/en\/wp-json\/wp\/v2\/types\/product"}],"wp:featuredmedia":[{"embeddable":true,"href":"https:\/\/www.astam.at\/en\/wp-json\/wp\/v2\/media\/3253"}],"wp:attachment":[{"href":"https:\/\/www.astam.at\/en\/wp-json\/wp\/v2\/media?parent=3252"}],"wp:term":[{"taxonomy":"product_brand","embeddable":true,"href":"https:\/\/www.astam.at\/en\/wp-json\/wp\/v2\/product_brand?post=3252"},{"taxonomy":"product_cat","embeddable":true,"href":"https:\/\/www.astam.at\/en\/wp-json\/wp\/v2\/product_cat?post=3252"},{"taxonomy":"product_tag","embeddable":true,"href":"https:\/\/www.astam.at\/en\/wp-json\/wp\/v2\/product_tag?post=3252"}],"curies":[{"name":"wp","href":"https:\/\/api.w.org\/{rel}","templated":true}]}}