{"id":3278,"date":"2022-09-27T12:55:06","date_gmt":"2022-09-27T10:55:06","guid":{"rendered":"https:\/\/www.astam.at\/?post_type=product&#038;p=3278"},"modified":"2022-09-27T13:51:10","modified_gmt":"2022-09-27T11:51:10","slug":"zweischienenlaufkatze-bauart-dqa","status":"publish","type":"product","link":"https:\/\/www.astam.at\/en\/leistungen\/krananlagen\/abus\/hebezeuge\/elektroseilzuege\/zweischienenlaufkatze-bauart-dqa\/","title":{"rendered":"Zweischienenlaufkatze Bauart DQA"},"content":{"rendered":"<p><strong>Auf einen Blick<\/strong><\/p>\n<div class=\"product__contentUSP\">\n<ul>\n<li>Tragf\u00e4higkeit <span class=\"nowrap\">1 t &#8211; 40 t<\/span><\/li>\n<li>extrem niedrige Bauart<\/li>\n<li>gelenkiger Fahrwerkstr\u00e4geranschluss<\/li>\n<li>zwei Direktantriebe f\u00fcr das Katzfahrwerk<\/li>\n<\/ul>\n<\/div>\n<hr \/>\n<p>Die\u00a0<strong>Zweischienenlaufkatze<\/strong>\u00a0Bauart DQA zeichnet sich durch eine extrem niedrige Bauh\u00f6he aus. Diese Seilzug-Bauart mit einer Tragf\u00e4higkeit bis <span class=\"nowrap\">40 t<\/span> passt sich somit auch bei geringem Freiraum nach oben perfekt an die Hallengegebenheiten an. So ist die Seiltrommelachse in Katzfahrrichtung ausgerichtet. Ein gelenkiger Fahrwerkstr\u00e4geranschluss sorgt f\u00fcr eine garantierte Auflage aller vier Laufr\u00e4der. Das Katzfahrwerk ist mit zwei Direktantrieben ausger\u00fcstet.<\/p>\n","protected":false},"excerpt":{"rendered":"<p><span class=\"nowrap\">Die\u00a0<strong>Zweischienenlaufkatze<\/strong>\u00a0Bauart DQA zeichnet sich durch eine extrem niedrige Bauh\u00f6he aus.<\/span><\/p>\n","protected":false},"featured_media":3287,"template":"","meta":{"_acf_changed":false,"inline_featured_image":false},"product_brand":[],"product_cat":[116],"product_tag":[],"class_list":{"0":"post-3278","1":"product","2":"type-product","3":"status-publish","4":"has-post-thumbnail","6":"product_cat-elektroseilzuege","8":"first","9":"instock","10":"shipping-taxable","11":"product-type-simple"},"acf":[],"yoast_head":"<!-- This site is optimized with the Yoast SEO plugin v27.5 - https:\/\/yoast.com\/product\/yoast-seo-wordpress\/ -->\n<title>ABUS Elektroseilz\u00fcge - Zweischienenlaufkatze Bauart DQA - ASTAM<\/title>\n<meta name=\"description\" content=\"Die\u00a0Zweischienenlaufkatze\u00a0Bauart DQA zeichnet sich durch eine extrem niedrige Bauh\u00f6he aus.\" \/>\n<meta name=\"robots\" content=\"index, follow, max-snippet:-1, max-image-preview:large, max-video-preview:-1\" \/>\n<link rel=\"canonical\" href=\"https:\/\/www.astam.at\/en\/leistungen\/krananlagen\/abus\/hebezeuge\/elektroseilzuege\/zweischienenlaufkatze-bauart-dqa\/\" \/>\n<meta property=\"og:locale\" content=\"en_US\" \/>\n<meta property=\"og:type\" content=\"article\" \/>\n<meta property=\"og:title\" content=\"ABUS Elektroseilz\u00fcge - Zweischienenlaufkatze Bauart DQA - ASTAM\" \/>\n<meta property=\"og:description\" content=\"Die\u00a0Zweischienenlaufkatze\u00a0Bauart DQA zeichnet sich durch eine extrem niedrige Bauh\u00f6he aus.\" \/>\n<meta property=\"og:url\" content=\"https:\/\/www.astam.at\/en\/leistungen\/krananlagen\/abus\/hebezeuge\/elektroseilzuege\/zweischienenlaufkatze-bauart-dqa\/\" \/>\n<meta property=\"og:site_name\" content=\"ASTAM\" \/>\n<meta property=\"article:publisher\" content=\"https:\/\/www.facebook.com\/pg\/ASTAM-Gmbh-572405462791301\/posts\/\" \/>\n<meta property=\"article:modified_time\" content=\"2022-09-27T11:51:10+00:00\" \/>\n<meta property=\"og:image\" content=\"https:\/\/www.astam.at\/wp-content\/uploads\/2022\/09\/AA-Elektro-Seilzug-Typ-DQA-frei-2022..png\" \/>\n\t<meta property=\"og:image:width\" content=\"500\" \/>\n\t<meta property=\"og:image:height\" content=\"400\" \/>\n\t<meta property=\"og:image:type\" content=\"image\/png\" \/>\n<meta name=\"twitter:card\" content=\"summary_large_image\" \/>\n<meta name=\"twitter:label1\" content=\"Est. reading time\" \/>\n\t<meta name=\"twitter:data1\" content=\"1 minute\" \/>\n<!-- \/ Yoast SEO plugin. -->","yoast_head_json":{"title":"ABUS Elektroseilz\u00fcge - Zweischienenlaufkatze Bauart DQA - ASTAM","description":"Die\u00a0Zweischienenlaufkatze\u00a0Bauart DQA zeichnet sich durch eine extrem niedrige Bauh\u00f6he aus.","robots":{"index":"index","follow":"follow","max-snippet":"max-snippet:-1","max-image-preview":"max-image-preview:large","max-video-preview":"max-video-preview:-1"},"canonical":"https:\/\/www.astam.at\/en\/leistungen\/krananlagen\/abus\/hebezeuge\/elektroseilzuege\/zweischienenlaufkatze-bauart-dqa\/","og_locale":"en_US","og_type":"article","og_title":"ABUS Elektroseilz\u00fcge - Zweischienenlaufkatze Bauart DQA - ASTAM","og_description":"Die\u00a0Zweischienenlaufkatze\u00a0Bauart DQA zeichnet sich durch eine extrem niedrige Bauh\u00f6he aus.","og_url":"https:\/\/www.astam.at\/en\/leistungen\/krananlagen\/abus\/hebezeuge\/elektroseilzuege\/zweischienenlaufkatze-bauart-dqa\/","og_site_name":"ASTAM","article_publisher":"https:\/\/www.facebook.com\/pg\/ASTAM-Gmbh-572405462791301\/posts\/","article_modified_time":"2022-09-27T11:51:10+00:00","og_image":[{"width":500,"height":400,"url":"https:\/\/www.astam.at\/wp-content\/uploads\/2022\/09\/AA-Elektro-Seilzug-Typ-DQA-frei-2022..png","type":"image\/png"}],"twitter_card":"summary_large_image","twitter_misc":{"Est. reading time":"1 minute"},"schema":{"@context":"https:\/\/schema.org","@graph":[{"@type":"WebPage","@id":"https:\/\/www.astam.at\/en\/leistungen\/krananlagen\/abus\/hebezeuge\/elektroseilzuege\/zweischienenlaufkatze-bauart-dqa\/","url":"https:\/\/www.astam.at\/en\/leistungen\/krananlagen\/abus\/hebezeuge\/elektroseilzuege\/zweischienenlaufkatze-bauart-dqa\/","name":"ABUS Elektroseilz\u00fcge - Zweischienenlaufkatze Bauart DQA - ASTAM","isPartOf":{"@id":"https:\/\/www.astam.at\/en\/#website"},"primaryImageOfPage":{"@id":"https:\/\/www.astam.at\/en\/leistungen\/krananlagen\/abus\/hebezeuge\/elektroseilzuege\/zweischienenlaufkatze-bauart-dqa\/#primaryimage"},"image":{"@id":"https:\/\/www.astam.at\/en\/leistungen\/krananlagen\/abus\/hebezeuge\/elektroseilzuege\/zweischienenlaufkatze-bauart-dqa\/#primaryimage"},"thumbnailUrl":"https:\/\/www.astam.at\/wp-content\/uploads\/2022\/09\/AA-Elektro-Seilzug-Typ-DQA-frei-2022..png","datePublished":"2022-09-27T10:55:06+00:00","dateModified":"2022-09-27T11:51:10+00:00","description":"Die\u00a0Zweischienenlaufkatze\u00a0Bauart DQA zeichnet sich durch eine extrem niedrige Bauh\u00f6he aus.","breadcrumb":{"@id":"https:\/\/www.astam.at\/en\/leistungen\/krananlagen\/abus\/hebezeuge\/elektroseilzuege\/zweischienenlaufkatze-bauart-dqa\/#breadcrumb"},"inLanguage":"en-US","potentialAction":[{"@type":"ReadAction","target":["https:\/\/www.astam.at\/en\/leistungen\/krananlagen\/abus\/hebezeuge\/elektroseilzuege\/zweischienenlaufkatze-bauart-dqa\/"]}]},{"@type":"ImageObject","inLanguage":"en-US","@id":"https:\/\/www.astam.at\/en\/leistungen\/krananlagen\/abus\/hebezeuge\/elektroseilzuege\/zweischienenlaufkatze-bauart-dqa\/#primaryimage","url":"https:\/\/www.astam.at\/wp-content\/uploads\/2022\/09\/AA-Elektro-Seilzug-Typ-DQA-frei-2022..png","contentUrl":"https:\/\/www.astam.at\/wp-content\/uploads\/2022\/09\/AA-Elektro-Seilzug-Typ-DQA-frei-2022..png","width":500,"height":400},{"@type":"BreadcrumbList","@id":"https:\/\/www.astam.at\/en\/leistungen\/krananlagen\/abus\/hebezeuge\/elektroseilzuege\/zweischienenlaufkatze-bauart-dqa\/#breadcrumb","itemListElement":[{"@type":"ListItem","position":1,"name":"Startseite","item":"https:\/\/www.astam.at\/en\/"},{"@type":"ListItem","position":2,"name":"ABUS","item":"https:\/\/www.astam.at\/leistungen\/krananlagen\/abus\/"},{"@type":"ListItem","position":3,"name":"Zweischienenlaufkatze Bauart DQA"}]},{"@type":"WebSite","@id":"https:\/\/www.astam.at\/en\/#website","url":"https:\/\/www.astam.at\/en\/","name":"ASTAM","description":"Maschinen- Stahl und Anlagenbau, Krananlagen","publisher":{"@id":"https:\/\/www.astam.at\/en\/#organization"},"potentialAction":[{"@type":"SearchAction","target":{"@type":"EntryPoint","urlTemplate":"https:\/\/www.astam.at\/en\/?s={search_term_string}"},"query-input":{"@type":"PropertyValueSpecification","valueRequired":true,"valueName":"search_term_string"}}],"inLanguage":"en-US"},{"@type":"Organization","@id":"https:\/\/www.astam.at\/en\/#organization","name":"ASTAM Allgemeine Stahl-, Anlagen- und Maschinenbau Ges.m.b.H.","url":"https:\/\/www.astam.at\/en\/","logo":{"@type":"ImageObject","inLanguage":"en-US","@id":"https:\/\/www.astam.at\/en\/#\/schema\/logo\/image\/","url":"https:\/\/www.astam.at\/wp-content\/uploads\/2020\/07\/astam_logo_freigestellt.png","contentUrl":"https:\/\/www.astam.at\/wp-content\/uploads\/2020\/07\/astam_logo_freigestellt.png","width":2318,"height":329,"caption":"ASTAM Allgemeine Stahl-, Anlagen- und Maschinenbau Ges.m.b.H."},"image":{"@id":"https:\/\/www.astam.at\/en\/#\/schema\/logo\/image\/"},"sameAs":["https:\/\/www.facebook.com\/pg\/ASTAM-Gmbh-572405462791301\/posts\/"]}]}},"_links":{"self":[{"href":"https:\/\/www.astam.at\/en\/wp-json\/wp\/v2\/product\/3278","targetHints":{"allow":["GET"]}}],"collection":[{"href":"https:\/\/www.astam.at\/en\/wp-json\/wp\/v2\/product"}],"about":[{"href":"https:\/\/www.astam.at\/en\/wp-json\/wp\/v2\/types\/product"}],"wp:featuredmedia":[{"embeddable":true,"href":"https:\/\/www.astam.at\/en\/wp-json\/wp\/v2\/media\/3287"}],"wp:attachment":[{"href":"https:\/\/www.astam.at\/en\/wp-json\/wp\/v2\/media?parent=3278"}],"wp:term":[{"taxonomy":"product_brand","embeddable":true,"href":"https:\/\/www.astam.at\/en\/wp-json\/wp\/v2\/product_brand?post=3278"},{"taxonomy":"product_cat","embeddable":true,"href":"https:\/\/www.astam.at\/en\/wp-json\/wp\/v2\/product_cat?post=3278"},{"taxonomy":"product_tag","embeddable":true,"href":"https:\/\/www.astam.at\/en\/wp-json\/wp\/v2\/product_tag?post=3278"}],"curies":[{"name":"wp","href":"https:\/\/api.w.org\/{rel}","templated":true}]}}