{"id":3323,"date":"2022-09-27T14:17:01","date_gmt":"2022-09-27T12:17:01","guid":{"rendered":"https:\/\/www.astam.at\/?post_type=product&#038;p=3323"},"modified":"2022-09-28T10:14:08","modified_gmt":"2022-09-28T08:14:08","slug":"kettenzug-abucompact-gm2","status":"publish","type":"product","link":"https:\/\/www.astam.at\/en\/leistungen\/krananlagen\/abus\/hebezeuge\/elektrokettenzuege\/kettenzug-abucompact-gm2\/","title":{"rendered":"Kettenzug ABUCompact GM2"},"content":{"rendered":"<p><strong>Auf einen Blick<\/strong><\/p>\n<div class=\"product__contentUSP\">\n<ul>\n<li>Tragf\u00e4higkeit bis <span class=\"nowrap\">630 kg<\/span><\/li>\n<li>Hakenweg bis <span class=\"nowrap\">32 m<\/span><\/li>\n<li>Hubgeschwindigkeit bis <span class=\"nowrap\">20 m\/min<\/span><\/li>\n<li>Umfangreiche <a tabindex=\"-1\" href=\"https:\/\/www.abus-kran.at\/hebezeuge\/elektrokettenzuege\/zusatzausstattung\" target=\"_blank\" rel=\"noopener\">Zusatzausstattungen<\/a> m\u00f6glich<\/li>\n<\/ul>\n<\/div>\n<hr \/>\n<p>Den ABUCompact GM2 gibt es in einer\u00a01-str\u00e4ngigen\u00a0oder\u00a02-str\u00e4ngigen\u00a0Ausf\u00fchrung.<br \/>\nEr hebt Lasten bis \u00a0<strong><span class=\"nowrap\">320 kg<\/span> \/ <span class=\"nowrap\">630 kg<\/span><\/strong>. Die dabei realisierbaren Hakenwege reichen bis<span class=\"nowrap\">\u00a0<strong>32 m \/ 16 m<\/strong><\/span>. Je nach Tragf\u00e4higkeit stehen unterschiedliche Hubgeschwindigkeiten zur Verf\u00fcgung.<\/p>\n<p>Das umfassende Programm an Zusatzausstattungen bietet vom Hubgrenzschalter bis zur Funksteuerung viele M\u00f6glichkeiten, den ABUCompact GM2 in seinen Funktionen individuell zu erweitern.<\/p>\n<p>\u00dcber den aufklappbaren und um 90\u00b0 drehbaren Aufh\u00e4ngeb\u00fcgel l\u00e4sst sich der ABUCompact GM2 einfach station\u00e4r befestigen oder mit einem Hand- oder Elektrofahrwerk verfahrbar betreiben.<\/p>\n<p>&nbsp;<\/p>\n","protected":false},"excerpt":{"rendered":"<p><span class=\"nowrap\">Den ABUCompact GM2 gibt es in einer 1-str\u00e4ngigen oder 2-str\u00e4ngigen Ausf\u00fchrung. Er hebt Lasten bis \u00a0<strong>320 kg \/ 630 kg<\/strong>. Die dabei realisierbaren Hakenwege reichen bis\u00a0<strong>32 m \/ 16 m<\/strong>.<\/span><\/p>\n","protected":false},"featured_media":3309,"template":"","meta":{"_acf_changed":false,"inline_featured_image":false},"product_brand":[],"product_cat":[117],"product_tag":[],"class_list":{"0":"post-3323","1":"product","2":"type-product","3":"status-publish","4":"has-post-thumbnail","6":"product_cat-elektrokettenzuege","8":"first","9":"instock","10":"shipping-taxable","11":"product-type-simple"},"acf":[],"yoast_head":"<!-- This site is optimized with the Yoast SEO plugin v27.5 - https:\/\/yoast.com\/product\/yoast-seo-wordpress\/ -->\n<title>ABUS Kettenzug ABUCompact GM2 - ASTAM<\/title>\n<meta name=\"description\" content=\"Den ABUCompact GM2 gibt es in einer 1-str\u00e4ngigen oder 2-str\u00e4ngigen Ausf\u00fchrung. Er hebt Lasten bis 320 kg \/ 630 kg. Die dabei realisierbaren Hakenwege reichen bis 32 m \/ 16 m.\" \/>\n<meta name=\"robots\" content=\"index, follow, max-snippet:-1, max-image-preview:large, max-video-preview:-1\" \/>\n<link rel=\"canonical\" href=\"https:\/\/www.astam.at\/en\/leistungen\/krananlagen\/abus\/hebezeuge\/elektrokettenzuege\/kettenzug-abucompact-gm2\/\" \/>\n<meta property=\"og:locale\" content=\"en_US\" \/>\n<meta property=\"og:type\" content=\"article\" \/>\n<meta property=\"og:title\" content=\"ABUS Kettenzug ABUCompact GM2 - ASTAM\" \/>\n<meta property=\"og:description\" content=\"Den ABUCompact GM2 gibt es in einer 1-str\u00e4ngigen oder 2-str\u00e4ngigen Ausf\u00fchrung. Er hebt Lasten bis 320 kg \/ 630 kg. Die dabei realisierbaren Hakenwege reichen bis 32 m \/ 16 m.\" \/>\n<meta property=\"og:url\" content=\"https:\/\/www.astam.at\/en\/leistungen\/krananlagen\/abus\/hebezeuge\/elektrokettenzuege\/kettenzug-abucompact-gm2\/\" \/>\n<meta property=\"og:site_name\" content=\"ASTAM\" \/>\n<meta property=\"article:publisher\" content=\"https:\/\/www.facebook.com\/pg\/ASTAM-Gmbh-572405462791301\/posts\/\" \/>\n<meta property=\"article:modified_time\" content=\"2022-09-28T08:14:08+00:00\" \/>\n<meta property=\"og:image\" content=\"https:\/\/www.astam.at\/wp-content\/uploads\/2022\/09\/AB-ABUCompact-GMC-frei.png\" \/>\n\t<meta property=\"og:image:width\" content=\"500\" \/>\n\t<meta property=\"og:image:height\" content=\"400\" \/>\n\t<meta property=\"og:image:type\" content=\"image\/png\" \/>\n<meta name=\"twitter:card\" content=\"summary_large_image\" \/>\n<meta name=\"twitter:label1\" content=\"Est. reading time\" \/>\n\t<meta name=\"twitter:data1\" content=\"1 minute\" \/>\n<!-- \/ Yoast SEO plugin. -->","yoast_head_json":{"title":"ABUS Kettenzug ABUCompact GM2 - ASTAM","description":"Den ABUCompact GM2 gibt es in einer 1-str\u00e4ngigen oder 2-str\u00e4ngigen Ausf\u00fchrung. Er hebt Lasten bis 320 kg \/ 630 kg. Die dabei realisierbaren Hakenwege reichen bis 32 m \/ 16 m.","robots":{"index":"index","follow":"follow","max-snippet":"max-snippet:-1","max-image-preview":"max-image-preview:large","max-video-preview":"max-video-preview:-1"},"canonical":"https:\/\/www.astam.at\/en\/leistungen\/krananlagen\/abus\/hebezeuge\/elektrokettenzuege\/kettenzug-abucompact-gm2\/","og_locale":"en_US","og_type":"article","og_title":"ABUS Kettenzug ABUCompact GM2 - ASTAM","og_description":"Den ABUCompact GM2 gibt es in einer 1-str\u00e4ngigen oder 2-str\u00e4ngigen Ausf\u00fchrung. Er hebt Lasten bis 320 kg \/ 630 kg. Die dabei realisierbaren Hakenwege reichen bis 32 m \/ 16 m.","og_url":"https:\/\/www.astam.at\/en\/leistungen\/krananlagen\/abus\/hebezeuge\/elektrokettenzuege\/kettenzug-abucompact-gm2\/","og_site_name":"ASTAM","article_publisher":"https:\/\/www.facebook.com\/pg\/ASTAM-Gmbh-572405462791301\/posts\/","article_modified_time":"2022-09-28T08:14:08+00:00","og_image":[{"width":500,"height":400,"url":"https:\/\/www.astam.at\/wp-content\/uploads\/2022\/09\/AB-ABUCompact-GMC-frei.png","type":"image\/png"}],"twitter_card":"summary_large_image","twitter_misc":{"Est. reading time":"1 minute"},"schema":{"@context":"https:\/\/schema.org","@graph":[{"@type":"WebPage","@id":"https:\/\/www.astam.at\/en\/leistungen\/krananlagen\/abus\/hebezeuge\/elektrokettenzuege\/kettenzug-abucompact-gm2\/","url":"https:\/\/www.astam.at\/en\/leistungen\/krananlagen\/abus\/hebezeuge\/elektrokettenzuege\/kettenzug-abucompact-gm2\/","name":"ABUS Kettenzug ABUCompact GM2 - ASTAM","isPartOf":{"@id":"https:\/\/www.astam.at\/en\/#website"},"primaryImageOfPage":{"@id":"https:\/\/www.astam.at\/en\/leistungen\/krananlagen\/abus\/hebezeuge\/elektrokettenzuege\/kettenzug-abucompact-gm2\/#primaryimage"},"image":{"@id":"https:\/\/www.astam.at\/en\/leistungen\/krananlagen\/abus\/hebezeuge\/elektrokettenzuege\/kettenzug-abucompact-gm2\/#primaryimage"},"thumbnailUrl":"https:\/\/www.astam.at\/wp-content\/uploads\/2022\/09\/AB-ABUCompact-GMC-frei.png","datePublished":"2022-09-27T12:17:01+00:00","dateModified":"2022-09-28T08:14:08+00:00","description":"Den ABUCompact GM2 gibt es in einer 1-str\u00e4ngigen oder 2-str\u00e4ngigen Ausf\u00fchrung. Er hebt Lasten bis 320 kg \/ 630 kg. Die dabei realisierbaren Hakenwege reichen bis 32 m \/ 16 m.","breadcrumb":{"@id":"https:\/\/www.astam.at\/en\/leistungen\/krananlagen\/abus\/hebezeuge\/elektrokettenzuege\/kettenzug-abucompact-gm2\/#breadcrumb"},"inLanguage":"en-US","potentialAction":[{"@type":"ReadAction","target":["https:\/\/www.astam.at\/en\/leistungen\/krananlagen\/abus\/hebezeuge\/elektrokettenzuege\/kettenzug-abucompact-gm2\/"]}]},{"@type":"ImageObject","inLanguage":"en-US","@id":"https:\/\/www.astam.at\/en\/leistungen\/krananlagen\/abus\/hebezeuge\/elektrokettenzuege\/kettenzug-abucompact-gm2\/#primaryimage","url":"https:\/\/www.astam.at\/wp-content\/uploads\/2022\/09\/AB-ABUCompact-GMC-frei.png","contentUrl":"https:\/\/www.astam.at\/wp-content\/uploads\/2022\/09\/AB-ABUCompact-GMC-frei.png","width":500,"height":400},{"@type":"BreadcrumbList","@id":"https:\/\/www.astam.at\/en\/leistungen\/krananlagen\/abus\/hebezeuge\/elektrokettenzuege\/kettenzug-abucompact-gm2\/#breadcrumb","itemListElement":[{"@type":"ListItem","position":1,"name":"Startseite","item":"https:\/\/www.astam.at\/en\/"},{"@type":"ListItem","position":2,"name":"ABUS","item":"https:\/\/www.astam.at\/leistungen\/krananlagen\/abus\/"},{"@type":"ListItem","position":3,"name":"Kettenzug ABUCompact GM2"}]},{"@type":"WebSite","@id":"https:\/\/www.astam.at\/en\/#website","url":"https:\/\/www.astam.at\/en\/","name":"ASTAM","description":"Maschinen- Stahl und Anlagenbau, Krananlagen","publisher":{"@id":"https:\/\/www.astam.at\/en\/#organization"},"potentialAction":[{"@type":"SearchAction","target":{"@type":"EntryPoint","urlTemplate":"https:\/\/www.astam.at\/en\/?s={search_term_string}"},"query-input":{"@type":"PropertyValueSpecification","valueRequired":true,"valueName":"search_term_string"}}],"inLanguage":"en-US"},{"@type":"Organization","@id":"https:\/\/www.astam.at\/en\/#organization","name":"ASTAM Allgemeine Stahl-, Anlagen- und Maschinenbau Ges.m.b.H.","url":"https:\/\/www.astam.at\/en\/","logo":{"@type":"ImageObject","inLanguage":"en-US","@id":"https:\/\/www.astam.at\/en\/#\/schema\/logo\/image\/","url":"https:\/\/www.astam.at\/wp-content\/uploads\/2020\/07\/astam_logo_freigestellt.png","contentUrl":"https:\/\/www.astam.at\/wp-content\/uploads\/2020\/07\/astam_logo_freigestellt.png","width":2318,"height":329,"caption":"ASTAM Allgemeine Stahl-, Anlagen- und Maschinenbau Ges.m.b.H."},"image":{"@id":"https:\/\/www.astam.at\/en\/#\/schema\/logo\/image\/"},"sameAs":["https:\/\/www.facebook.com\/pg\/ASTAM-Gmbh-572405462791301\/posts\/"]}]}},"_links":{"self":[{"href":"https:\/\/www.astam.at\/en\/wp-json\/wp\/v2\/product\/3323","targetHints":{"allow":["GET"]}}],"collection":[{"href":"https:\/\/www.astam.at\/en\/wp-json\/wp\/v2\/product"}],"about":[{"href":"https:\/\/www.astam.at\/en\/wp-json\/wp\/v2\/types\/product"}],"wp:featuredmedia":[{"embeddable":true,"href":"https:\/\/www.astam.at\/en\/wp-json\/wp\/v2\/media\/3309"}],"wp:attachment":[{"href":"https:\/\/www.astam.at\/en\/wp-json\/wp\/v2\/media?parent=3323"}],"wp:term":[{"taxonomy":"product_brand","embeddable":true,"href":"https:\/\/www.astam.at\/en\/wp-json\/wp\/v2\/product_brand?post=3323"},{"taxonomy":"product_cat","embeddable":true,"href":"https:\/\/www.astam.at\/en\/wp-json\/wp\/v2\/product_cat?post=3323"},{"taxonomy":"product_tag","embeddable":true,"href":"https:\/\/www.astam.at\/en\/wp-json\/wp\/v2\/product_tag?post=3323"}],"curies":[{"name":"wp","href":"https:\/\/api.w.org\/{rel}","templated":true}]}}