{"id":3361,"date":"2022-09-27T14:44:38","date_gmt":"2022-09-27T12:44:38","guid":{"rendered":"https:\/\/www.astam.at\/?post_type=product&#038;p=3361"},"modified":"2022-09-28T08:30:02","modified_gmt":"2022-09-28T06:30:02","slug":"funksteuerung-aburemote","status":"publish","type":"product","link":"https:\/\/www.astam.at\/en\/leistungen\/krananlagen\/abus\/hebezeuge\/komponenten-zubehoer\/funksteuerung-aburemote\/","title":{"rendered":"Funksteuerung ABURemote"},"content":{"rendered":"<p><strong>Auf einen Blick<\/strong><\/p>\n<div class=\"product__contentUSP\">\n<ul>\n<li>Moderne Men\u00fcf\u00fchrung<\/li>\n<li>Angenehme Bedienung<\/li>\n<li>Resistent gegen Funkst\u00f6rungen<\/li>\n<li>Beleuchtetes Display<\/li>\n<li>Standard Akkus<\/li>\n<li>Akku-Laden ganz easy<\/li>\n<li>Ergonomische Fernbedienung f\u00fcr Krane und Hebezeuge<\/li>\n<\/ul>\n<\/div>\n<hr \/>\n<p>ABURemote gibt Ihnen die Freiheit, die Sie beim Transport von schweren Lasten brauchen. Bewegen Sie die Last von der Position, wo Sie am sichersten stehen und den besten \u00dcberblick haben.<\/p>\n<p>Speziell f\u00fcr den Einsatz an ABUS Kransystemen optimiert, zeichnet ABURemote sich durch hohe Qualit\u00e4t aus. W\u00e4hlen Sie zwischen zwei verschiedenen Sender-Typen: Handsender ABURemote Button und Meisterschaltersender ABURemote Joystick. Steuern Sie mit den zweistufigen Tasten bzw. Meisterschaltern auch frequenzgeregelte Antriebe. Beschleunigen oder verz\u00f6gern Sie auf die gew\u00fcnschte Geschwindigkeit und halten diese dann bequem.<\/p>\n<p>Selbst bei vielen Funktionen werden Sie sich schnell mit ABURemote anfreunden. Das intuitiv gestaltete Men\u00fc erm\u00f6glicht Ihnen schnellen Zugriff auf Ihre Kranfunktionen. Vier Funktionstasten k\u00f6nnen Sie individuell mit den Befehlen belegen, die Sie h\u00e4ufig ben\u00f6tigen.<\/p>\n<p>ABURemote kommuniziert mit Ihrem Kran automatisch auf freien Funkkan\u00e4len und ist dadurch sehr st\u00f6rungsresistent. So kommen alle Befehle ungest\u00f6rt ans Ziel und werden dort in die von Ihnen gew\u00fcnschte Aktion umgesetzt.<br \/>\nFunksteuerung ABURemote und n\u00e4here Betrachtung der auf Ergonomie getrimmten Handsender Button<\/p>\n<p>Mit dem speziell auf Ergonomie getrimmten Handsender ABURemote Button bedienen Sie Ihren Kran mit einer Hand. Gro\u00dfe Befehlstasten mit langem Hubweg und fein abgestimmten Druckpunkten lassen Ihre Hand auch bei Dauernutzung nicht erm\u00fcden.<br \/>\nGr\u00fcn beleuchteter Bildschirm der Funksteuerung ABURemote<\/p>\n<p>\u00dcber das beleuchtete Display erhalten Sie Informationen zu gew\u00e4hlten Einstellungen, aktiven Kranen und Laufkatzen, der St\u00e4rke des Funksignals und dem Ladezustand der Akkus. Der Benutzer erkennt den Betriebszustand der Krananlage auf einen Blick an den Farben im Display. Und nat\u00fcrlich sehen Sie, falls ein Lastindikatorsystem (SV) installiert ist, das Gewicht der Last, die Sie im Haken haben. Auf Wunsch sogar netto.<\/p>\n<p>Das Laden der Akkus ist ein Kinderspiel: Den Sender einfach in die mitgelieferte Ladeschale legen, und die Akkus im Sender werden induktiv aufgeladen. Ein Herausnehmen der Akkus ist nicht erforderlich. Auch Schutztasche, Handschlaufe oder Schultergurt bleiben beim Laden am Sender. W\u00e4hrend des Ladens wechselt der Sender automatisch in den Stand-by-Betrieb und zeigt im Display den Verlauf des Ladevorgangs an. Die Ladeschale kann entweder auf einer Oberfl\u00e4che stehen oder senkrecht an einer Wand angebracht werden. Das Zubeh\u00f6r f\u00fcr die Wandmontage wird mitgeliefert. Einfacher geht\u2019s nicht.<\/p>\n<p>Vergessen Sie kostspieliges, aufwendiges Wiederbeschaffen von speziellen Akkus. ABURemote arbeitet mit Standard-Akkus. Mehr als 40 Stunden am St\u00fcck. Ersatz-Akkus haben Sie immer im H\u00fcftgurt des Meisterschalter-Systems ABURemote Joystick dabei. Um ABURemote mit neuen Akkus zu best\u00fccken, m\u00fcssen Sie also noch nicht mal zur\u00fcck zu Ihrer Meisterbude laufen.<\/p>\n<p>&nbsp;<\/p>\n<p>&nbsp;<\/p>\n<p>&nbsp;<\/p>\n<p>&nbsp;<\/p>\n","protected":false},"excerpt":{"rendered":"<p>Die Fernbedienung ABURemote gibt Ihnen die Freiheit, die Sie beim Transport von schweren Lasten brauchen. Bewegen Sie die Last von der Position, wo Sie am sichersten stehen und den besten \u00dcberblick haben.<\/p>\n","protected":false},"featured_media":3362,"template":"","meta":{"_acf_changed":false,"inline_featured_image":false},"product_brand":[],"product_cat":[118],"product_tag":[],"class_list":{"0":"post-3361","1":"product","2":"type-product","3":"status-publish","4":"has-post-thumbnail","6":"product_cat-komponenten-zubehoer","8":"first","9":"instock","10":"shipping-taxable","11":"product-type-simple"},"acf":[],"yoast_head":"<!-- This site is optimized with the Yoast SEO plugin v27.5 - https:\/\/yoast.com\/product\/yoast-seo-wordpress\/ -->\n<title>ABUS Funksteuerung ABURemote - ASTAM<\/title>\n<meta name=\"description\" content=\"Die Fernbedienung ABURemote gibt Ihnen die Freiheit, die Sie beim Transport von schweren Lasten brauchen. Bewegen Sie die Last von der Position, wo Sie am sichersten stehen und den besten \u00dcberblick haben.\" \/>\n<meta name=\"robots\" content=\"index, follow, max-snippet:-1, max-image-preview:large, max-video-preview:-1\" \/>\n<link rel=\"canonical\" href=\"https:\/\/www.astam.at\/en\/leistungen\/krananlagen\/abus\/hebezeuge\/komponenten-zubehoer\/funksteuerung-aburemote\/\" \/>\n<meta property=\"og:locale\" content=\"en_US\" \/>\n<meta property=\"og:type\" content=\"article\" \/>\n<meta property=\"og:title\" content=\"ABUS Funksteuerung ABURemote - ASTAM\" \/>\n<meta property=\"og:description\" content=\"Die Fernbedienung ABURemote gibt Ihnen die Freiheit, die Sie beim Transport von schweren Lasten brauchen. Bewegen Sie die Last von der Position, wo Sie am sichersten stehen und den besten \u00dcberblick haben.\" \/>\n<meta property=\"og:url\" content=\"https:\/\/www.astam.at\/en\/leistungen\/krananlagen\/abus\/hebezeuge\/komponenten-zubehoer\/funksteuerung-aburemote\/\" \/>\n<meta property=\"og:site_name\" content=\"ASTAM\" \/>\n<meta property=\"article:publisher\" content=\"https:\/\/www.facebook.com\/pg\/ASTAM-Gmbh-572405462791301\/posts\/\" \/>\n<meta property=\"article:modified_time\" content=\"2022-09-28T06:30:02+00:00\" \/>\n<meta property=\"og:image\" content=\"https:\/\/www.astam.at\/wp-content\/uploads\/2022\/09\/AZ-ABURemote-8-7.png\" \/>\n\t<meta property=\"og:image:width\" content=\"500\" \/>\n\t<meta property=\"og:image:height\" content=\"400\" \/>\n\t<meta property=\"og:image:type\" content=\"image\/png\" \/>\n<meta name=\"twitter:card\" content=\"summary_large_image\" \/>\n<meta name=\"twitter:label1\" content=\"Est. reading time\" \/>\n\t<meta name=\"twitter:data1\" content=\"3 minutes\" \/>\n<!-- \/ Yoast SEO plugin. -->","yoast_head_json":{"title":"ABUS Funksteuerung ABURemote - ASTAM","description":"Die Fernbedienung ABURemote gibt Ihnen die Freiheit, die Sie beim Transport von schweren Lasten brauchen. Bewegen Sie die Last von der Position, wo Sie am sichersten stehen und den besten \u00dcberblick haben.","robots":{"index":"index","follow":"follow","max-snippet":"max-snippet:-1","max-image-preview":"max-image-preview:large","max-video-preview":"max-video-preview:-1"},"canonical":"https:\/\/www.astam.at\/en\/leistungen\/krananlagen\/abus\/hebezeuge\/komponenten-zubehoer\/funksteuerung-aburemote\/","og_locale":"en_US","og_type":"article","og_title":"ABUS Funksteuerung ABURemote - ASTAM","og_description":"Die Fernbedienung ABURemote gibt Ihnen die Freiheit, die Sie beim Transport von schweren Lasten brauchen. Bewegen Sie die Last von der Position, wo Sie am sichersten stehen und den besten \u00dcberblick haben.","og_url":"https:\/\/www.astam.at\/en\/leistungen\/krananlagen\/abus\/hebezeuge\/komponenten-zubehoer\/funksteuerung-aburemote\/","og_site_name":"ASTAM","article_publisher":"https:\/\/www.facebook.com\/pg\/ASTAM-Gmbh-572405462791301\/posts\/","article_modified_time":"2022-09-28T06:30:02+00:00","og_image":[{"width":500,"height":400,"url":"https:\/\/www.astam.at\/wp-content\/uploads\/2022\/09\/AZ-ABURemote-8-7.png","type":"image\/png"}],"twitter_card":"summary_large_image","twitter_misc":{"Est. reading time":"3 minutes"},"schema":{"@context":"https:\/\/schema.org","@graph":[{"@type":"WebPage","@id":"https:\/\/www.astam.at\/en\/leistungen\/krananlagen\/abus\/hebezeuge\/komponenten-zubehoer\/funksteuerung-aburemote\/","url":"https:\/\/www.astam.at\/en\/leistungen\/krananlagen\/abus\/hebezeuge\/komponenten-zubehoer\/funksteuerung-aburemote\/","name":"ABUS Funksteuerung ABURemote - ASTAM","isPartOf":{"@id":"https:\/\/www.astam.at\/en\/#website"},"primaryImageOfPage":{"@id":"https:\/\/www.astam.at\/en\/leistungen\/krananlagen\/abus\/hebezeuge\/komponenten-zubehoer\/funksteuerung-aburemote\/#primaryimage"},"image":{"@id":"https:\/\/www.astam.at\/en\/leistungen\/krananlagen\/abus\/hebezeuge\/komponenten-zubehoer\/funksteuerung-aburemote\/#primaryimage"},"thumbnailUrl":"https:\/\/www.astam.at\/wp-content\/uploads\/2022\/09\/AZ-ABURemote-8-7.png","datePublished":"2022-09-27T12:44:38+00:00","dateModified":"2022-09-28T06:30:02+00:00","description":"Die Fernbedienung ABURemote gibt Ihnen die Freiheit, die Sie beim Transport von schweren Lasten brauchen. Bewegen Sie die Last von der Position, wo Sie am sichersten stehen und den besten \u00dcberblick haben.","breadcrumb":{"@id":"https:\/\/www.astam.at\/en\/leistungen\/krananlagen\/abus\/hebezeuge\/komponenten-zubehoer\/funksteuerung-aburemote\/#breadcrumb"},"inLanguage":"en-US","potentialAction":[{"@type":"ReadAction","target":["https:\/\/www.astam.at\/en\/leistungen\/krananlagen\/abus\/hebezeuge\/komponenten-zubehoer\/funksteuerung-aburemote\/"]}]},{"@type":"ImageObject","inLanguage":"en-US","@id":"https:\/\/www.astam.at\/en\/leistungen\/krananlagen\/abus\/hebezeuge\/komponenten-zubehoer\/funksteuerung-aburemote\/#primaryimage","url":"https:\/\/www.astam.at\/wp-content\/uploads\/2022\/09\/AZ-ABURemote-8-7.png","contentUrl":"https:\/\/www.astam.at\/wp-content\/uploads\/2022\/09\/AZ-ABURemote-8-7.png","width":500,"height":400},{"@type":"BreadcrumbList","@id":"https:\/\/www.astam.at\/en\/leistungen\/krananlagen\/abus\/hebezeuge\/komponenten-zubehoer\/funksteuerung-aburemote\/#breadcrumb","itemListElement":[{"@type":"ListItem","position":1,"name":"Startseite","item":"https:\/\/www.astam.at\/en\/"},{"@type":"ListItem","position":2,"name":"ABUS","item":"https:\/\/www.astam.at\/leistungen\/krananlagen\/abus\/"},{"@type":"ListItem","position":3,"name":"Funksteuerung ABURemote"}]},{"@type":"WebSite","@id":"https:\/\/www.astam.at\/en\/#website","url":"https:\/\/www.astam.at\/en\/","name":"ASTAM","description":"Maschinen- Stahl und Anlagenbau, Krananlagen","publisher":{"@id":"https:\/\/www.astam.at\/en\/#organization"},"potentialAction":[{"@type":"SearchAction","target":{"@type":"EntryPoint","urlTemplate":"https:\/\/www.astam.at\/en\/?s={search_term_string}"},"query-input":{"@type":"PropertyValueSpecification","valueRequired":true,"valueName":"search_term_string"}}],"inLanguage":"en-US"},{"@type":"Organization","@id":"https:\/\/www.astam.at\/en\/#organization","name":"ASTAM Allgemeine Stahl-, Anlagen- und Maschinenbau Ges.m.b.H.","url":"https:\/\/www.astam.at\/en\/","logo":{"@type":"ImageObject","inLanguage":"en-US","@id":"https:\/\/www.astam.at\/en\/#\/schema\/logo\/image\/","url":"https:\/\/www.astam.at\/wp-content\/uploads\/2020\/07\/astam_logo_freigestellt.png","contentUrl":"https:\/\/www.astam.at\/wp-content\/uploads\/2020\/07\/astam_logo_freigestellt.png","width":2318,"height":329,"caption":"ASTAM Allgemeine Stahl-, Anlagen- und Maschinenbau Ges.m.b.H."},"image":{"@id":"https:\/\/www.astam.at\/en\/#\/schema\/logo\/image\/"},"sameAs":["https:\/\/www.facebook.com\/pg\/ASTAM-Gmbh-572405462791301\/posts\/"]}]}},"_links":{"self":[{"href":"https:\/\/www.astam.at\/en\/wp-json\/wp\/v2\/product\/3361","targetHints":{"allow":["GET"]}}],"collection":[{"href":"https:\/\/www.astam.at\/en\/wp-json\/wp\/v2\/product"}],"about":[{"href":"https:\/\/www.astam.at\/en\/wp-json\/wp\/v2\/types\/product"}],"wp:featuredmedia":[{"embeddable":true,"href":"https:\/\/www.astam.at\/en\/wp-json\/wp\/v2\/media\/3362"}],"wp:attachment":[{"href":"https:\/\/www.astam.at\/en\/wp-json\/wp\/v2\/media?parent=3361"}],"wp:term":[{"taxonomy":"product_brand","embeddable":true,"href":"https:\/\/www.astam.at\/en\/wp-json\/wp\/v2\/product_brand?post=3361"},{"taxonomy":"product_cat","embeddable":true,"href":"https:\/\/www.astam.at\/en\/wp-json\/wp\/v2\/product_cat?post=3361"},{"taxonomy":"product_tag","embeddable":true,"href":"https:\/\/www.astam.at\/en\/wp-json\/wp\/v2\/product_tag?post=3361"}],"curies":[{"name":"wp","href":"https:\/\/api.w.org\/{rel}","templated":true}]}}