{"id":3392,"date":"2022-09-27T15:45:04","date_gmt":"2022-09-27T13:45:04","guid":{"rendered":"https:\/\/www.astam.at\/?post_type=product&#038;p=3392"},"modified":"2022-09-27T15:50:28","modified_gmt":"2022-09-27T13:50:28","slug":"fahrwerkstraeger-vorsatzstuecke","status":"publish","type":"product","link":"https:\/\/www.astam.at\/en\/leistungen\/krananlagen\/abus\/hebezeuge\/komponenten-zubehoer\/fahrwerkstraeger-vorsatzstuecke\/","title":{"rendered":"Fahrwerkstr\u00e4ger &#038; Vorsatzst\u00fccke"},"content":{"rendered":"<p><strong>Auf einen Blick<\/strong><\/p>\n<div class=\"product__contentUSP\">\n<ul>\n<li>Hohe geometrische Genauigkeit<\/li>\n<li>Sanft anlaufend<\/li>\n<li>Sanft umschaltend<\/li>\n<li>Sanft bremsend<\/li>\n<li>Wartungsfreie Antriebe<\/li>\n<li>Spurkranzf\u00fchrung<\/li>\n<li>Haupttr\u00e4geranschlussplatten ultraschallgepr\u00fcft<\/li>\n<li>Formstabile Ausf\u00fchrung<\/li>\n<li>Umfangreiche Ausstattung<\/li>\n<li>Steckverbindung f\u00fcr den elektrischen Anschluss mit eingebautem Bremsgleichrichter<\/li>\n<\/ul>\n<\/div>\n<hr \/>\n<p>Stahlkonstruktion gem\u00e4\u00df DIN 15018. Komplette mechanische Bearbeitung in einer Aufspannung, dadurch hohe geometrische Genauigkeit.<br \/>\nHaupttr\u00e4geranschluss mittels HV-Schrauben. Laufr\u00e4der mit W\u00e4lzlagerung und Lebensdauerschmierung. Antriebsmotor mit Sanftanlauf und -auslaufcharakteristik. Mit integrierter Gleichstromversorgung f\u00fcr die robuste, langlebige elektromechanische Scheibenbremse. Antriebe komplett wartungsfrei. Stahlkonstruktion mit Einschichtfertiglackierung in RAL 1007 narzissengelb, Motoren verkehrsblau\u00a0RAL 5017.<\/p>\n<p><strong>Lieferumfang:<\/strong><\/p>\n<p>Stahlkonstruktion mit eingebautem Fahrwerk, Puffer und Pufferplatte, Haupttr\u00e4ger-Anschlussplatten mit HV-Verbindung, Getriebebremsmotor mit Steckverbindung und eingebautem Bremsgleichrichter.<\/p>\n<p>&nbsp;<\/p>\n<p>&nbsp;<\/p>\n<p>&nbsp;<\/p>\n<p>&nbsp;<\/p>\n<p>&nbsp;<\/p>\n","protected":false},"excerpt":{"rendered":"<p>Stahlkonstruktion gem\u00e4\u00df DIN 15018. Komplette mechanische Bearbeitung in einer Aufspannung, dadurch hohe geometrische Genauigkeit.<\/p>\n","protected":false},"featured_media":3394,"template":"","meta":{"_acf_changed":false,"inline_featured_image":false},"product_brand":[],"product_cat":[118],"product_tag":[],"class_list":{"0":"post-3392","1":"product","2":"type-product","3":"status-publish","4":"has-post-thumbnail","6":"product_cat-komponenten-zubehoer","8":"first","9":"instock","10":"shipping-taxable","11":"product-type-simple"},"acf":[],"yoast_head":"<!-- This site is optimized with the Yoast SEO plugin v27.5 - https:\/\/yoast.com\/product\/yoast-seo-wordpress\/ -->\n<title>ABUS Fahrwerkstr\u00e4ger &amp; Vorsatzst\u00fccke - ASTAM<\/title>\n<meta name=\"description\" content=\"Stahlkonstruktion gem\u00e4\u00df DIN 15018. Komplette mechanische Bearbeitung in einer Aufspannung, dadurch hohe geometrische Genauigkeit.\" \/>\n<meta name=\"robots\" content=\"index, follow, max-snippet:-1, max-image-preview:large, max-video-preview:-1\" \/>\n<link rel=\"canonical\" href=\"https:\/\/www.astam.at\/en\/leistungen\/krananlagen\/abus\/hebezeuge\/komponenten-zubehoer\/fahrwerkstraeger-vorsatzstuecke\/\" \/>\n<meta property=\"og:locale\" content=\"en_US\" \/>\n<meta property=\"og:type\" content=\"article\" \/>\n<meta property=\"og:title\" content=\"ABUS Fahrwerkstr\u00e4ger &amp; Vorsatzst\u00fccke - ASTAM\" \/>\n<meta property=\"og:description\" content=\"Stahlkonstruktion gem\u00e4\u00df DIN 15018. Komplette mechanische Bearbeitung in einer Aufspannung, dadurch hohe geometrische Genauigkeit.\" \/>\n<meta property=\"og:url\" content=\"https:\/\/www.astam.at\/en\/leistungen\/krananlagen\/abus\/hebezeuge\/komponenten-zubehoer\/fahrwerkstraeger-vorsatzstuecke\/\" \/>\n<meta property=\"og:site_name\" content=\"ASTAM\" \/>\n<meta property=\"article:publisher\" content=\"https:\/\/www.facebook.com\/pg\/ASTAM-Gmbh-572405462791301\/posts\/\" \/>\n<meta property=\"article:modified_time\" content=\"2022-09-27T13:50:28+00:00\" \/>\n<meta property=\"og:image\" content=\"https:\/\/www.astam.at\/wp-content\/uploads\/2022\/09\/AC-FWT-frei.png\" \/>\n\t<meta property=\"og:image:width\" content=\"500\" \/>\n\t<meta property=\"og:image:height\" content=\"400\" \/>\n\t<meta property=\"og:image:type\" content=\"image\/png\" \/>\n<meta name=\"twitter:card\" content=\"summary_large_image\" \/>\n<meta name=\"twitter:label1\" content=\"Est. reading time\" \/>\n\t<meta name=\"twitter:data1\" content=\"1 minute\" \/>\n<!-- \/ Yoast SEO plugin. -->","yoast_head_json":{"title":"ABUS Fahrwerkstr\u00e4ger & Vorsatzst\u00fccke - ASTAM","description":"Stahlkonstruktion gem\u00e4\u00df DIN 15018. Komplette mechanische Bearbeitung in einer Aufspannung, dadurch hohe geometrische Genauigkeit.","robots":{"index":"index","follow":"follow","max-snippet":"max-snippet:-1","max-image-preview":"max-image-preview:large","max-video-preview":"max-video-preview:-1"},"canonical":"https:\/\/www.astam.at\/en\/leistungen\/krananlagen\/abus\/hebezeuge\/komponenten-zubehoer\/fahrwerkstraeger-vorsatzstuecke\/","og_locale":"en_US","og_type":"article","og_title":"ABUS Fahrwerkstr\u00e4ger & Vorsatzst\u00fccke - ASTAM","og_description":"Stahlkonstruktion gem\u00e4\u00df DIN 15018. Komplette mechanische Bearbeitung in einer Aufspannung, dadurch hohe geometrische Genauigkeit.","og_url":"https:\/\/www.astam.at\/en\/leistungen\/krananlagen\/abus\/hebezeuge\/komponenten-zubehoer\/fahrwerkstraeger-vorsatzstuecke\/","og_site_name":"ASTAM","article_publisher":"https:\/\/www.facebook.com\/pg\/ASTAM-Gmbh-572405462791301\/posts\/","article_modified_time":"2022-09-27T13:50:28+00:00","og_image":[{"width":500,"height":400,"url":"https:\/\/www.astam.at\/wp-content\/uploads\/2022\/09\/AC-FWT-frei.png","type":"image\/png"}],"twitter_card":"summary_large_image","twitter_misc":{"Est. reading time":"1 minute"},"schema":{"@context":"https:\/\/schema.org","@graph":[{"@type":"WebPage","@id":"https:\/\/www.astam.at\/en\/leistungen\/krananlagen\/abus\/hebezeuge\/komponenten-zubehoer\/fahrwerkstraeger-vorsatzstuecke\/","url":"https:\/\/www.astam.at\/en\/leistungen\/krananlagen\/abus\/hebezeuge\/komponenten-zubehoer\/fahrwerkstraeger-vorsatzstuecke\/","name":"ABUS Fahrwerkstr\u00e4ger & Vorsatzst\u00fccke - ASTAM","isPartOf":{"@id":"https:\/\/www.astam.at\/en\/#website"},"primaryImageOfPage":{"@id":"https:\/\/www.astam.at\/en\/leistungen\/krananlagen\/abus\/hebezeuge\/komponenten-zubehoer\/fahrwerkstraeger-vorsatzstuecke\/#primaryimage"},"image":{"@id":"https:\/\/www.astam.at\/en\/leistungen\/krananlagen\/abus\/hebezeuge\/komponenten-zubehoer\/fahrwerkstraeger-vorsatzstuecke\/#primaryimage"},"thumbnailUrl":"https:\/\/www.astam.at\/wp-content\/uploads\/2022\/09\/AC-FWT-frei.png","datePublished":"2022-09-27T13:45:04+00:00","dateModified":"2022-09-27T13:50:28+00:00","description":"Stahlkonstruktion gem\u00e4\u00df DIN 15018. Komplette mechanische Bearbeitung in einer Aufspannung, dadurch hohe geometrische Genauigkeit.","breadcrumb":{"@id":"https:\/\/www.astam.at\/en\/leistungen\/krananlagen\/abus\/hebezeuge\/komponenten-zubehoer\/fahrwerkstraeger-vorsatzstuecke\/#breadcrumb"},"inLanguage":"en-US","potentialAction":[{"@type":"ReadAction","target":["https:\/\/www.astam.at\/en\/leistungen\/krananlagen\/abus\/hebezeuge\/komponenten-zubehoer\/fahrwerkstraeger-vorsatzstuecke\/"]}]},{"@type":"ImageObject","inLanguage":"en-US","@id":"https:\/\/www.astam.at\/en\/leistungen\/krananlagen\/abus\/hebezeuge\/komponenten-zubehoer\/fahrwerkstraeger-vorsatzstuecke\/#primaryimage","url":"https:\/\/www.astam.at\/wp-content\/uploads\/2022\/09\/AC-FWT-frei.png","contentUrl":"https:\/\/www.astam.at\/wp-content\/uploads\/2022\/09\/AC-FWT-frei.png","width":500,"height":400},{"@type":"BreadcrumbList","@id":"https:\/\/www.astam.at\/en\/leistungen\/krananlagen\/abus\/hebezeuge\/komponenten-zubehoer\/fahrwerkstraeger-vorsatzstuecke\/#breadcrumb","itemListElement":[{"@type":"ListItem","position":1,"name":"Startseite","item":"https:\/\/www.astam.at\/en\/"},{"@type":"ListItem","position":2,"name":"ABUS","item":"https:\/\/www.astam.at\/leistungen\/krananlagen\/abus\/"},{"@type":"ListItem","position":3,"name":"Fahrwerkstr\u00e4ger &#038; Vorsatzst\u00fccke"}]},{"@type":"WebSite","@id":"https:\/\/www.astam.at\/en\/#website","url":"https:\/\/www.astam.at\/en\/","name":"ASTAM","description":"Maschinen- Stahl und Anlagenbau, Krananlagen","publisher":{"@id":"https:\/\/www.astam.at\/en\/#organization"},"potentialAction":[{"@type":"SearchAction","target":{"@type":"EntryPoint","urlTemplate":"https:\/\/www.astam.at\/en\/?s={search_term_string}"},"query-input":{"@type":"PropertyValueSpecification","valueRequired":true,"valueName":"search_term_string"}}],"inLanguage":"en-US"},{"@type":"Organization","@id":"https:\/\/www.astam.at\/en\/#organization","name":"ASTAM Allgemeine Stahl-, Anlagen- und Maschinenbau Ges.m.b.H.","url":"https:\/\/www.astam.at\/en\/","logo":{"@type":"ImageObject","inLanguage":"en-US","@id":"https:\/\/www.astam.at\/en\/#\/schema\/logo\/image\/","url":"https:\/\/www.astam.at\/wp-content\/uploads\/2020\/07\/astam_logo_freigestellt.png","contentUrl":"https:\/\/www.astam.at\/wp-content\/uploads\/2020\/07\/astam_logo_freigestellt.png","width":2318,"height":329,"caption":"ASTAM Allgemeine Stahl-, Anlagen- und Maschinenbau Ges.m.b.H."},"image":{"@id":"https:\/\/www.astam.at\/en\/#\/schema\/logo\/image\/"},"sameAs":["https:\/\/www.facebook.com\/pg\/ASTAM-Gmbh-572405462791301\/posts\/"]}]}},"_links":{"self":[{"href":"https:\/\/www.astam.at\/en\/wp-json\/wp\/v2\/product\/3392","targetHints":{"allow":["GET"]}}],"collection":[{"href":"https:\/\/www.astam.at\/en\/wp-json\/wp\/v2\/product"}],"about":[{"href":"https:\/\/www.astam.at\/en\/wp-json\/wp\/v2\/types\/product"}],"wp:featuredmedia":[{"embeddable":true,"href":"https:\/\/www.astam.at\/en\/wp-json\/wp\/v2\/media\/3394"}],"wp:attachment":[{"href":"https:\/\/www.astam.at\/en\/wp-json\/wp\/v2\/media?parent=3392"}],"wp:term":[{"taxonomy":"product_brand","embeddable":true,"href":"https:\/\/www.astam.at\/en\/wp-json\/wp\/v2\/product_brand?post=3392"},{"taxonomy":"product_cat","embeddable":true,"href":"https:\/\/www.astam.at\/en\/wp-json\/wp\/v2\/product_cat?post=3392"},{"taxonomy":"product_tag","embeddable":true,"href":"https:\/\/www.astam.at\/en\/wp-json\/wp\/v2\/product_tag?post=3392"}],"curies":[{"name":"wp","href":"https:\/\/api.w.org\/{rel}","templated":true}]}}