{"id":3406,"date":"2022-09-27T15:51:12","date_gmt":"2022-09-27T13:51:12","guid":{"rendered":"https:\/\/www.astam.at\/?post_type=product&#038;p=3406"},"modified":"2022-09-27T15:56:28","modified_gmt":"2022-09-27T13:56:28","slug":"installations-komponenten","status":"publish","type":"product","link":"https:\/\/www.astam.at\/en\/leistungen\/krananlagen\/abus\/hebezeuge\/komponenten-zubehoer\/installations-komponenten\/","title":{"rendered":"Installations-Komponenten"},"content":{"rendered":"<p><strong>Stromzuf\u00fchrung \u00fcber Sicherheits-Schleifleitung KBH<br \/>\n<\/strong>KHB steht f\u00fcr <strong>K<\/strong>ompaktes <strong>B<\/strong>er\u00fchrungsgesch\u00fctztes <strong>H<\/strong>ohlkammerprofil. Sie dient der Strom- versorgung eines oder mehrerer beweglicher Verbraucher, ist ber\u00fchrungsgesch\u00fctzt, korrosionsbest\u00e4ndig und f\u00fcr den Einsatz in staubarmem Umfeld an Innen- und Au\u00dfenanlagen geeignet.<\/p>\n<p><strong>Schleppleitung<br \/>\n<\/strong>Die ABUS Schleppleitungsstromzuf\u00fchrung kann u. a. als Stromversorgung\u00a0 von bis zu zwei Hebezeugen auf einer Fahrbahn eingesetzt werden. Folgende Anwendungsm\u00f6glichkeiten gibt es: Stromzuf\u00fchrungen zu ortsver\u00e4nderlichen Maschinen und Ger\u00e4ten, so z.B. bei Katz- und L\u00e4ngsfahrten von Kranen, H\u00e4ngebahnen, Elektroz\u00fcgen und Werkzeugmaschinen.<\/p>\n<p><strong>Elektro-Installationsmaterial<br \/>\n<\/strong>Energie- und Steuerleitungen f\u00fcr Leitungswagen und Energieketten sowie f\u00fcr H\u00e4ngetaster an Hebezeugen. Verschraubungen, Klebeschellen f\u00fcr Rund- und Flachleitungen.<\/p>\n","protected":false},"excerpt":{"rendered":"<p>Stromzuf\u00fchrung \u00fcber Sicherheits-Schleifleitung KBH, Schleppleitung oder Elektro-Installationsmaterial<\/p>\n","protected":false},"featured_media":3407,"template":"","meta":{"_acf_changed":false,"inline_featured_image":false},"product_brand":[],"product_cat":[118],"product_tag":[],"class_list":{"0":"post-3406","1":"product","2":"type-product","3":"status-publish","4":"has-post-thumbnail","6":"product_cat-komponenten-zubehoer","8":"first","9":"instock","10":"shipping-taxable","11":"product-type-simple"},"acf":[],"yoast_head":"<!-- This site is optimized with the Yoast SEO plugin v27.5 - https:\/\/yoast.com\/product\/yoast-seo-wordpress\/ -->\n<title>ABUS Hebezeuge - Installations-Komponenten - ASTAM<\/title>\n<meta name=\"description\" content=\"Stromzuf\u00fchrung \u00fcber Sicherheits-Schleifleitung KBH, Schleppleitung oder Elektro-Installationsmaterial\" \/>\n<meta name=\"robots\" content=\"index, follow, max-snippet:-1, max-image-preview:large, max-video-preview:-1\" \/>\n<link rel=\"canonical\" href=\"https:\/\/www.astam.at\/en\/leistungen\/krananlagen\/abus\/hebezeuge\/komponenten-zubehoer\/installations-komponenten\/\" \/>\n<meta property=\"og:locale\" content=\"en_US\" \/>\n<meta property=\"og:type\" content=\"article\" \/>\n<meta property=\"og:title\" content=\"ABUS Hebezeuge - Installations-Komponenten - ASTAM\" \/>\n<meta property=\"og:description\" content=\"Stromzuf\u00fchrung \u00fcber Sicherheits-Schleifleitung KBH, Schleppleitung oder Elektro-Installationsmaterial\" \/>\n<meta property=\"og:url\" content=\"https:\/\/www.astam.at\/en\/leistungen\/krananlagen\/abus\/hebezeuge\/komponenten-zubehoer\/installations-komponenten\/\" \/>\n<meta property=\"og:site_name\" content=\"ASTAM\" \/>\n<meta property=\"article:publisher\" content=\"https:\/\/www.facebook.com\/pg\/ASTAM-Gmbh-572405462791301\/posts\/\" \/>\n<meta property=\"article:modified_time\" content=\"2022-09-27T13:56:28+00:00\" \/>\n<meta property=\"og:image\" content=\"https:\/\/www.astam.at\/wp-content\/uploads\/2022\/09\/AZ-Sicher-Schleif-KBH.png\" \/>\n\t<meta property=\"og:image:width\" content=\"500\" \/>\n\t<meta property=\"og:image:height\" content=\"400\" \/>\n\t<meta property=\"og:image:type\" content=\"image\/png\" \/>\n<meta name=\"twitter:card\" content=\"summary_large_image\" \/>\n<meta name=\"twitter:label1\" content=\"Est. reading time\" \/>\n\t<meta name=\"twitter:data1\" content=\"1 minute\" \/>\n<!-- \/ Yoast SEO plugin. -->","yoast_head_json":{"title":"ABUS Hebezeuge - Installations-Komponenten - ASTAM","description":"Stromzuf\u00fchrung \u00fcber Sicherheits-Schleifleitung KBH, Schleppleitung oder Elektro-Installationsmaterial","robots":{"index":"index","follow":"follow","max-snippet":"max-snippet:-1","max-image-preview":"max-image-preview:large","max-video-preview":"max-video-preview:-1"},"canonical":"https:\/\/www.astam.at\/en\/leistungen\/krananlagen\/abus\/hebezeuge\/komponenten-zubehoer\/installations-komponenten\/","og_locale":"en_US","og_type":"article","og_title":"ABUS Hebezeuge - Installations-Komponenten - ASTAM","og_description":"Stromzuf\u00fchrung \u00fcber Sicherheits-Schleifleitung KBH, Schleppleitung oder Elektro-Installationsmaterial","og_url":"https:\/\/www.astam.at\/en\/leistungen\/krananlagen\/abus\/hebezeuge\/komponenten-zubehoer\/installations-komponenten\/","og_site_name":"ASTAM","article_publisher":"https:\/\/www.facebook.com\/pg\/ASTAM-Gmbh-572405462791301\/posts\/","article_modified_time":"2022-09-27T13:56:28+00:00","og_image":[{"width":500,"height":400,"url":"https:\/\/www.astam.at\/wp-content\/uploads\/2022\/09\/AZ-Sicher-Schleif-KBH.png","type":"image\/png"}],"twitter_card":"summary_large_image","twitter_misc":{"Est. reading time":"1 minute"},"schema":{"@context":"https:\/\/schema.org","@graph":[{"@type":"WebPage","@id":"https:\/\/www.astam.at\/en\/leistungen\/krananlagen\/abus\/hebezeuge\/komponenten-zubehoer\/installations-komponenten\/","url":"https:\/\/www.astam.at\/en\/leistungen\/krananlagen\/abus\/hebezeuge\/komponenten-zubehoer\/installations-komponenten\/","name":"ABUS Hebezeuge - Installations-Komponenten - ASTAM","isPartOf":{"@id":"https:\/\/www.astam.at\/en\/#website"},"primaryImageOfPage":{"@id":"https:\/\/www.astam.at\/en\/leistungen\/krananlagen\/abus\/hebezeuge\/komponenten-zubehoer\/installations-komponenten\/#primaryimage"},"image":{"@id":"https:\/\/www.astam.at\/en\/leistungen\/krananlagen\/abus\/hebezeuge\/komponenten-zubehoer\/installations-komponenten\/#primaryimage"},"thumbnailUrl":"https:\/\/www.astam.at\/wp-content\/uploads\/2022\/09\/AZ-Sicher-Schleif-KBH.png","datePublished":"2022-09-27T13:51:12+00:00","dateModified":"2022-09-27T13:56:28+00:00","description":"Stromzuf\u00fchrung \u00fcber Sicherheits-Schleifleitung KBH, Schleppleitung oder Elektro-Installationsmaterial","breadcrumb":{"@id":"https:\/\/www.astam.at\/en\/leistungen\/krananlagen\/abus\/hebezeuge\/komponenten-zubehoer\/installations-komponenten\/#breadcrumb"},"inLanguage":"en-US","potentialAction":[{"@type":"ReadAction","target":["https:\/\/www.astam.at\/en\/leistungen\/krananlagen\/abus\/hebezeuge\/komponenten-zubehoer\/installations-komponenten\/"]}]},{"@type":"ImageObject","inLanguage":"en-US","@id":"https:\/\/www.astam.at\/en\/leistungen\/krananlagen\/abus\/hebezeuge\/komponenten-zubehoer\/installations-komponenten\/#primaryimage","url":"https:\/\/www.astam.at\/wp-content\/uploads\/2022\/09\/AZ-Sicher-Schleif-KBH.png","contentUrl":"https:\/\/www.astam.at\/wp-content\/uploads\/2022\/09\/AZ-Sicher-Schleif-KBH.png","width":500,"height":400},{"@type":"BreadcrumbList","@id":"https:\/\/www.astam.at\/en\/leistungen\/krananlagen\/abus\/hebezeuge\/komponenten-zubehoer\/installations-komponenten\/#breadcrumb","itemListElement":[{"@type":"ListItem","position":1,"name":"Startseite","item":"https:\/\/www.astam.at\/en\/"},{"@type":"ListItem","position":2,"name":"ABUS","item":"https:\/\/www.astam.at\/leistungen\/krananlagen\/abus\/"},{"@type":"ListItem","position":3,"name":"Installations-Komponenten"}]},{"@type":"WebSite","@id":"https:\/\/www.astam.at\/en\/#website","url":"https:\/\/www.astam.at\/en\/","name":"ASTAM","description":"Maschinen- Stahl und Anlagenbau, Krananlagen","publisher":{"@id":"https:\/\/www.astam.at\/en\/#organization"},"potentialAction":[{"@type":"SearchAction","target":{"@type":"EntryPoint","urlTemplate":"https:\/\/www.astam.at\/en\/?s={search_term_string}"},"query-input":{"@type":"PropertyValueSpecification","valueRequired":true,"valueName":"search_term_string"}}],"inLanguage":"en-US"},{"@type":"Organization","@id":"https:\/\/www.astam.at\/en\/#organization","name":"ASTAM Allgemeine Stahl-, Anlagen- und Maschinenbau Ges.m.b.H.","url":"https:\/\/www.astam.at\/en\/","logo":{"@type":"ImageObject","inLanguage":"en-US","@id":"https:\/\/www.astam.at\/en\/#\/schema\/logo\/image\/","url":"https:\/\/www.astam.at\/wp-content\/uploads\/2020\/07\/astam_logo_freigestellt.png","contentUrl":"https:\/\/www.astam.at\/wp-content\/uploads\/2020\/07\/astam_logo_freigestellt.png","width":2318,"height":329,"caption":"ASTAM Allgemeine Stahl-, Anlagen- und Maschinenbau Ges.m.b.H."},"image":{"@id":"https:\/\/www.astam.at\/en\/#\/schema\/logo\/image\/"},"sameAs":["https:\/\/www.facebook.com\/pg\/ASTAM-Gmbh-572405462791301\/posts\/"]}]}},"_links":{"self":[{"href":"https:\/\/www.astam.at\/en\/wp-json\/wp\/v2\/product\/3406","targetHints":{"allow":["GET"]}}],"collection":[{"href":"https:\/\/www.astam.at\/en\/wp-json\/wp\/v2\/product"}],"about":[{"href":"https:\/\/www.astam.at\/en\/wp-json\/wp\/v2\/types\/product"}],"wp:featuredmedia":[{"embeddable":true,"href":"https:\/\/www.astam.at\/en\/wp-json\/wp\/v2\/media\/3407"}],"wp:attachment":[{"href":"https:\/\/www.astam.at\/en\/wp-json\/wp\/v2\/media?parent=3406"}],"wp:term":[{"taxonomy":"product_brand","embeddable":true,"href":"https:\/\/www.astam.at\/en\/wp-json\/wp\/v2\/product_brand?post=3406"},{"taxonomy":"product_cat","embeddable":true,"href":"https:\/\/www.astam.at\/en\/wp-json\/wp\/v2\/product_cat?post=3406"},{"taxonomy":"product_tag","embeddable":true,"href":"https:\/\/www.astam.at\/en\/wp-json\/wp\/v2\/product_tag?post=3406"}],"curies":[{"name":"wp","href":"https:\/\/api.w.org\/{rel}","templated":true}]}}