{"id":3418,"date":"2022-09-27T16:43:21","date_gmt":"2022-09-27T14:43:21","guid":{"rendered":"https:\/\/www.astam.at\/?post_type=product&#038;p=3418"},"modified":"2022-09-28T08:29:06","modified_gmt":"2022-09-28T06:29:06","slug":"steuerungs-komponenten","status":"publish","type":"product","link":"https:\/\/www.astam.at\/en\/leistungen\/krananlagen\/abus\/hebezeuge\/komponenten-zubehoer\/steuerungs-komponenten\/","title":{"rendered":"Steuerungs-Komponenten"},"content":{"rendered":"<h3><strong>Steuertechnik<\/strong><\/h3>\n<p>ABUS Steuerungen besitzen eine ausgereifte Technik, die durch Ihren Multistandard einen gro\u00dfen Anwendungsbereich abdeckt und in zwei unterschiedlichen Ausf\u00fchrungen lieferbar sind:<\/p>\n<ul>\n<li>Dezentrale Steuerung ist aufgeteilt in Sch\u00fctzkasten an der Kranbr\u00fccke (SKR)\u00a0und Sch\u00fctzkasten an der Katze (SKA).<\/li>\n<li>Zentralsteuerung f\u00fcr Kran und Katze befindet sich zentral auf der Kranbr\u00fccke.<\/li>\n<\/ul>\n<h3><strong>Lastmesssystem LIS<\/strong><\/h3>\n<p>An ABUS Seilz\u00fcgen wird f\u00fcr die Hubwerksteuerung eine speziell entwickelte Steuereinheit LIS eingesetzt.\u00a0 Dieses Ger\u00e4t ist in zwei Varianten verf\u00fcgbar: LIS-SE oder LIS-SV. Beide Ger\u00e4te beinhalten eine \u00dcberlastsicherung, die das Hubwerk sicher vor \u00dcberlastung sch\u00fctzen und serienm\u00e4\u00dfig mit einem Betriebsstundenz\u00e4hler ausgestattet sind.<\/p>\n<h3><strong>Kreuzhebelschalter<\/strong><\/h3>\n<p>ABUS Kreuzhebelgrenzschalter zur elektrischen Begrenzung bewirken die automatische Reduzierung oder Abschaltung der Fahrbewegung von Kranen und Katzen.<br \/>\nEine weitere\u00a0Anwendung\u00a0besteht beim Umfahren von Hindernissen oder gesperrten Bereichen, die mit der Katze des Kranes nicht \u00fcberfahren werden sollen. Durch Schaltnocken an der Bahn bzw. an der Kranbr\u00fccke werden die\u00a0Kreuzhebelgrenzschalter bet\u00e4tigt.<\/p>\n<h3><strong>Fahrtrichtungskennzeichnung<\/strong><\/h3>\n<p>Sicherheit beim Bedienen eines Kranes ist von h\u00f6chster Wichtigkeit. Damit die Fahrtrichtung des Kranes immer eindeutig ist, setzt ABUS Fahrtrichtungsschilder ein.<br \/>\nBesonders\u00a0bei Kranbetrieb mit Funkfernbedienung\u00a0ist diese Kennzeichnung der Fahrtrichtung sehr n\u00fctzlich. Dadurch das die Symbole am Kran genau denen der Funksteuerung oder H\u00e4ngetaster entsprechen, ist klar welche Taste f\u00fcr die gew\u00fcnschte Fahrbewegung verwendet werden muss.<\/p>\n<p>Daher geh\u00f6ren die Fahrtrichtungsschilder bei ABUS zum serienm\u00e4\u00dfigen Lieferumfang von Laufkranen und werden an der Unterseite des Kranes mithilfe von Magneten befestigt.<br \/>\nSomit\u00a0ist eine nachtr\u00e4gliche Positionsver\u00e4nderung oder ein Nachr\u00fcsten problemlos m\u00f6glich und bieten einen gro\u00dfen Vorteil gegen\u00fcber herk\u00f6mmlichen Klebeschildern.<\/p>\n<h3><strong>Zusammenfahrsicherung<\/strong><\/h3>\n<p>Es fahren mehr als ein Kran auf einer Kranbahn?<br \/>\nDann empfehlen wir den Einbau einer fotoelektronischen Zusammenfahrsicherungen. Hierdurch werden die Krane vor unbeabsichtigtem Zusammenprallen gesch\u00fctzt.<\/p>\n<p>Dieser Kollisionsschutz besteht aus zwei Schaltstufen. Eine Vorabschaltung, bei der die Fahrgeschwindigkeit des Kranes auf die langsame Fahrstufe reduziert wird, sobald Kollision droht. Zus\u00e4tzlich gibt es die M\u00f6glichkeit einer Endabschaltung. Hierbei wird die Fahrbewegung bis zum Stillstand abgebremst. Der Schaltabstand ist stufenlos an der Reflexionslichtschranke einstellbar. Der Abstand der Krane kann dabei bis zu 20 Meter sein.<\/p>\n<p>Diese fotoelektronische Zusammenfahrsicherung ist auch einsetzbar, wenn zwei Hebezeuge auf einem Kran oder mehrere Hebezeuge auf einer Bahn fahren.<\/p>\n<p>Bei Hallenkonstruktionen oder Kranbahnen, die in Ihrer statischen Belastung nur eingeschr\u00e4nkt genutzt werden k\u00f6nnen, werden auch fotoelektronische Zusammenfahrsicherung eingesetzt. Hier muss allerdings die Sicherheit weiter erh\u00f6ht werden. Dies geschieht durch ein redundant aufgebautes Lichtschrankensystem mit einer Pr\u00fcf- und St\u00f6ranzeige. Damit kann verhindert werden, dass z.B. mehrere Krane mit voller Belastung in einem Kranbahnfeld stehen.<\/p>\n","protected":false},"excerpt":{"rendered":"<p>Steuertechnik, Krandistanzierung, Kreuzhebelschalter, Lastmesssystem<span class=\"nowrap\"> L<\/span>IS, H\u00e4ngetaster ABUCommander, ABUS Federzug, Fahrtrichtungskennzeichnung<\/p>\n","protected":false},"featured_media":3420,"template":"","meta":{"_acf_changed":false,"inline_featured_image":false},"product_brand":[],"product_cat":[118],"product_tag":[],"class_list":{"0":"post-3418","1":"product","2":"type-product","3":"status-publish","4":"has-post-thumbnail","6":"product_cat-komponenten-zubehoer","8":"first","9":"instock","10":"shipping-taxable","11":"product-type-simple"},"acf":[],"yoast_head":"<!-- This site is optimized with the Yoast SEO plugin v27.5 - https:\/\/yoast.com\/product\/yoast-seo-wordpress\/ -->\n<title>ABUS Hebezeuge - Steuerungs-Komponenten - ASTAM<\/title>\n<meta name=\"description\" content=\"Steuertechnik, Krandistanzierung, Kreuzhebelschalter, Lastmesssystem LIS, H\u00e4ngetaster ABUCommander, ABUS Federzug, Fahrtrichtungskennzeichnung\" \/>\n<meta name=\"robots\" content=\"index, follow, max-snippet:-1, max-image-preview:large, max-video-preview:-1\" \/>\n<link rel=\"canonical\" href=\"https:\/\/www.astam.at\/en\/leistungen\/krananlagen\/abus\/hebezeuge\/komponenten-zubehoer\/steuerungs-komponenten\/\" \/>\n<meta property=\"og:locale\" content=\"en_US\" \/>\n<meta property=\"og:type\" content=\"article\" \/>\n<meta property=\"og:title\" content=\"ABUS Hebezeuge - Steuerungs-Komponenten - ASTAM\" \/>\n<meta property=\"og:description\" content=\"Steuertechnik, Krandistanzierung, Kreuzhebelschalter, Lastmesssystem LIS, H\u00e4ngetaster ABUCommander, ABUS Federzug, Fahrtrichtungskennzeichnung\" \/>\n<meta property=\"og:url\" content=\"https:\/\/www.astam.at\/en\/leistungen\/krananlagen\/abus\/hebezeuge\/komponenten-zubehoer\/steuerungs-komponenten\/\" \/>\n<meta property=\"og:site_name\" content=\"ASTAM\" \/>\n<meta property=\"article:publisher\" content=\"https:\/\/www.facebook.com\/pg\/ASTAM-Gmbh-572405462791301\/posts\/\" \/>\n<meta property=\"article:modified_time\" content=\"2022-09-28T06:29:06+00:00\" \/>\n<meta property=\"og:image\" content=\"https:\/\/www.astam.at\/wp-content\/uploads\/2022\/09\/AZ-Electronic-LIS-SV.png\" \/>\n\t<meta property=\"og:image:width\" content=\"500\" \/>\n\t<meta property=\"og:image:height\" content=\"400\" \/>\n\t<meta property=\"og:image:type\" content=\"image\/png\" \/>\n<meta name=\"twitter:card\" content=\"summary_large_image\" \/>\n<meta name=\"twitter:label1\" content=\"Est. reading time\" \/>\n\t<meta name=\"twitter:data1\" content=\"3 minutes\" \/>\n<!-- \/ Yoast SEO plugin. -->","yoast_head_json":{"title":"ABUS Hebezeuge - Steuerungs-Komponenten - ASTAM","description":"Steuertechnik, Krandistanzierung, Kreuzhebelschalter, Lastmesssystem LIS, H\u00e4ngetaster ABUCommander, ABUS Federzug, Fahrtrichtungskennzeichnung","robots":{"index":"index","follow":"follow","max-snippet":"max-snippet:-1","max-image-preview":"max-image-preview:large","max-video-preview":"max-video-preview:-1"},"canonical":"https:\/\/www.astam.at\/en\/leistungen\/krananlagen\/abus\/hebezeuge\/komponenten-zubehoer\/steuerungs-komponenten\/","og_locale":"en_US","og_type":"article","og_title":"ABUS Hebezeuge - Steuerungs-Komponenten - ASTAM","og_description":"Steuertechnik, Krandistanzierung, Kreuzhebelschalter, Lastmesssystem LIS, H\u00e4ngetaster ABUCommander, ABUS Federzug, Fahrtrichtungskennzeichnung","og_url":"https:\/\/www.astam.at\/en\/leistungen\/krananlagen\/abus\/hebezeuge\/komponenten-zubehoer\/steuerungs-komponenten\/","og_site_name":"ASTAM","article_publisher":"https:\/\/www.facebook.com\/pg\/ASTAM-Gmbh-572405462791301\/posts\/","article_modified_time":"2022-09-28T06:29:06+00:00","og_image":[{"width":500,"height":400,"url":"https:\/\/www.astam.at\/wp-content\/uploads\/2022\/09\/AZ-Electronic-LIS-SV.png","type":"image\/png"}],"twitter_card":"summary_large_image","twitter_misc":{"Est. reading time":"3 minutes"},"schema":{"@context":"https:\/\/schema.org","@graph":[{"@type":"WebPage","@id":"https:\/\/www.astam.at\/en\/leistungen\/krananlagen\/abus\/hebezeuge\/komponenten-zubehoer\/steuerungs-komponenten\/","url":"https:\/\/www.astam.at\/en\/leistungen\/krananlagen\/abus\/hebezeuge\/komponenten-zubehoer\/steuerungs-komponenten\/","name":"ABUS Hebezeuge - Steuerungs-Komponenten - ASTAM","isPartOf":{"@id":"https:\/\/www.astam.at\/en\/#website"},"primaryImageOfPage":{"@id":"https:\/\/www.astam.at\/en\/leistungen\/krananlagen\/abus\/hebezeuge\/komponenten-zubehoer\/steuerungs-komponenten\/#primaryimage"},"image":{"@id":"https:\/\/www.astam.at\/en\/leistungen\/krananlagen\/abus\/hebezeuge\/komponenten-zubehoer\/steuerungs-komponenten\/#primaryimage"},"thumbnailUrl":"https:\/\/www.astam.at\/wp-content\/uploads\/2022\/09\/AZ-Electronic-LIS-SV.png","datePublished":"2022-09-27T14:43:21+00:00","dateModified":"2022-09-28T06:29:06+00:00","description":"Steuertechnik, Krandistanzierung, Kreuzhebelschalter, Lastmesssystem LIS, H\u00e4ngetaster ABUCommander, ABUS Federzug, Fahrtrichtungskennzeichnung","breadcrumb":{"@id":"https:\/\/www.astam.at\/en\/leistungen\/krananlagen\/abus\/hebezeuge\/komponenten-zubehoer\/steuerungs-komponenten\/#breadcrumb"},"inLanguage":"en-US","potentialAction":[{"@type":"ReadAction","target":["https:\/\/www.astam.at\/en\/leistungen\/krananlagen\/abus\/hebezeuge\/komponenten-zubehoer\/steuerungs-komponenten\/"]}]},{"@type":"ImageObject","inLanguage":"en-US","@id":"https:\/\/www.astam.at\/en\/leistungen\/krananlagen\/abus\/hebezeuge\/komponenten-zubehoer\/steuerungs-komponenten\/#primaryimage","url":"https:\/\/www.astam.at\/wp-content\/uploads\/2022\/09\/AZ-Electronic-LIS-SV.png","contentUrl":"https:\/\/www.astam.at\/wp-content\/uploads\/2022\/09\/AZ-Electronic-LIS-SV.png","width":500,"height":400},{"@type":"BreadcrumbList","@id":"https:\/\/www.astam.at\/en\/leistungen\/krananlagen\/abus\/hebezeuge\/komponenten-zubehoer\/steuerungs-komponenten\/#breadcrumb","itemListElement":[{"@type":"ListItem","position":1,"name":"Startseite","item":"https:\/\/www.astam.at\/en\/"},{"@type":"ListItem","position":2,"name":"ABUS","item":"https:\/\/www.astam.at\/leistungen\/krananlagen\/abus\/"},{"@type":"ListItem","position":3,"name":"Steuerungs-Komponenten"}]},{"@type":"WebSite","@id":"https:\/\/www.astam.at\/en\/#website","url":"https:\/\/www.astam.at\/en\/","name":"ASTAM","description":"Maschinen- Stahl und Anlagenbau, Krananlagen","publisher":{"@id":"https:\/\/www.astam.at\/en\/#organization"},"potentialAction":[{"@type":"SearchAction","target":{"@type":"EntryPoint","urlTemplate":"https:\/\/www.astam.at\/en\/?s={search_term_string}"},"query-input":{"@type":"PropertyValueSpecification","valueRequired":true,"valueName":"search_term_string"}}],"inLanguage":"en-US"},{"@type":"Organization","@id":"https:\/\/www.astam.at\/en\/#organization","name":"ASTAM Allgemeine Stahl-, Anlagen- und Maschinenbau Ges.m.b.H.","url":"https:\/\/www.astam.at\/en\/","logo":{"@type":"ImageObject","inLanguage":"en-US","@id":"https:\/\/www.astam.at\/en\/#\/schema\/logo\/image\/","url":"https:\/\/www.astam.at\/wp-content\/uploads\/2020\/07\/astam_logo_freigestellt.png","contentUrl":"https:\/\/www.astam.at\/wp-content\/uploads\/2020\/07\/astam_logo_freigestellt.png","width":2318,"height":329,"caption":"ASTAM Allgemeine Stahl-, Anlagen- und Maschinenbau Ges.m.b.H."},"image":{"@id":"https:\/\/www.astam.at\/en\/#\/schema\/logo\/image\/"},"sameAs":["https:\/\/www.facebook.com\/pg\/ASTAM-Gmbh-572405462791301\/posts\/"]}]}},"_links":{"self":[{"href":"https:\/\/www.astam.at\/en\/wp-json\/wp\/v2\/product\/3418","targetHints":{"allow":["GET"]}}],"collection":[{"href":"https:\/\/www.astam.at\/en\/wp-json\/wp\/v2\/product"}],"about":[{"href":"https:\/\/www.astam.at\/en\/wp-json\/wp\/v2\/types\/product"}],"wp:featuredmedia":[{"embeddable":true,"href":"https:\/\/www.astam.at\/en\/wp-json\/wp\/v2\/media\/3420"}],"wp:attachment":[{"href":"https:\/\/www.astam.at\/en\/wp-json\/wp\/v2\/media?parent=3418"}],"wp:term":[{"taxonomy":"product_brand","embeddable":true,"href":"https:\/\/www.astam.at\/en\/wp-json\/wp\/v2\/product_brand?post=3418"},{"taxonomy":"product_cat","embeddable":true,"href":"https:\/\/www.astam.at\/en\/wp-json\/wp\/v2\/product_cat?post=3418"},{"taxonomy":"product_tag","embeddable":true,"href":"https:\/\/www.astam.at\/en\/wp-json\/wp\/v2\/product_tag?post=3418"}],"curies":[{"name":"wp","href":"https:\/\/api.w.org\/{rel}","templated":true}]}}