{"id":3428,"date":"2022-09-28T08:30:44","date_gmt":"2022-09-28T06:30:44","guid":{"rendered":"https:\/\/www.astam.at\/?post_type=product&#038;p=3428"},"modified":"2022-09-28T08:37:58","modified_gmt":"2022-09-28T06:37:58","slug":"geeichte-waegeunterflasche","status":"publish","type":"product","link":"https:\/\/www.astam.at\/en\/leistungen\/krananlagen\/abus\/hebezeuge\/komponenten-zubehoer\/geeichte-waegeunterflasche\/","title":{"rendered":"Geeichte W\u00e4geunterflasche"},"content":{"rendered":"<p><strong>Auf einen Blick<\/strong><\/p>\n<ul>\n<li>Geeichte Handelswaage der Genauigkeitsklasse III mit EG-Zulassung,\u00a0inklusiv\u00a0Konformit\u00e4tserkl\u00e4rung<\/li>\n<li>Langlebige\u00a0DMS-Ringtorsionsw\u00e4gezelle aus rostfreiem Sensorstahl<\/li>\n<li>Die Lastanzeige immer im Blickfeld des Bedieners, auf dem Handsender oder optional am Kran<\/li>\n<li>W\u00e4gemodul\u00a0optimal\u00a0in die Unterflasche von ABUS\u00a0Seilz\u00fcgen\u00a0integriert<\/li>\n<li>Datenfunk \u00fcber die\u00a0Auswerteeinheit Teledata<\/li>\n<li>Geeichte W\u00e4geunterflasche kann auch nachtr\u00e4glich eingebaut werden<\/li>\n<\/ul>\n<hr \/>\n<p>Zu wissen, was am Haken h\u00e4ngt, das ist f\u00fcr viele Kranbetreiber wichtig: Waren abwiegen und an Kunden berechnen, LKWs beladen, Produktionsanlagen mit abgewogenem Material beschicken, Sicherheitsvorschriften f\u00fcr Lasten einhalten oder das Gewicht von Containern ermitteln \u2013 h\u00e4ufig ist die ABUS W\u00e4geunterflasche die wirtschaftlich vorteilhafte L\u00f6sung.<\/p>\n<p>ABUS W\u00e4geunterflasche ist eine digi\u00adtale Handelswaage der Genauigkeitsklasse III mit EG-Zulassung der Physikalisch Technischen Bundesanstalt. Die Kranwaage wird geeicht und betriebs\u00adfertig geliefert. Die Lastermitt\u00adlung erfolgt durch eine langlebige DMS-Ringtorsionsw\u00e4gezelle aus rostfreiem Sensorstahl. Die W\u00e4ge-Elektronik besteht aus moderner SMD Technologie in robuster Industrieausf\u00fchrung. Das W\u00e4gemodul integriert sich optimal in die Unterflasche von ABUS Seilz\u00fcgen. Der Hubh\u00f6henverlust ist bei 4-str\u00e4ngiger Einscherung des Hebezeugs gleich Null, bei 6-, 8-, oder 10-str\u00e4ngiger Ausf\u00fchrung minimal.<\/p>\n<p>Bei der ABUS W\u00e4geunterflasche ist die Lastanzeige immer im Blickfeld des Bedieners: auf dem Display der Waage, auf dem Handsender oder optional auf einer externen Gro\u00dfanzeige am Kran oder in der Halle. Und die Daten k\u00f6nnen \u00fcber intelligente Zusatzger\u00e4te dahin \u00fcbertragen werden, wo man sie braucht: es ist m\u00f6glich, sie auf einer SD Speicher\u00adkarte im Handsender abzulegen oder sie per sicherem Datenfunk \u00fcber die Auswerteeinheit Teledata an einen Drucker, einen Lagerrechner oder einen Netzwerk-Anschluss zu senden. Die Daten k\u00f6nnen dann automatisch zum Beispiel in W\u00e4geprotokolle, Liefer\u00adscheine, Rechnungen oder Lager\u00adbe\u00adstandslisten \u00fcbernommen und dokumentiert werden.<\/p>\n<p>&nbsp;<\/p>\n<p>&nbsp;<\/p>\n<p>&nbsp;<\/p>\n<p>&nbsp;<\/p>\n<p>&nbsp;<\/p>\n","protected":false},"excerpt":{"rendered":"<p>Zu wissen, was am Haken h\u00e4ngt, das ist f\u00fcr viele Kranbetreiber wichtig: Waren abwiegen und an Kunden berechnen, LKWs beladen, Produktionsanlagen mit abgewogenem Material beschicken, Sicherheitsvorschriften f\u00fcr Lasten einhalten oder das Gewicht von Containern ermitteln \u2013 h\u00e4ufig ist die ABUS W\u00e4geunterflasche die wirtschaftlich vorteilhafte L\u00f6sung.<\/p>\n","protected":false},"featured_media":3429,"template":"","meta":{"_acf_changed":false,"inline_featured_image":false},"product_brand":[],"product_cat":[118],"product_tag":[],"class_list":{"0":"post-3428","1":"product","2":"type-product","3":"status-publish","4":"has-post-thumbnail","6":"product_cat-komponenten-zubehoer","8":"first","9":"instock","10":"shipping-taxable","11":"product-type-simple"},"acf":[],"yoast_head":"<!-- This site is optimized with the Yoast SEO plugin v27.5 - https:\/\/yoast.com\/product\/yoast-seo-wordpress\/ -->\n<title>ABUS Geeichte W\u00e4geunterflasche - ASTAM<\/title>\n<meta name=\"description\" content=\"Zu wissen, was am Haken h\u00e4ngt, das ist f\u00fcr viele Kranbetreiber wichtig: Waren abwiegen und an Kunden berechnen, LKWs beladen, Produktionsanlagen mit abgewogenem Material beschicken, Sicherheitsvorschriften f\u00fcr Lasten einhalten oder das Gewicht von Containern ermitteln \u2013 h\u00e4ufig ist die ABUS W\u00e4geunterflasche die wirtschaftlich vorteilhafte L\u00f6sung.\" \/>\n<meta name=\"robots\" content=\"index, follow, max-snippet:-1, max-image-preview:large, max-video-preview:-1\" \/>\n<link rel=\"canonical\" href=\"https:\/\/www.astam.at\/en\/leistungen\/krananlagen\/abus\/hebezeuge\/komponenten-zubehoer\/geeichte-waegeunterflasche\/\" \/>\n<meta property=\"og:locale\" content=\"en_US\" \/>\n<meta property=\"og:type\" content=\"article\" \/>\n<meta property=\"og:title\" content=\"ABUS Geeichte W\u00e4geunterflasche - ASTAM\" \/>\n<meta property=\"og:description\" content=\"Zu wissen, was am Haken h\u00e4ngt, das ist f\u00fcr viele Kranbetreiber wichtig: Waren abwiegen und an Kunden berechnen, LKWs beladen, Produktionsanlagen mit abgewogenem Material beschicken, Sicherheitsvorschriften f\u00fcr Lasten einhalten oder das Gewicht von Containern ermitteln \u2013 h\u00e4ufig ist die ABUS W\u00e4geunterflasche die wirtschaftlich vorteilhafte L\u00f6sung.\" \/>\n<meta property=\"og:url\" content=\"https:\/\/www.astam.at\/en\/leistungen\/krananlagen\/abus\/hebezeuge\/komponenten-zubehoer\/geeichte-waegeunterflasche\/\" \/>\n<meta property=\"og:site_name\" content=\"ASTAM\" \/>\n<meta property=\"article:publisher\" content=\"https:\/\/www.facebook.com\/pg\/ASTAM-Gmbh-572405462791301\/posts\/\" \/>\n<meta property=\"article:modified_time\" content=\"2022-09-28T06:37:58+00:00\" \/>\n<meta property=\"og:image\" content=\"https:\/\/www.astam.at\/wp-content\/uploads\/2022\/09\/AZ-Waegeunterflasche-2rollig-frei_960x640.png\" \/>\n\t<meta property=\"og:image:width\" content=\"500\" \/>\n\t<meta property=\"og:image:height\" content=\"400\" \/>\n\t<meta property=\"og:image:type\" content=\"image\/png\" \/>\n<meta name=\"twitter:card\" content=\"summary_large_image\" \/>\n<meta name=\"twitter:label1\" content=\"Est. reading time\" \/>\n\t<meta name=\"twitter:data1\" content=\"2 minutes\" \/>\n<!-- \/ Yoast SEO plugin. -->","yoast_head_json":{"title":"ABUS Geeichte W\u00e4geunterflasche - ASTAM","description":"Zu wissen, was am Haken h\u00e4ngt, das ist f\u00fcr viele Kranbetreiber wichtig: Waren abwiegen und an Kunden berechnen, LKWs beladen, Produktionsanlagen mit abgewogenem Material beschicken, Sicherheitsvorschriften f\u00fcr Lasten einhalten oder das Gewicht von Containern ermitteln \u2013 h\u00e4ufig ist die ABUS W\u00e4geunterflasche die wirtschaftlich vorteilhafte L\u00f6sung.","robots":{"index":"index","follow":"follow","max-snippet":"max-snippet:-1","max-image-preview":"max-image-preview:large","max-video-preview":"max-video-preview:-1"},"canonical":"https:\/\/www.astam.at\/en\/leistungen\/krananlagen\/abus\/hebezeuge\/komponenten-zubehoer\/geeichte-waegeunterflasche\/","og_locale":"en_US","og_type":"article","og_title":"ABUS Geeichte W\u00e4geunterflasche - ASTAM","og_description":"Zu wissen, was am Haken h\u00e4ngt, das ist f\u00fcr viele Kranbetreiber wichtig: Waren abwiegen und an Kunden berechnen, LKWs beladen, Produktionsanlagen mit abgewogenem Material beschicken, Sicherheitsvorschriften f\u00fcr Lasten einhalten oder das Gewicht von Containern ermitteln \u2013 h\u00e4ufig ist die ABUS W\u00e4geunterflasche die wirtschaftlich vorteilhafte L\u00f6sung.","og_url":"https:\/\/www.astam.at\/en\/leistungen\/krananlagen\/abus\/hebezeuge\/komponenten-zubehoer\/geeichte-waegeunterflasche\/","og_site_name":"ASTAM","article_publisher":"https:\/\/www.facebook.com\/pg\/ASTAM-Gmbh-572405462791301\/posts\/","article_modified_time":"2022-09-28T06:37:58+00:00","og_image":[{"width":500,"height":400,"url":"https:\/\/www.astam.at\/wp-content\/uploads\/2022\/09\/AZ-Waegeunterflasche-2rollig-frei_960x640.png","type":"image\/png"}],"twitter_card":"summary_large_image","twitter_misc":{"Est. reading time":"2 minutes"},"schema":{"@context":"https:\/\/schema.org","@graph":[{"@type":"WebPage","@id":"https:\/\/www.astam.at\/en\/leistungen\/krananlagen\/abus\/hebezeuge\/komponenten-zubehoer\/geeichte-waegeunterflasche\/","url":"https:\/\/www.astam.at\/en\/leistungen\/krananlagen\/abus\/hebezeuge\/komponenten-zubehoer\/geeichte-waegeunterflasche\/","name":"ABUS Geeichte W\u00e4geunterflasche - ASTAM","isPartOf":{"@id":"https:\/\/www.astam.at\/en\/#website"},"primaryImageOfPage":{"@id":"https:\/\/www.astam.at\/en\/leistungen\/krananlagen\/abus\/hebezeuge\/komponenten-zubehoer\/geeichte-waegeunterflasche\/#primaryimage"},"image":{"@id":"https:\/\/www.astam.at\/en\/leistungen\/krananlagen\/abus\/hebezeuge\/komponenten-zubehoer\/geeichte-waegeunterflasche\/#primaryimage"},"thumbnailUrl":"https:\/\/www.astam.at\/wp-content\/uploads\/2022\/09\/AZ-Waegeunterflasche-2rollig-frei_960x640.png","datePublished":"2022-09-28T06:30:44+00:00","dateModified":"2022-09-28T06:37:58+00:00","description":"Zu wissen, was am Haken h\u00e4ngt, das ist f\u00fcr viele Kranbetreiber wichtig: Waren abwiegen und an Kunden berechnen, LKWs beladen, Produktionsanlagen mit abgewogenem Material beschicken, Sicherheitsvorschriften f\u00fcr Lasten einhalten oder das Gewicht von Containern ermitteln \u2013 h\u00e4ufig ist die ABUS W\u00e4geunterflasche die wirtschaftlich vorteilhafte L\u00f6sung.","breadcrumb":{"@id":"https:\/\/www.astam.at\/en\/leistungen\/krananlagen\/abus\/hebezeuge\/komponenten-zubehoer\/geeichte-waegeunterflasche\/#breadcrumb"},"inLanguage":"en-US","potentialAction":[{"@type":"ReadAction","target":["https:\/\/www.astam.at\/en\/leistungen\/krananlagen\/abus\/hebezeuge\/komponenten-zubehoer\/geeichte-waegeunterflasche\/"]}]},{"@type":"ImageObject","inLanguage":"en-US","@id":"https:\/\/www.astam.at\/en\/leistungen\/krananlagen\/abus\/hebezeuge\/komponenten-zubehoer\/geeichte-waegeunterflasche\/#primaryimage","url":"https:\/\/www.astam.at\/wp-content\/uploads\/2022\/09\/AZ-Waegeunterflasche-2rollig-frei_960x640.png","contentUrl":"https:\/\/www.astam.at\/wp-content\/uploads\/2022\/09\/AZ-Waegeunterflasche-2rollig-frei_960x640.png","width":500,"height":400},{"@type":"BreadcrumbList","@id":"https:\/\/www.astam.at\/en\/leistungen\/krananlagen\/abus\/hebezeuge\/komponenten-zubehoer\/geeichte-waegeunterflasche\/#breadcrumb","itemListElement":[{"@type":"ListItem","position":1,"name":"Startseite","item":"https:\/\/www.astam.at\/en\/"},{"@type":"ListItem","position":2,"name":"ABUS","item":"https:\/\/www.astam.at\/leistungen\/krananlagen\/abus\/"},{"@type":"ListItem","position":3,"name":"Geeichte W\u00e4geunterflasche"}]},{"@type":"WebSite","@id":"https:\/\/www.astam.at\/en\/#website","url":"https:\/\/www.astam.at\/en\/","name":"ASTAM","description":"Maschinen- Stahl und Anlagenbau, Krananlagen","publisher":{"@id":"https:\/\/www.astam.at\/en\/#organization"},"potentialAction":[{"@type":"SearchAction","target":{"@type":"EntryPoint","urlTemplate":"https:\/\/www.astam.at\/en\/?s={search_term_string}"},"query-input":{"@type":"PropertyValueSpecification","valueRequired":true,"valueName":"search_term_string"}}],"inLanguage":"en-US"},{"@type":"Organization","@id":"https:\/\/www.astam.at\/en\/#organization","name":"ASTAM Allgemeine Stahl-, Anlagen- und Maschinenbau Ges.m.b.H.","url":"https:\/\/www.astam.at\/en\/","logo":{"@type":"ImageObject","inLanguage":"en-US","@id":"https:\/\/www.astam.at\/en\/#\/schema\/logo\/image\/","url":"https:\/\/www.astam.at\/wp-content\/uploads\/2020\/07\/astam_logo_freigestellt.png","contentUrl":"https:\/\/www.astam.at\/wp-content\/uploads\/2020\/07\/astam_logo_freigestellt.png","width":2318,"height":329,"caption":"ASTAM Allgemeine Stahl-, Anlagen- und Maschinenbau Ges.m.b.H."},"image":{"@id":"https:\/\/www.astam.at\/en\/#\/schema\/logo\/image\/"},"sameAs":["https:\/\/www.facebook.com\/pg\/ASTAM-Gmbh-572405462791301\/posts\/"]}]}},"_links":{"self":[{"href":"https:\/\/www.astam.at\/en\/wp-json\/wp\/v2\/product\/3428","targetHints":{"allow":["GET"]}}],"collection":[{"href":"https:\/\/www.astam.at\/en\/wp-json\/wp\/v2\/product"}],"about":[{"href":"https:\/\/www.astam.at\/en\/wp-json\/wp\/v2\/types\/product"}],"wp:featuredmedia":[{"embeddable":true,"href":"https:\/\/www.astam.at\/en\/wp-json\/wp\/v2\/media\/3429"}],"wp:attachment":[{"href":"https:\/\/www.astam.at\/en\/wp-json\/wp\/v2\/media?parent=3428"}],"wp:term":[{"taxonomy":"product_brand","embeddable":true,"href":"https:\/\/www.astam.at\/en\/wp-json\/wp\/v2\/product_brand?post=3428"},{"taxonomy":"product_cat","embeddable":true,"href":"https:\/\/www.astam.at\/en\/wp-json\/wp\/v2\/product_cat?post=3428"},{"taxonomy":"product_tag","embeddable":true,"href":"https:\/\/www.astam.at\/en\/wp-json\/wp\/v2\/product_tag?post=3428"}],"curies":[{"name":"wp","href":"https:\/\/api.w.org\/{rel}","templated":true}]}}