{"id":3439,"date":"2022-09-28T08:38:50","date_gmt":"2022-09-28T06:38:50","guid":{"rendered":"https:\/\/www.astam.at\/?post_type=product&#038;p=3439"},"modified":"2022-09-28T08:46:01","modified_gmt":"2022-09-28T06:46:01","slug":"led-beleuchtung","status":"publish","type":"product","link":"https:\/\/www.astam.at\/en\/leistungen\/krananlagen\/abus\/hebezeuge\/komponenten-zubehoer\/led-beleuchtung\/","title":{"rendered":"LED-Beleuchtung"},"content":{"rendered":"<p><strong>Auf einen Blick<\/strong><\/p>\n<ul>\n<li>Sofortige Helligkeit<\/li>\n<li>Arbeitstemperatur: -30\u00b0C &#8211; +50\u00b0C<\/li>\n<li>Eingangsspannung: AC 100 &#8211; 240 V, 50 \/ 60 Hz<\/li>\n<li>Schutzklasse IP 55<\/li>\n<li>Farbtemperatur 5000 K<\/li>\n<li>\u00dcber 50.000 Stunden Lebensdauer<\/li>\n<li>\u00dcber 100.000 Schaltzyklen<\/li>\n<li>Energieeffizienzklasse A+<\/li>\n<\/ul>\n<hr \/>\n<p><strong>Lieferumfang:<\/strong><br \/>\nLED-Beleuchtung inkl. Schalt\u00adelement in der Steuereinrichtung des Krans und der notwendigen Anzahl an Trafos fertig verkabelt und montiert.<\/p>\n<p><strong>Messbereich:<\/strong><br \/>\nKranbahnfl\u00e4che plus 1,5 m in der Breite; minus 1,0 m in der L\u00e4nge; H\u00f6he \u00fcber Boden 0,25 m<\/p>\n<p><strong>Hinweis zur Orientierung:<\/strong><br \/>\naus der Arbeitsst\u00e4ttenrichtlinie ASR &#8211; A3.4:\u00a0Verkehrsfl\u00e4chen 150 lx, Verpackungsbereiche 300 lx,\u00a0\u00a0Laboratorien 500 lx<\/p>\n<p><strong>Hinweis:<\/strong><br \/>\nWir gehen davon aus, dass die Beleuchtung am Kran\u00a0nur als Ausgleich f\u00fcr den Schattenwurf des Krans dient\u00a0(der Kran also unter der Hallenbeleuchtung steht) und empfehlen daher eine Beleuchtung von 200 lx im Mittel. Sollte es aus Vorschriften wie der ASR o.\u00e4. notwendig werden, dass eine h\u00f6here Beleuch\u00adtungsst\u00e4rke erforderlich ist, finden Sie auf der Folgeseite noch 300 lx bzw. 500 lx im\u00a0Mittel angegeben. Falls die Beleuchtung des Krans in\u00a0Bereichen ohne Fremdbeleuchtung genutzt wird oder Sie eine h\u00f6here Beleuchtungs\u00adst\u00e4rke ben\u00f6tigen, nehmen Sie bitte mit uns Kontakt auf.<\/p>\n<p>&nbsp;<\/p>\n<p>&nbsp;<\/p>\n<p>&nbsp;<\/p>\n<p>&nbsp;<\/p>\n<p>&nbsp;<\/p>\n<p>&nbsp;<\/p>\n","protected":false},"excerpt":{"rendered":"<p>LED-Beleuchtung inkl. Schalt\u00adelement in der Steuereinrichtung des Krans und der notwendigen Anzahl an Trafos fertig verkabelt und montiert.<\/p>\n","protected":false},"featured_media":3441,"template":"","meta":{"_acf_changed":false,"inline_featured_image":false},"product_brand":[],"product_cat":[118],"product_tag":[],"class_list":{"0":"post-3439","1":"product","2":"type-product","3":"status-publish","4":"has-post-thumbnail","6":"product_cat-komponenten-zubehoer","8":"first","9":"instock","10":"shipping-taxable","11":"product-type-simple"},"acf":[],"yoast_head":"<!-- This site is optimized with the Yoast SEO plugin v27.5 - https:\/\/yoast.com\/product\/yoast-seo-wordpress\/ -->\n<title>ABUS LED-Beleuchtung - ASTAM<\/title>\n<meta name=\"description\" content=\"Zu wissen, was am Haken h\u00e4ngt, das ist f\u00fcr viele Kranbetreiber wichtig: Waren abwiegen und an Kunden berechnen, LKWs beladen, Produktionsanlagen mit abgewogenem Material beschicken, Sicherheitsvorschriften f\u00fcr Lasten einhalten oder das Gewicht von Containern ermitteln \u2013 h\u00e4ufig ist die ABUS W\u00e4geunterflasche die wirtschaftlich vorteilhafte L\u00f6sung.\" \/>\n<meta name=\"robots\" content=\"index, follow, max-snippet:-1, max-image-preview:large, max-video-preview:-1\" \/>\n<link rel=\"canonical\" href=\"https:\/\/www.astam.at\/en\/leistungen\/krananlagen\/abus\/hebezeuge\/komponenten-zubehoer\/led-beleuchtung\/\" \/>\n<meta property=\"og:locale\" content=\"en_US\" \/>\n<meta property=\"og:type\" content=\"article\" \/>\n<meta property=\"og:title\" content=\"ABUS LED-Beleuchtung - ASTAM\" \/>\n<meta property=\"og:description\" content=\"Zu wissen, was am Haken h\u00e4ngt, das ist f\u00fcr viele Kranbetreiber wichtig: Waren abwiegen und an Kunden berechnen, LKWs beladen, Produktionsanlagen mit abgewogenem Material beschicken, Sicherheitsvorschriften f\u00fcr Lasten einhalten oder das Gewicht von Containern ermitteln \u2013 h\u00e4ufig ist die ABUS W\u00e4geunterflasche die wirtschaftlich vorteilhafte L\u00f6sung.\" \/>\n<meta property=\"og:url\" content=\"https:\/\/www.astam.at\/en\/leistungen\/krananlagen\/abus\/hebezeuge\/komponenten-zubehoer\/led-beleuchtung\/\" \/>\n<meta property=\"og:site_name\" content=\"ASTAM\" \/>\n<meta property=\"article:publisher\" content=\"https:\/\/www.facebook.com\/pg\/ASTAM-Gmbh-572405462791301\/posts\/\" \/>\n<meta property=\"article:modified_time\" content=\"2022-09-28T06:46:01+00:00\" \/>\n<meta property=\"og:image\" content=\"https:\/\/www.astam.at\/wp-content\/uploads\/2022\/09\/AZ-LED-Lichtline.png\" \/>\n\t<meta property=\"og:image:width\" content=\"500\" \/>\n\t<meta property=\"og:image:height\" content=\"400\" \/>\n\t<meta property=\"og:image:type\" content=\"image\/png\" \/>\n<meta name=\"twitter:card\" content=\"summary_large_image\" \/>\n<meta name=\"twitter:label1\" content=\"Est. reading time\" \/>\n\t<meta name=\"twitter:data1\" content=\"1 minute\" \/>\n<!-- \/ Yoast SEO plugin. -->","yoast_head_json":{"title":"ABUS LED-Beleuchtung - ASTAM","description":"Zu wissen, was am Haken h\u00e4ngt, das ist f\u00fcr viele Kranbetreiber wichtig: Waren abwiegen und an Kunden berechnen, LKWs beladen, Produktionsanlagen mit abgewogenem Material beschicken, Sicherheitsvorschriften f\u00fcr Lasten einhalten oder das Gewicht von Containern ermitteln \u2013 h\u00e4ufig ist die ABUS W\u00e4geunterflasche die wirtschaftlich vorteilhafte L\u00f6sung.","robots":{"index":"index","follow":"follow","max-snippet":"max-snippet:-1","max-image-preview":"max-image-preview:large","max-video-preview":"max-video-preview:-1"},"canonical":"https:\/\/www.astam.at\/en\/leistungen\/krananlagen\/abus\/hebezeuge\/komponenten-zubehoer\/led-beleuchtung\/","og_locale":"en_US","og_type":"article","og_title":"ABUS LED-Beleuchtung - ASTAM","og_description":"Zu wissen, was am Haken h\u00e4ngt, das ist f\u00fcr viele Kranbetreiber wichtig: Waren abwiegen und an Kunden berechnen, LKWs beladen, Produktionsanlagen mit abgewogenem Material beschicken, Sicherheitsvorschriften f\u00fcr Lasten einhalten oder das Gewicht von Containern ermitteln \u2013 h\u00e4ufig ist die ABUS W\u00e4geunterflasche die wirtschaftlich vorteilhafte L\u00f6sung.","og_url":"https:\/\/www.astam.at\/en\/leistungen\/krananlagen\/abus\/hebezeuge\/komponenten-zubehoer\/led-beleuchtung\/","og_site_name":"ASTAM","article_publisher":"https:\/\/www.facebook.com\/pg\/ASTAM-Gmbh-572405462791301\/posts\/","article_modified_time":"2022-09-28T06:46:01+00:00","og_image":[{"width":500,"height":400,"url":"https:\/\/www.astam.at\/wp-content\/uploads\/2022\/09\/AZ-LED-Lichtline.png","type":"image\/png"}],"twitter_card":"summary_large_image","twitter_misc":{"Est. reading time":"1 minute"},"schema":{"@context":"https:\/\/schema.org","@graph":[{"@type":"WebPage","@id":"https:\/\/www.astam.at\/en\/leistungen\/krananlagen\/abus\/hebezeuge\/komponenten-zubehoer\/led-beleuchtung\/","url":"https:\/\/www.astam.at\/en\/leistungen\/krananlagen\/abus\/hebezeuge\/komponenten-zubehoer\/led-beleuchtung\/","name":"ABUS LED-Beleuchtung - ASTAM","isPartOf":{"@id":"https:\/\/www.astam.at\/en\/#website"},"primaryImageOfPage":{"@id":"https:\/\/www.astam.at\/en\/leistungen\/krananlagen\/abus\/hebezeuge\/komponenten-zubehoer\/led-beleuchtung\/#primaryimage"},"image":{"@id":"https:\/\/www.astam.at\/en\/leistungen\/krananlagen\/abus\/hebezeuge\/komponenten-zubehoer\/led-beleuchtung\/#primaryimage"},"thumbnailUrl":"https:\/\/www.astam.at\/wp-content\/uploads\/2022\/09\/AZ-LED-Lichtline.png","datePublished":"2022-09-28T06:38:50+00:00","dateModified":"2022-09-28T06:46:01+00:00","description":"Zu wissen, was am Haken h\u00e4ngt, das ist f\u00fcr viele Kranbetreiber wichtig: Waren abwiegen und an Kunden berechnen, LKWs beladen, Produktionsanlagen mit abgewogenem Material beschicken, Sicherheitsvorschriften f\u00fcr Lasten einhalten oder das Gewicht von Containern ermitteln \u2013 h\u00e4ufig ist die ABUS W\u00e4geunterflasche die wirtschaftlich vorteilhafte L\u00f6sung.","breadcrumb":{"@id":"https:\/\/www.astam.at\/en\/leistungen\/krananlagen\/abus\/hebezeuge\/komponenten-zubehoer\/led-beleuchtung\/#breadcrumb"},"inLanguage":"en-US","potentialAction":[{"@type":"ReadAction","target":["https:\/\/www.astam.at\/en\/leistungen\/krananlagen\/abus\/hebezeuge\/komponenten-zubehoer\/led-beleuchtung\/"]}]},{"@type":"ImageObject","inLanguage":"en-US","@id":"https:\/\/www.astam.at\/en\/leistungen\/krananlagen\/abus\/hebezeuge\/komponenten-zubehoer\/led-beleuchtung\/#primaryimage","url":"https:\/\/www.astam.at\/wp-content\/uploads\/2022\/09\/AZ-LED-Lichtline.png","contentUrl":"https:\/\/www.astam.at\/wp-content\/uploads\/2022\/09\/AZ-LED-Lichtline.png","width":500,"height":400},{"@type":"BreadcrumbList","@id":"https:\/\/www.astam.at\/en\/leistungen\/krananlagen\/abus\/hebezeuge\/komponenten-zubehoer\/led-beleuchtung\/#breadcrumb","itemListElement":[{"@type":"ListItem","position":1,"name":"Startseite","item":"https:\/\/www.astam.at\/en\/"},{"@type":"ListItem","position":2,"name":"ABUS","item":"https:\/\/www.astam.at\/leistungen\/krananlagen\/abus\/"},{"@type":"ListItem","position":3,"name":"LED-Beleuchtung"}]},{"@type":"WebSite","@id":"https:\/\/www.astam.at\/en\/#website","url":"https:\/\/www.astam.at\/en\/","name":"ASTAM","description":"Maschinen- Stahl und Anlagenbau, Krananlagen","publisher":{"@id":"https:\/\/www.astam.at\/en\/#organization"},"potentialAction":[{"@type":"SearchAction","target":{"@type":"EntryPoint","urlTemplate":"https:\/\/www.astam.at\/en\/?s={search_term_string}"},"query-input":{"@type":"PropertyValueSpecification","valueRequired":true,"valueName":"search_term_string"}}],"inLanguage":"en-US"},{"@type":"Organization","@id":"https:\/\/www.astam.at\/en\/#organization","name":"ASTAM Allgemeine Stahl-, Anlagen- und Maschinenbau Ges.m.b.H.","url":"https:\/\/www.astam.at\/en\/","logo":{"@type":"ImageObject","inLanguage":"en-US","@id":"https:\/\/www.astam.at\/en\/#\/schema\/logo\/image\/","url":"https:\/\/www.astam.at\/wp-content\/uploads\/2020\/07\/astam_logo_freigestellt.png","contentUrl":"https:\/\/www.astam.at\/wp-content\/uploads\/2020\/07\/astam_logo_freigestellt.png","width":2318,"height":329,"caption":"ASTAM Allgemeine Stahl-, Anlagen- und Maschinenbau Ges.m.b.H."},"image":{"@id":"https:\/\/www.astam.at\/en\/#\/schema\/logo\/image\/"},"sameAs":["https:\/\/www.facebook.com\/pg\/ASTAM-Gmbh-572405462791301\/posts\/"]}]}},"_links":{"self":[{"href":"https:\/\/www.astam.at\/en\/wp-json\/wp\/v2\/product\/3439","targetHints":{"allow":["GET"]}}],"collection":[{"href":"https:\/\/www.astam.at\/en\/wp-json\/wp\/v2\/product"}],"about":[{"href":"https:\/\/www.astam.at\/en\/wp-json\/wp\/v2\/types\/product"}],"wp:featuredmedia":[{"embeddable":true,"href":"https:\/\/www.astam.at\/en\/wp-json\/wp\/v2\/media\/3441"}],"wp:attachment":[{"href":"https:\/\/www.astam.at\/en\/wp-json\/wp\/v2\/media?parent=3439"}],"wp:term":[{"taxonomy":"product_brand","embeddable":true,"href":"https:\/\/www.astam.at\/en\/wp-json\/wp\/v2\/product_brand?post=3439"},{"taxonomy":"product_cat","embeddable":true,"href":"https:\/\/www.astam.at\/en\/wp-json\/wp\/v2\/product_cat?post=3439"},{"taxonomy":"product_tag","embeddable":true,"href":"https:\/\/www.astam.at\/en\/wp-json\/wp\/v2\/product_tag?post=3439"}],"curies":[{"name":"wp","href":"https:\/\/api.w.org\/{rel}","templated":true}]}}